{"id":15399,"date":"2025-02-21T10:54:41","date_gmt":"2025-02-21T07:54:41","guid":{"rendered":"https:\/\/ceoparts.com\/?post_type=product&#038;p=15399"},"modified":"2026-05-16T23:11:42","modified_gmt":"2026-05-16T20:11:42","slug":"linde-tutamak-sol-0039310819","status":"publish","type":"product","link":"https:\/\/ceoparts.com\/es\/urun\/linde-tutamak-sol-0039310819\/","title":{"rendered":"Mango izquierdo Linde &#8211; 0039310819"},"content":{"rendered":"<p>Mango izquierdo Linde &#8211; 0039310819<\/p>","protected":false},"excerpt":{"rendered":"<p data-start=\"0\" data-end=\"404\"><br data-start=\"4160\" data-end=\"4163\" \/>El mango izquierdo Linde \u2013 0039310819 es una pieza resistente y duradera dise\u00f1ada para mejorar la comodidad del operador de montacargas y proporcionar un manejo controlado. Fabricado con materiales de alta calidad, ofrece un uso prolongado y resistencia al desgaste. Este mango se encuentra en el lado izquierdo del montacargas y cuenta con un dise\u00f1o ergon\u00f3mico que facilita el agarre del operador, garantizando una operaci\u00f3n segura y c\u00f3moda.<\/p>\n<p data-start=\"4607\" data-end=\"4864\"><strong data-start=\"4607\" data-end=\"4627\">Caracter\u00edsticas:<\/strong><br data-start=\"4627\" data-end=\"4630\" \/><strong data-start=\"4630\" data-end=\"4643\">Posici\u00f3n:<\/strong> Lado izquierdo<br data-start=\"4658\" data-end=\"4661\" \/><strong data-start=\"4661\" data-end=\"4674\">Material:<\/strong> Pl\u00e1stico duradero y de alta calidad<br data-start=\"4710\" data-end=\"4713\" \/><strong data-start=\"4713\" data-end=\"4728\">Aplicaci\u00f3n:<\/strong> Mango para operador<br data-start=\"4748\" data-end=\"4751\" \/><strong data-start=\"4751\" data-end=\"4765\">Ergonom\u00eda:<\/strong> Proporciona un agarre c\u00f3modo y seguro<br data-start=\"4803\" data-end=\"4806\" \/><strong data-start=\"4806\" data-end=\"4822\">Durabilidad:<\/strong> Larga duraci\u00f3n y resistente al desgaste<\/p>\n<p data-start=\"4866\" data-end=\"4869\" data-is-last-node=\"\" data-is-only-node=\"\">\n","protected":false},"featured_media":15401,"template":"","meta":[],"product_brand":[],"product_cat":[246,470,523],"product_tag":[],"class_list":{"0":"post-15399","1":"product","2":"type-product","3":"status-publish","4":"has-post-thumbnail","6":"product_cat-linde","7":"product_cat-diger-yedek-parcalar","8":"product_cat-yedek-parca-linde","10":"first","11":"instock","12":"taxable","13":"shipping-taxable","14":"purchasable","15":"product-type-simple"},"_links":{"self":[{"href":"https:\/\/ceoparts.com\/es\/wp-json\/wp\/v2\/product\/15399","targetHints":{"allow":["GET"]}}],"collection":[{"href":"https:\/\/ceoparts.com\/es\/wp-json\/wp\/v2\/product"}],"about":[{"href":"https:\/\/ceoparts.com\/es\/wp-json\/wp\/v2\/types\/product"}],"wp:featuredmedia":[{"embeddable":true,"href":"https:\/\/ceoparts.com\/es\/wp-json\/wp\/v2\/media\/15401"}],"wp:attachment":[{"href":"https:\/\/ceoparts.com\/es\/wp-json\/wp\/v2\/media?parent=15399"}],"wp:term":[{"taxonomy":"product_brand","embeddable":true,"href":"https:\/\/ceoparts.com\/es\/wp-json\/wp\/v2\/product_brand?post=15399"},{"taxonomy":"product_cat","embeddable":true,"href":"https:\/\/ceoparts.com\/es\/wp-json\/wp\/v2\/product_cat?post=15399"},{"taxonomy":"product_tag","embeddable":true,"href":"https:\/\/ceoparts.com\/es\/wp-json\/wp\/v2\/product_tag?post=15399"}],"curies":[{"name":"wp","href":"https:\/\/api.w.org\/{rel}","templated":true}]}}