{"id":15412,"date":"2025-02-21T11:55:22","date_gmt":"2025-02-21T08:55:22","guid":{"rendered":"https:\/\/ceoparts.com\/?post_type=product&#038;p=15412"},"modified":"2026-05-16T17:10:46","modified_gmt":"2026-05-16T14:10:46","slug":"linde-tutamak-sag-0039310820","status":"publish","type":"product","link":"https:\/\/ceoparts.com\/es\/urun\/linde-tutamak-sag-0039310820\/","title":{"rendered":"Mango derecho Linde &#8211; 0039310820"},"content":{"rendered":"<p>Mango derecho Linde &#8211; 0039310820<\/p>","protected":false},"excerpt":{"rendered":"<p data-start=\"0\" data-end=\"387\"><br data-start=\"4009\" data-end=\"4012\" \/>El mango derecho Linde \u2013 0039310820 es una pieza resistente y duradera dise\u00f1ada para mejorar la comodidad del operador de montacargas y proporcionar un manejo controlado. Fabricado con materiales de alta calidad, ofrece un uso prolongado. Este mango se encuentra en el lado derecho del montacargas y cuenta con un dise\u00f1o ergon\u00f3mico que facilita el agarre del operador, contribuyendo a una operaci\u00f3n segura.<\/p>\n<p data-start=\"4420\" data-end=\"4675\"><strong data-start=\"4420\" data-end=\"4440\">Caracter\u00edsticas:<\/strong><br data-start=\"4440\" data-end=\"4443\" \/><strong data-start=\"4443\" data-end=\"4456\">Posici\u00f3n:<\/strong> Lado derecho<br data-start=\"4469\" data-end=\"4472\" \/><strong data-start=\"4472\" data-end=\"4485\">Material:<\/strong> Pl\u00e1stico duradero y de alta calidad<br data-start=\"4521\" data-end=\"4524\" \/><strong data-start=\"4524\" data-end=\"4539\">Aplicaci\u00f3n:<\/strong> Mango para operador<br data-start=\"4559\" data-end=\"4562\" \/><strong data-start=\"4562\" data-end=\"4576\">Ergonom\u00eda:<\/strong> Proporciona un agarre c\u00f3modo y seguro<br data-start=\"4614\" data-end=\"4617\" \/><strong data-start=\"4617\" data-end=\"4633\">Durabilidad:<\/strong> Larga duraci\u00f3n y resistente al desgaste<\/p>\n<p data-start=\"4677\" data-end=\"4680\" data-is-last-node=\"\" data-is-only-node=\"\">\n","protected":false},"featured_media":15407,"template":"","meta":[],"product_brand":[],"product_cat":[246,470,523],"product_tag":[],"class_list":{"0":"post-15412","1":"product","2":"type-product","3":"status-publish","4":"has-post-thumbnail","6":"product_cat-linde","7":"product_cat-diger-yedek-parcalar","8":"product_cat-yedek-parca-linde","10":"first","11":"instock","12":"taxable","13":"shipping-taxable","14":"purchasable","15":"product-type-simple"},"_links":{"self":[{"href":"https:\/\/ceoparts.com\/es\/wp-json\/wp\/v2\/product\/15412","targetHints":{"allow":["GET"]}}],"collection":[{"href":"https:\/\/ceoparts.com\/es\/wp-json\/wp\/v2\/product"}],"about":[{"href":"https:\/\/ceoparts.com\/es\/wp-json\/wp\/v2\/types\/product"}],"wp:featuredmedia":[{"embeddable":true,"href":"https:\/\/ceoparts.com\/es\/wp-json\/wp\/v2\/media\/15407"}],"wp:attachment":[{"href":"https:\/\/ceoparts.com\/es\/wp-json\/wp\/v2\/media?parent=15412"}],"wp:term":[{"taxonomy":"product_brand","embeddable":true,"href":"https:\/\/ceoparts.com\/es\/wp-json\/wp\/v2\/product_brand?post=15412"},{"taxonomy":"product_cat","embeddable":true,"href":"https:\/\/ceoparts.com\/es\/wp-json\/wp\/v2\/product_cat?post=15412"},{"taxonomy":"product_tag","embeddable":true,"href":"https:\/\/ceoparts.com\/es\/wp-json\/wp\/v2\/product_tag?post=15412"}],"curies":[{"name":"wp","href":"https:\/\/api.w.org\/{rel}","templated":true}]}}