{"id":15480,"date":"2025-02-26T17:38:37","date_gmt":"2025-02-26T14:38:37","guid":{"rendered":"https:\/\/ceoparts.com\/?post_type=product&#038;p=15480"},"modified":"2026-05-16T12:54:10","modified_gmt":"2026-05-16T09:54:10","slug":"213x70-142-still-ech-yuruyus-tekeri-0009934064","status":"publish","type":"product","link":"https:\/\/ceoparts.com\/es\/urun\/213x70-142-still-ech-yuruyus-tekeri-0009934064\/","title":{"rendered":"213&#215;70-142 Still ECH Rueda de marcha &#8211; 0009934064"},"content":{"rendered":"<p>213&#215;70-142 Still ECH Rueda de marcha &#8211; 0009934064<\/p>\n<p>213&#215;70-142<\/p>\n<p>Linde 0009934064<\/p>\n<p>EP Forklift ZL1021000000<\/p>\n<p>Linde MT15 serii 1133-03<\/p>\n<p>EP EPT20-15ET2<\/p>\n<p>EP F4<\/p>","protected":false},"excerpt":{"rendered":"<article class=\"text-token-text-primary w-full\" dir=\"auto\" data-testid=\"conversation-turn-449\" data-scroll-anchor=\"true\">\n<div class=\"text-base my-auto mx-auto py-5 [--thread-content-margin:--spacing(4)] @[37rem]:[--thread-content-margin:--spacing(6)] @[72rem]:[--thread-content-margin:--spacing(16)] px-(--thread-content-margin)\">\n<div class=\"[--thread-content-max-width:32rem] @[34rem]:[--thread-content-max-width:40rem] @[64rem]:[--thread-content-max-width:48rem] mx-auto flex max-w-(--thread-content-max-width) flex-1 text-base gap-4 md:gap-5 lg:gap-6 group\/turn-messages focus-visible:outline-hidden\" tabindex=\"-1\">\n<div class=\"group\/conversation-turn relative flex w-full min-w-0 flex-col agent-turn\">\n<div class=\"relative flex-col gap-1 md:gap-3\">\n<div class=\"flex max-w-full flex-col grow\">\n<div class=\"min-h-8 text-message relative flex w-full flex-col items-end gap-2 text-start break-words whitespace-normal [.text-message+&amp;]:mt-5\" dir=\"auto\" data-message-author-role=\"assistant\" data-message-id=\"30f82520-adbb-454d-9ea2-92ffc6a4e4f7\" data-message-model-slug=\"gpt-4-1-mini\">\n<div class=\"flex w-full flex-col gap-1 empty:hidden first:pt-[3px]\">\n<div class=\"markdown prose dark:prose-invert w-full break-words light\">\n<p data-start=\"0\" data-end=\"403\"><br data-start=\"3846\" data-end=\"3849\" \/>La rueda motriz Still ECH 213\u00d770-142 \u2013 0009934064 est\u00e1 dise\u00f1ada espec\u00edficamente para montacargas modelo Still ECH, proporcionando confiabilidad gracias a su alta durabilidad y rendimiento superior. Fabricada en material Vulkollan, esta rueda motriz reduce las vibraciones para mejorar la comodidad del operador y soporta una alta capacidad de carga. Su estructura duradera asegura una operaci\u00f3n ininterrumpida del montacargas.<\/p>\n<p data-start=\"4277\" data-end=\"4493\"><strong data-start=\"4277\" data-end=\"4297\">Caracter\u00edsticas:<\/strong><br data-start=\"4297\" data-end=\"4300\" \/><strong data-start=\"4300\" data-end=\"4311\">Modelo:<\/strong> 213\u00d770-142<br data-start=\"4322\" data-end=\"4325\" \/><strong data-start=\"4325\" data-end=\"4338\">Material:<\/strong> Vulkollan<br data-start=\"4348\" data-end=\"4351\" \/><strong data-start=\"4351\" data-end=\"4366\">Aplicaci\u00f3n:<\/strong> Montacargas Still ECH<br data-start=\"4388\" data-end=\"4391\" \/><strong data-start=\"4391\" data-end=\"4407\">Durabilidad:<\/strong> Alta durabilidad, larga vida \u00fatil<br data-start=\"4441\" data-end=\"4444\" \/><strong data-start=\"4444\" data-end=\"4467\">Capacidad de carga:<\/strong> Alta capacidad de carga<\/p>\n<p data-start=\"4495\" data-end=\"4498\" data-is-last-node=\"\" data-is-only-node=\"\">\n<\/div>\n<\/div>\n<\/div>\n<\/div>\n<\/div>\n<\/div>\n<\/div>\n<\/div>\n<\/article>\n","protected":false},"featured_media":15482,"template":"","meta":[],"product_brand":[],"product_cat":[246,249,241,244,193],"product_tag":[],"class_list":{"0":"post-15480","1":"product","2":"type-product","3":"status-publish","4":"has-post-thumbnail","6":"product_cat-linde","7":"product_cat-yuruyus-tekeri-linde","8":"product_cat-still","9":"product_cat-yuruyus-tekeri-still","10":"product_cat-yuruyus-tekeri","12":"first","13":"instock","14":"taxable","15":"shipping-taxable","16":"purchasable","17":"product-type-simple"},"_links":{"self":[{"href":"https:\/\/ceoparts.com\/es\/wp-json\/wp\/v2\/product\/15480","targetHints":{"allow":["GET"]}}],"collection":[{"href":"https:\/\/ceoparts.com\/es\/wp-json\/wp\/v2\/product"}],"about":[{"href":"https:\/\/ceoparts.com\/es\/wp-json\/wp\/v2\/types\/product"}],"wp:featuredmedia":[{"embeddable":true,"href":"https:\/\/ceoparts.com\/es\/wp-json\/wp\/v2\/media\/15482"}],"wp:attachment":[{"href":"https:\/\/ceoparts.com\/es\/wp-json\/wp\/v2\/media?parent=15480"}],"wp:term":[{"taxonomy":"product_brand","embeddable":true,"href":"https:\/\/ceoparts.com\/es\/wp-json\/wp\/v2\/product_brand?post=15480"},{"taxonomy":"product_cat","embeddable":true,"href":"https:\/\/ceoparts.com\/es\/wp-json\/wp\/v2\/product_cat?post=15480"},{"taxonomy":"product_tag","embeddable":true,"href":"https:\/\/ceoparts.com\/es\/wp-json\/wp\/v2\/product_tag?post=15480"}],"curies":[{"name":"wp","href":"https:\/\/api.w.org\/{rel}","templated":true}]}}