{"id":15587,"date":"2025-03-01T10:29:19","date_gmt":"2025-03-01T07:29:19","guid":{"rendered":"https:\/\/ceoparts.com\/?post_type=product&#038;p=15587"},"modified":"2026-05-16T14:16:05","modified_gmt":"2026-05-16T11:16:05","slug":"24x759x30-asansor-rulmani-0009249535","status":"publish","type":"product","link":"https:\/\/ceoparts.com\/es\/urun\/24x759x30-asansor-rulmani-0009249535\/","title":{"rendered":"Rodamiento de ascensor 24&#215;75,9&#215;30 &#8211; 0009249535"},"content":{"rendered":"<p>Rodamiento de ascensor 24&#215;75,9&#215;30 &#8211; 0009249535<\/p>\n<p><span style=\"font-family: tim;\">75,9&#215;30 x24 Linde 0009249535<\/span><\/p>\n<p>&nbsp;<\/p>\n<table dir=\"ltr\" border=\"0\" width=\"286\" cellspacing=\"0\" cellpadding=\"2\">\n<tbody>\n<tr>\n<td height=\"19\">\n<p align=\"left\"><span style=\"font-family: tim;\">linde-350-H12-16-18-20-03-2007<\/span><\/p>\n<\/td>\n<\/tr>\n<tr>\n<td height=\"19\">\n<p align=\"left\"><span style=\"font-family: tim;\">linde-350-H12-16-18-20-03-2011<\/span><\/p>\n<\/td>\n<\/tr>\n<tr>\n<td height=\"19\">\n<p align=\"left\"><span style=\"font-family: tim;\">linde-346-E18-E20-E20P-2011<\/span><\/p>\n<\/td>\n<\/tr>\n<tr>\n<td height=\"19\">\n<p align=\"left\"><span style=\"font-family: tim;\">linde-386-E12-E14-E15-E16-E18-E20-2011<\/span><\/p>\n<\/td>\n<\/tr>\n<tr>\n<td height=\"19\">\n<p align=\"left\"><span style=\"font-family: tim;\">linde-115C-R10C-R12C-R14C-2010<\/span><\/p>\n<\/td>\n<\/tr>\n<tr>\n<td height=\"19\">\n<p align=\"left\"><span style=\"font-family: tim;\">linde-335-02-E14-E16-E18-E20-02-2007<\/span><\/p>\n<\/td>\n<\/tr>\n<tr>\n<td height=\"19\">\n<p align=\"left\"><span style=\"font-family: tim;\">Linde-E16-E20-02<\/span><\/p>\n<\/td>\n<\/tr>\n<tr>\n<td height=\"19\">\n<p align=\"left\"><span style=\"font-family: tim;\">linde-391-01-H14-H16-H18-H20-201<\/span><\/p>\n<\/td>\n<\/tr>\n<\/tbody>\n<\/table>","protected":false},"excerpt":{"rendered":"<p data-start=\"0\" data-end=\"422\"><br data-start=\"4404\" data-end=\"4407\" \/>El rodamiento de elevador Linde 24&#215;75,9&#215;30 \u2013 0009249535 es un componente cr\u00edtico utilizado en los sistemas de elevaci\u00f3n de montacargas y maquinaria pesada. Este rodamiento asegura un funcionamiento suave y silencioso del mecanismo de elevaci\u00f3n, tiene una alta capacidad de carga y reduce la fricci\u00f3n mec\u00e1nica para prevenir el desgaste. Su calidad de material duradero ofrece un rendimiento confiable y mejora la eficiencia de las operaciones de montacargas.<\/p>\n<p data-start=\"4866\" data-end=\"5171\"><strong data-start=\"4866\" data-end=\"4886\">Caracter\u00edsticas:<\/strong><br data-start=\"4886\" data-end=\"4889\" \/><strong data-start=\"4889\" data-end=\"4913\">C\u00f3digo del producto:<\/strong> 0009249535<br data-start=\"4924\" data-end=\"4927\" \/><strong data-start=\"4927\" data-end=\"4943\">Dimensiones:<\/strong> 24&#215;75,9&#215;30 mm<br data-start=\"4957\" data-end=\"4960\" \/><strong data-start=\"4960\" data-end=\"4975\">Aplicaci\u00f3n:<\/strong> Sistemas de elevaci\u00f3n de montacargas y maquinaria pesada<br data-start=\"5032\" data-end=\"5035\" \/><strong data-start=\"5035\" data-end=\"5051\">Durabilidad:<\/strong> Material de alta durabilidad<br data-start=\"5080\" data-end=\"5083\" \/><strong data-start=\"5083\" data-end=\"5095\">Funci\u00f3n:<\/strong> Funcionamiento suave, funcionamiento silencioso, reducci\u00f3n de la fricci\u00f3n<\/p>\n<p data-start=\"5173\" data-end=\"5176\" data-is-last-node=\"\" data-is-only-node=\"\">\n","protected":false},"featured_media":15589,"template":"","meta":[],"product_brand":[],"product_cat":[246,457,523],"product_tag":[],"class_list":{"0":"post-15587","1":"product","2":"type-product","3":"status-publish","4":"has-post-thumbnail","6":"product_cat-linde","7":"product_cat-asansor-rulmanlari","8":"product_cat-yedek-parca-linde","10":"first","11":"instock","12":"taxable","13":"shipping-taxable","14":"purchasable","15":"product-type-simple"},"_links":{"self":[{"href":"https:\/\/ceoparts.com\/es\/wp-json\/wp\/v2\/product\/15587","targetHints":{"allow":["GET"]}}],"collection":[{"href":"https:\/\/ceoparts.com\/es\/wp-json\/wp\/v2\/product"}],"about":[{"href":"https:\/\/ceoparts.com\/es\/wp-json\/wp\/v2\/types\/product"}],"wp:featuredmedia":[{"embeddable":true,"href":"https:\/\/ceoparts.com\/es\/wp-json\/wp\/v2\/media\/15589"}],"wp:attachment":[{"href":"https:\/\/ceoparts.com\/es\/wp-json\/wp\/v2\/media?parent=15587"}],"wp:term":[{"taxonomy":"product_brand","embeddable":true,"href":"https:\/\/ceoparts.com\/es\/wp-json\/wp\/v2\/product_brand?post=15587"},{"taxonomy":"product_cat","embeddable":true,"href":"https:\/\/ceoparts.com\/es\/wp-json\/wp\/v2\/product_cat?post=15587"},{"taxonomy":"product_tag","embeddable":true,"href":"https:\/\/ceoparts.com\/es\/wp-json\/wp\/v2\/product_tag?post=15587"}],"curies":[{"name":"wp","href":"https:\/\/api.w.org\/{rel}","templated":true}]}}