{"id":15596,"date":"2025-03-01T11:04:20","date_gmt":"2025-03-01T08:04:20","guid":{"rendered":"https:\/\/ceoparts.com\/?post_type=product&#038;p=15596"},"modified":"2026-05-16T18:36:56","modified_gmt":"2026-05-16T15:36:56","slug":"linde-asinma-diski-4225041303","status":"publish","type":"product","link":"https:\/\/ceoparts.com\/es\/urun\/linde-asinma-diski-4225041303\/","title":{"rendered":"Disco de desgaste Linde &#8211; 4225041303"},"content":{"rendered":"<p>Disco de desgaste Linde &#8211; 4225041303<\/p>\n<p><\/p>\n<article class=\"w-full text-token-text-primary focus-visible:outline-2 focus-visible:outline-offset-[-4px]\" dir=\"auto\" data-testid=\"conversation-turn-17\" data-scroll-anchor=\"true\">\n<div class=\"m-auto text-base py-[18px] px-6\">\n<div class=\"mx-auto flex flex-1 text-base gap-4 md:gap-5 lg:gap-6 md:max-w-3xl\">\n<div class=\"group\/conversation-turn relative flex w-full min-w-0 flex-col agent-turn @xs\/thread:px-0 @sm\/thread:px-1.5 @md\/thread:px-4\">\n<div class=\"flex-col gap-1 md:gap-3\">\n<div class=\"flex max-w-full flex-col flex-grow\">\n<div class=\"min-h-8 text-message relative flex w-full flex-col items-end gap-2 whitespace-normal break-words text-start [.text-message+&amp;]:mt-5\" dir=\"auto\" data-message-author-role=\"assistant\" data-message-id=\"79d7afa1-7f19-4d71-88ce-e77bbf583deb\" data-message-model-slug=\"gpt-4o-mini\">\n<div class=\"flex w-full flex-col gap-1 empty:hidden first:pt-[3px]\">\n<div class=\"markdown prose w-full break-words dark:prose-invert dark\">\n<p data-start=\"522\" data-end=\"625\" data-is-last-node=\"\" data-is-only-node=\"\">Tipo de carretilla elevadora LINDE 346 E18\/20\/20P 386-25 E14-20 disponible en 4225041303<\/p>\n<\/div>\n<\/div>\n<\/div>\n<\/div>\n<\/div>\n<\/div>\n<\/div>\n<\/div>\n<\/article>\n<p><\/p>","protected":false},"excerpt":{"rendered":"<p data-start=\"0\" data-end=\"408\"><br data-start=\"4358\" data-end=\"4361\" \/>El disco de desgaste Linde 4225041303 es un componente crucial utilizado en montacargas y maquinaria pesada. Este disco protege las partes m\u00f3viles de la m\u00e1quina y reduce el desgaste, prolongando la vida \u00fatil del equipo. Fabricado con material altamente duradero, proporciona un rendimiento confiable en condiciones de trabajo dif\u00edciles. Es una pieza de repuesto de calidad preferida para mantenimiento y reparaciones.<\/p>\n<p data-start=\"4780\" data-end=\"5076\"><strong data-start=\"4780\" data-end=\"4800\">Caracter\u00edsticas:<\/strong><br data-start=\"4800\" data-end=\"4803\" \/><strong data-start=\"4803\" data-end=\"4827\">C\u00f3digo del producto:<\/strong> 4225041303<br data-start=\"4838\" data-end=\"4841\" \/><strong data-start=\"4841\" data-end=\"4856\">Aplicaci\u00f3n:<\/strong> Montacargas y maquinaria pesada<br data-start=\"4888\" data-end=\"4891\" \/><strong data-start=\"4891\" data-end=\"4907\">Durabilidad:<\/strong> Fabricado con material altamente duradero<br data-start=\"4949\" data-end=\"4952\" \/><strong data-start=\"4952\" data-end=\"4964\">Funci\u00f3n:<\/strong> Previene el desgaste y extiende la vida \u00fatil del equipo<br data-start=\"5020\" data-end=\"5023\" \/><strong data-start=\"5023\" data-end=\"5041\">Adecuado para:<\/strong> Condiciones de trabajo dif\u00edciles<\/p>\n<p data-start=\"5078\" data-end=\"5081\" data-is-last-node=\"\" data-is-only-node=\"\">\n","protected":false},"featured_media":15597,"template":"","meta":[],"product_brand":[],"product_cat":[246,470,523],"product_tag":[],"class_list":{"0":"post-15596","1":"product","2":"type-product","3":"status-publish","4":"has-post-thumbnail","6":"product_cat-linde","7":"product_cat-diger-yedek-parcalar","8":"product_cat-yedek-parca-linde","10":"first","11":"instock","12":"taxable","13":"shipping-taxable","14":"purchasable","15":"product-type-simple"},"_links":{"self":[{"href":"https:\/\/ceoparts.com\/es\/wp-json\/wp\/v2\/product\/15596","targetHints":{"allow":["GET"]}}],"collection":[{"href":"https:\/\/ceoparts.com\/es\/wp-json\/wp\/v2\/product"}],"about":[{"href":"https:\/\/ceoparts.com\/es\/wp-json\/wp\/v2\/types\/product"}],"wp:featuredmedia":[{"embeddable":true,"href":"https:\/\/ceoparts.com\/es\/wp-json\/wp\/v2\/media\/15597"}],"wp:attachment":[{"href":"https:\/\/ceoparts.com\/es\/wp-json\/wp\/v2\/media?parent=15596"}],"wp:term":[{"taxonomy":"product_brand","embeddable":true,"href":"https:\/\/ceoparts.com\/es\/wp-json\/wp\/v2\/product_brand?post=15596"},{"taxonomy":"product_cat","embeddable":true,"href":"https:\/\/ceoparts.com\/es\/wp-json\/wp\/v2\/product_cat?post=15596"},{"taxonomy":"product_tag","embeddable":true,"href":"https:\/\/ceoparts.com\/es\/wp-json\/wp\/v2\/product_tag?post=15596"}],"curies":[{"name":"wp","href":"https:\/\/api.w.org\/{rel}","templated":true}]}}