{"id":15616,"date":"2025-03-01T12:59:35","date_gmt":"2025-03-01T09:59:35","guid":{"rendered":"https:\/\/ceoparts.com\/?post_type=product&#038;p=15616"},"modified":"2026-05-16T06:17:22","modified_gmt":"2026-05-16T03:17:22","slug":"20x52x24-linde-mast-rulman-0009249364","status":"publish","type":"product","link":"https:\/\/ceoparts.com\/es\/urun\/20x52x24-linde-mast-rulman-0009249364\/","title":{"rendered":"Rodamiento de m\u00e1stil Linde 20x52x24 &#8211; 0009249364"},"content":{"rendered":"<p>Rodamiento de m\u00e1stil Linde 20x52x24 &#8211; 0009249364<\/p>","protected":false},"excerpt":{"rendered":"<p data-start=\"0\" data-end=\"313\"><br data-start=\"3442\" data-end=\"3445\" \/>El rodamiento de m\u00e1stil Linde 0009249364 es un componente cr\u00edtico utilizado en la secci\u00f3n del m\u00e1stil de las carretillas elevadoras. Garantiza un funcionamiento suave del m\u00e1stil durante el transporte de carga y la direcci\u00f3n gracias a su alta <strong data-start=\"3686\" data-end=\"3701\">durabilidad<\/strong> y <strong data-start=\"3704\" data-end=\"3729\">reducci\u00f3n de fricci\u00f3n<\/strong>. Este rodamiento est\u00e1 dise\u00f1ado para un rendimiento duradero y la comodidad del operador.<\/p>\n<p data-start=\"3820\" data-end=\"4088\"><strong data-start=\"3820\" data-end=\"3840\">Caracter\u00edsticas:<\/strong><br data-start=\"3840\" data-end=\"3843\" \/><strong data-start=\"3843\" data-end=\"3859\">Dimensiones:<\/strong> 20x52x24 mm<br data-start=\"3871\" data-end=\"3874\" \/><strong data-start=\"3874\" data-end=\"3898\">C\u00f3digo del producto:<\/strong> 0009249364<br data-start=\"3909\" data-end=\"3912\" \/><strong data-start=\"3912\" data-end=\"3927\">Aplicaci\u00f3n:<\/strong> Secci\u00f3n del m\u00e1stil de carretilla elevadora<br data-start=\"3970\" data-end=\"3973\" \/><strong data-start=\"3973\" data-end=\"3989\">Durabilidad:<\/strong> Altamente duradero, resistente al desgaste<br data-start=\"4032\" data-end=\"4035\" \/><strong data-start=\"4035\" data-end=\"4051\">Rendimiento:<\/strong> Reduce la fricci\u00f3n, larga duraci\u00f3n<\/p>\n<p data-start=\"4090\" data-end=\"4093\" data-is-last-node=\"\" data-is-only-node=\"\">\n","protected":false},"featured_media":15617,"template":"","meta":[],"product_brand":[],"product_cat":[246,460,523],"product_tag":[],"class_list":{"0":"post-15616","1":"product","2":"type-product","3":"status-publish","4":"has-post-thumbnail","6":"product_cat-linde","7":"product_cat-yuk-ve-mekanizma-rulmanlari","8":"product_cat-yedek-parca-linde","10":"first","11":"instock","12":"taxable","13":"shipping-taxable","14":"purchasable","15":"product-type-simple"},"_links":{"self":[{"href":"https:\/\/ceoparts.com\/es\/wp-json\/wp\/v2\/product\/15616","targetHints":{"allow":["GET"]}}],"collection":[{"href":"https:\/\/ceoparts.com\/es\/wp-json\/wp\/v2\/product"}],"about":[{"href":"https:\/\/ceoparts.com\/es\/wp-json\/wp\/v2\/types\/product"}],"wp:featuredmedia":[{"embeddable":true,"href":"https:\/\/ceoparts.com\/es\/wp-json\/wp\/v2\/media\/15617"}],"wp:attachment":[{"href":"https:\/\/ceoparts.com\/es\/wp-json\/wp\/v2\/media?parent=15616"}],"wp:term":[{"taxonomy":"product_brand","embeddable":true,"href":"https:\/\/ceoparts.com\/es\/wp-json\/wp\/v2\/product_brand?post=15616"},{"taxonomy":"product_cat","embeddable":true,"href":"https:\/\/ceoparts.com\/es\/wp-json\/wp\/v2\/product_cat?post=15616"},{"taxonomy":"product_tag","embeddable":true,"href":"https:\/\/ceoparts.com\/es\/wp-json\/wp\/v2\/product_tag?post=15616"}],"curies":[{"name":"wp","href":"https:\/\/api.w.org\/{rel}","templated":true}]}}