{"id":15640,"date":"2025-03-03T11:18:57","date_gmt":"2025-03-03T08:18:57","guid":{"rendered":"https:\/\/ceoparts.com\/?post_type=product&#038;p=15640"},"modified":"2026-05-16T14:22:55","modified_gmt":"2026-05-16T11:22:55","slug":"linde-dingil-aci-sensoru-7917415675","status":"publish","type":"product","link":"https:\/\/ceoparts.com\/es\/urun\/linde-dingil-aci-sensoru-7917415675\/","title":{"rendered":"Sensor de \u00e1ngulo de eje Linde &#8211; 7917415675"},"content":{"rendered":"<p>Sensor de \u00e1ngulo de eje Linde &#8211; 7917415675<\/p>","protected":false},"excerpt":{"rendered":"<p data-start=\"68\" data-end=\"469\"><strong data-start=\"68\" data-end=\"77\"><\/strong><br data-start=\"2775\" data-end=\"2778\" \/>Sensor de \u00e1ngulo de direcci\u00f3n Linde \u2013 7917415482, esencial para asegurar un funcionamiento de direcci\u00f3n preciso y fiable en carretillas elevadoras. Transmite los \u00e1ngulos de direcci\u00f3n al sistema de control electr\u00f3nico, mejorando la maniobrabilidad y seguridad.<\/p>\n<p data-start=\"3039\" data-end=\"3197\"><strong data-start=\"3039\" data-end=\"3059\">Caracter\u00edsticas:<\/strong><br data-start=\"3059\" data-end=\"3062\" \/><strong data-start=\"3062\" data-end=\"3082\">N\u00famero de pieza:<\/strong> 7917415482<br data-start=\"3093\" data-end=\"3096\" \/><strong data-start=\"3096\" data-end=\"3117\">Marca compatible:<\/strong> Linde<br data-start=\"3123\" data-end=\"3126\" \/><strong data-start=\"3126\" data-end=\"3138\">Funci\u00f3n:<\/strong> Detecci\u00f3n de \u00e1ngulo de direcci\u00f3n<br data-start=\"3171\" data-end=\"3174\" \/><strong data-start=\"3174\" data-end=\"3190\">Durabilidad:<\/strong> Alta<\/p>\n<p data-start=\"3199\" data-end=\"3206\"><strong data-start=\"3199\" data-end=\"3206\"><\/strong><\/p>\n","protected":false},"featured_media":15642,"template":"","meta":[],"product_brand":[],"product_cat":[246,469,523],"product_tag":[],"class_list":{"0":"post-15640","1":"product","2":"type-product","3":"status-publish","4":"has-post-thumbnail","6":"product_cat-linde","7":"product_cat-elektrik-ve-sistem-parcalari","8":"product_cat-yedek-parca-linde","10":"first","11":"instock","12":"taxable","13":"shipping-taxable","14":"purchasable","15":"product-type-simple"},"_links":{"self":[{"href":"https:\/\/ceoparts.com\/es\/wp-json\/wp\/v2\/product\/15640","targetHints":{"allow":["GET"]}}],"collection":[{"href":"https:\/\/ceoparts.com\/es\/wp-json\/wp\/v2\/product"}],"about":[{"href":"https:\/\/ceoparts.com\/es\/wp-json\/wp\/v2\/types\/product"}],"wp:featuredmedia":[{"embeddable":true,"href":"https:\/\/ceoparts.com\/es\/wp-json\/wp\/v2\/media\/15642"}],"wp:attachment":[{"href":"https:\/\/ceoparts.com\/es\/wp-json\/wp\/v2\/media?parent=15640"}],"wp:term":[{"taxonomy":"product_brand","embeddable":true,"href":"https:\/\/ceoparts.com\/es\/wp-json\/wp\/v2\/product_brand?post=15640"},{"taxonomy":"product_cat","embeddable":true,"href":"https:\/\/ceoparts.com\/es\/wp-json\/wp\/v2\/product_cat?post=15640"},{"taxonomy":"product_tag","embeddable":true,"href":"https:\/\/ceoparts.com\/es\/wp-json\/wp\/v2\/product_tag?post=15640"}],"curies":[{"name":"wp","href":"https:\/\/api.w.org\/{rel}","templated":true}]}}