{"id":15653,"date":"2025-03-03T11:49:41","date_gmt":"2025-03-03T08:49:41","guid":{"rendered":"https:\/\/ceoparts.com\/?post_type=product&#038;p=15653"},"modified":"2026-05-16T13:16:53","modified_gmt":"2026-05-16T10:16:53","slug":"linde-sensor-7917415546","status":"publish","type":"product","link":"https:\/\/ceoparts.com\/es\/urun\/linde-sensor-7917415546\/","title":{"rendered":"Sensor Linde &#8211; 7917415546"},"content":{"rendered":"<p>Sensor Linde &#8211; 7917415546<\/p>","protected":false},"excerpt":{"rendered":"<p data-start=\"91\" data-end=\"484\"><strong data-start=\"91\" data-end=\"100\"><br data-start=\"4152\" data-end=\"4155\" \/>El <strong data-start=\"4158\" data-end=\"4187\">sensor Linde \u2013 7917415546<\/strong> es un componente crucial utilizado en carretillas elevadoras y maquinaria de trabajo para garantizar <strong data-start=\"4289\" data-end=\"4330\">un control preciso de los movimientos<\/strong> y la seguridad del sistema. Dise\u00f1ado espec\u00edficamente para veh\u00edculos Linde, ofrece <strong data-start=\"4413\" data-end=\"4444\">alta velocidad de respuesta<\/strong> y <strong data-start=\"4447\" data-end=\"4472\">estructura resistente<\/strong> para un uso prolongado y sin problemas. Juega un papel esencial en la detecci\u00f3n de fallos y el control de velocidad y direcci\u00f3n.<\/p>\n<p data-start=\"4603\" data-end=\"4857\"><strong data-start=\"4603\" data-end=\"4623\">Caracter\u00edsticas:<\/strong><br data-start=\"4623\" data-end=\"4626\" \/><strong data-start=\"4626\" data-end=\"4637\">Modelo:<\/strong> 7917415546<br data-start=\"4648\" data-end=\"4651\" \/><strong data-start=\"4651\" data-end=\"4666\">Aplicaci\u00f3n:<\/strong> Carretillas elevadoras y maquinaria<br data-start=\"4702\" data-end=\"4705\" \/><strong data-start=\"4705\" data-end=\"4717\">Funci\u00f3n:<\/strong> Sensor de movimiento y posici\u00f3n<br data-start=\"4749\" data-end=\"4752\" \/><strong data-start=\"4752\" data-end=\"4768\">Durabilidad:<\/strong> Alta calidad y larga vida \u00fatil<br data-start=\"4799\" data-end=\"4802\" \/><strong data-start=\"4802\" data-end=\"4814\">Ventaja:<\/strong> Respuesta r\u00e1pida y seguridad del sistema<\/p>\n<p data-start=\"4859\" data-end=\"4862\">\n","protected":false},"featured_media":15654,"template":"","meta":[],"product_brand":[],"product_cat":[246,469,523],"product_tag":[],"class_list":{"0":"post-15653","1":"product","2":"type-product","3":"status-publish","4":"has-post-thumbnail","6":"product_cat-linde","7":"product_cat-elektrik-ve-sistem-parcalari","8":"product_cat-yedek-parca-linde","10":"first","11":"instock","12":"taxable","13":"shipping-taxable","14":"purchasable","15":"product-type-simple"},"_links":{"self":[{"href":"https:\/\/ceoparts.com\/es\/wp-json\/wp\/v2\/product\/15653","targetHints":{"allow":["GET"]}}],"collection":[{"href":"https:\/\/ceoparts.com\/es\/wp-json\/wp\/v2\/product"}],"about":[{"href":"https:\/\/ceoparts.com\/es\/wp-json\/wp\/v2\/types\/product"}],"wp:featuredmedia":[{"embeddable":true,"href":"https:\/\/ceoparts.com\/es\/wp-json\/wp\/v2\/media\/15654"}],"wp:attachment":[{"href":"https:\/\/ceoparts.com\/es\/wp-json\/wp\/v2\/media?parent=15653"}],"wp:term":[{"taxonomy":"product_brand","embeddable":true,"href":"https:\/\/ceoparts.com\/es\/wp-json\/wp\/v2\/product_brand?post=15653"},{"taxonomy":"product_cat","embeddable":true,"href":"https:\/\/ceoparts.com\/es\/wp-json\/wp\/v2\/product_cat?post=15653"},{"taxonomy":"product_tag","embeddable":true,"href":"https:\/\/ceoparts.com\/es\/wp-json\/wp\/v2\/product_tag?post=15653"}],"curies":[{"name":"wp","href":"https:\/\/api.w.org\/{rel}","templated":true}]}}