{"id":15657,"date":"2025-03-03T11:57:26","date_gmt":"2025-03-03T08:57:26","guid":{"rendered":"https:\/\/ceoparts.com\/?post_type=product&#038;p=15657"},"modified":"2026-05-16T14:22:27","modified_gmt":"2026-05-16T11:22:27","slug":"linde-direnc-7916400996","status":"publish","type":"product","link":"https:\/\/ceoparts.com\/es\/urun\/linde-direnc-7916400996\/","title":{"rendered":"Resistor Linde &#8211; 7916400996"},"content":{"rendered":"<p>Resistor Linde &#8211; 7916400996<\/p>","protected":false},"excerpt":{"rendered":"<div>\n<p data-start=\"0\" data-end=\"365\"><br data-start=\"4177\" data-end=\"4180\" \/><strong data-start=\"4180\" data-end=\"4214\">Resistencia Linde \u2013 7916400996<\/strong><br data-start=\"4214\" data-end=\"4217\" \/>Resistencia de alta calidad utilizada en montacargas y maquinaria industrial Linde. Controla el voltaje y la corriente en los circuitos el\u00e9ctricos, mejorando el rendimiento y la seguridad de la m\u00e1quina. Su construcci\u00f3n resistente soporta condiciones dif\u00edciles y ofrece una larga vida \u00fatil. Es fundamental para los sistemas el\u00e9ctricos de montacargas.<\/p>\n<p data-start=\"4570\" data-end=\"4592\"><strong data-start=\"4570\" data-end=\"4590\">Caracter\u00edsticas:<\/strong><\/p>\n<ul data-start=\"4593\" data-end=\"4868\">\n<li data-start=\"4593\" data-end=\"4619\">\n<p data-start=\"4595\" data-end=\"4619\"><strong data-start=\"4595\" data-end=\"4606\">Modelo:<\/strong> 7916400996<\/p>\n<\/li>\n<li data-start=\"4620\" data-end=\"4699\">\n<p data-start=\"4622\" data-end=\"4699\"><strong data-start=\"4622\" data-end=\"4637\">Aplicaci\u00f3n:<\/strong> Circuitos el\u00e9ctricos de montacargas y maquinaria industrial<\/p>\n<\/li>\n<li data-start=\"4700\" data-end=\"4755\">\n<p data-start=\"4702\" data-end=\"4755\"><strong data-start=\"4702\" data-end=\"4718\">Durabilidad:<\/strong> Alta durabilidad y larga vida \u00fatil<\/p>\n<\/li>\n<li data-start=\"4756\" data-end=\"4815\">\n<p data-start=\"4758\" data-end=\"4815\"><strong data-start=\"4758\" data-end=\"4774\">Rendimiento:<\/strong> Control estable de voltaje y corriente<\/p>\n<\/li>\n<li data-start=\"4816\" data-end=\"4868\">\n<p data-start=\"4818\" data-end=\"4868\"><strong data-start=\"4818\" data-end=\"4834\">Instalaci\u00f3n:<\/strong> F\u00e1cil integraci\u00f3n e instalaci\u00f3n<\/p>\n<\/li>\n<\/ul>\n<p data-start=\"4870\" data-end=\"4873\" data-is-last-node=\"\" data-is-only-node=\"\">\n<\/div>\n<div class=\"iwrap\">LINDE E20<\/div>\n<div>T-371<\/div>\n","protected":false},"featured_media":15658,"template":"","meta":[],"product_brand":[],"product_cat":[246,469,523],"product_tag":[],"class_list":{"0":"post-15657","1":"product","2":"type-product","3":"status-publish","4":"has-post-thumbnail","6":"product_cat-linde","7":"product_cat-elektrik-ve-sistem-parcalari","8":"product_cat-yedek-parca-linde","10":"first","11":"instock","12":"taxable","13":"shipping-taxable","14":"purchasable","15":"product-type-simple"},"_links":{"self":[{"href":"https:\/\/ceoparts.com\/es\/wp-json\/wp\/v2\/product\/15657","targetHints":{"allow":["GET"]}}],"collection":[{"href":"https:\/\/ceoparts.com\/es\/wp-json\/wp\/v2\/product"}],"about":[{"href":"https:\/\/ceoparts.com\/es\/wp-json\/wp\/v2\/types\/product"}],"wp:featuredmedia":[{"embeddable":true,"href":"https:\/\/ceoparts.com\/es\/wp-json\/wp\/v2\/media\/15658"}],"wp:attachment":[{"href":"https:\/\/ceoparts.com\/es\/wp-json\/wp\/v2\/media?parent=15657"}],"wp:term":[{"taxonomy":"product_brand","embeddable":true,"href":"https:\/\/ceoparts.com\/es\/wp-json\/wp\/v2\/product_brand?post=15657"},{"taxonomy":"product_cat","embeddable":true,"href":"https:\/\/ceoparts.com\/es\/wp-json\/wp\/v2\/product_cat?post=15657"},{"taxonomy":"product_tag","embeddable":true,"href":"https:\/\/ceoparts.com\/es\/wp-json\/wp\/v2\/product_tag?post=15657"}],"curies":[{"name":"wp","href":"https:\/\/api.w.org\/{rel}","templated":true}]}}