{"id":15665,"date":"2025-03-03T13:19:22","date_gmt":"2025-03-03T10:19:22","guid":{"rendered":"https:\/\/ceoparts.com\/?post_type=product&#038;p=15665"},"modified":"2026-05-16T12:13:12","modified_gmt":"2026-05-16T09:13:12","slug":"linde-sensor-7917415875","status":"publish","type":"product","link":"https:\/\/ceoparts.com\/es\/urun\/linde-sensor-7917415875\/","title":{"rendered":"Sensor Linde &#8211; 7917415875"},"content":{"rendered":"<p>Sensor Linde &#8211; 7917415875<\/p>","protected":false},"excerpt":{"rendered":"<p data-start=\"0\" data-end=\"438\"><br data-start=\"4444\" data-end=\"4447\" \/><strong data-start=\"4447\" data-end=\"4476\">Sensor Linde \u2013 7917415875<\/strong><br data-start=\"4476\" data-end=\"4479\" \/>Sensor de alta precisi\u00f3n dise\u00f1ado especialmente para montacargas y maquinaria industrial Linde. Proporciona datos cr\u00edticos para monitorear y controlar diversas funciones del veh\u00edculo. Su construcci\u00f3n duradera y confiable resiste condiciones laborales dif\u00edciles. Utilizando tecnolog\u00eda avanzada, ofrece mediciones precisas que ayudan a los operadores a usar sus m\u00e1quinas de manera m\u00e1s eficiente y segura.<\/p>\n<p data-start=\"4885\" data-end=\"4907\"><strong data-start=\"4885\" data-end=\"4905\">Caracter\u00edsticas:<\/strong><\/p>\n<ul data-start=\"4908\" data-end=\"5178\">\n<li data-start=\"4908\" data-end=\"4934\">\n<p data-start=\"4910\" data-end=\"4934\"><strong data-start=\"4910\" data-end=\"4921\">Modelo:<\/strong> 7917415875<\/p>\n<\/li>\n<li data-start=\"4935\" data-end=\"4990\">\n<p data-start=\"4937\" data-end=\"4990\"><strong data-start=\"4937\" data-end=\"4952\">Aplicaci\u00f3n:<\/strong> Montacargas y maquinaria industrial<\/p>\n<\/li>\n<li data-start=\"4991\" data-end=\"5056\">\n<p data-start=\"4993\" data-end=\"5056\"><strong data-start=\"4993\" data-end=\"5009\">Durabilidad:<\/strong> Adecuado para condiciones industriales duras<\/p>\n<\/li>\n<li data-start=\"5057\" data-end=\"5125\">\n<p data-start=\"5059\" data-end=\"5125\"><strong data-start=\"5059\" data-end=\"5075\">Rendimiento:<\/strong> Alta precisi\u00f3n y transmisi\u00f3n confiable de datos<\/p>\n<\/li>\n<li data-start=\"5126\" data-end=\"5178\">\n<p data-start=\"5128\" data-end=\"5178\"><strong data-start=\"5128\" data-end=\"5144\">Instalaci\u00f3n:<\/strong> F\u00e1cil instalaci\u00f3n e integraci\u00f3n<\/p>\n<\/li>\n<\/ul>\n<p data-start=\"5180\" data-end=\"5183\" data-is-last-node=\"\" data-is-only-node=\"\">\n","protected":false},"featured_media":15666,"template":"","meta":[],"product_brand":[],"product_cat":[246,469,523],"product_tag":[],"class_list":{"0":"post-15665","1":"product","2":"type-product","3":"status-publish","4":"has-post-thumbnail","6":"product_cat-linde","7":"product_cat-elektrik-ve-sistem-parcalari","8":"product_cat-yedek-parca-linde","10":"first","11":"instock","12":"taxable","13":"shipping-taxable","14":"purchasable","15":"product-type-simple"},"_links":{"self":[{"href":"https:\/\/ceoparts.com\/es\/wp-json\/wp\/v2\/product\/15665","targetHints":{"allow":["GET"]}}],"collection":[{"href":"https:\/\/ceoparts.com\/es\/wp-json\/wp\/v2\/product"}],"about":[{"href":"https:\/\/ceoparts.com\/es\/wp-json\/wp\/v2\/types\/product"}],"wp:featuredmedia":[{"embeddable":true,"href":"https:\/\/ceoparts.com\/es\/wp-json\/wp\/v2\/media\/15666"}],"wp:attachment":[{"href":"https:\/\/ceoparts.com\/es\/wp-json\/wp\/v2\/media?parent=15665"}],"wp:term":[{"taxonomy":"product_brand","embeddable":true,"href":"https:\/\/ceoparts.com\/es\/wp-json\/wp\/v2\/product_brand?post=15665"},{"taxonomy":"product_cat","embeddable":true,"href":"https:\/\/ceoparts.com\/es\/wp-json\/wp\/v2\/product_cat?post=15665"},{"taxonomy":"product_tag","embeddable":true,"href":"https:\/\/ceoparts.com\/es\/wp-json\/wp\/v2\/product_tag?post=15665"}],"curies":[{"name":"wp","href":"https:\/\/api.w.org\/{rel}","templated":true}]}}