{"id":15669,"date":"2025-03-03T13:27:38","date_gmt":"2025-03-03T10:27:38","guid":{"rendered":"https:\/\/ceoparts.com\/?post_type=product&#038;p=15669"},"modified":"2026-05-16T15:30:31","modified_gmt":"2026-05-16T12:30:31","slug":"linde-potansiyometre-3003604702","status":"publish","type":"product","link":"https:\/\/ceoparts.com\/es\/urun\/linde-potansiyometre-3003604702\/","title":{"rendered":"Potenci\u00f3metro Linde &#8211; 3003604702"},"content":{"rendered":"<p>Potenci\u00f3metro Linde &#8211; 3003604702<\/p>","protected":false},"excerpt":{"rendered":"<p data-start=\"0\" data-end=\"218\"><br data-start=\"3109\" data-end=\"3112\" \/>El <strong data-start=\"3115\" data-end=\"3138\">potenci\u00f3metro Linde<\/strong> es un dispositivo de medici\u00f3n electr\u00f3nico utilizado en montacargas y maquinaria industrial para un control preciso. Convierte las \u00f3rdenes de movimiento del operador en se\u00f1ales el\u00e9ctricas, asegurando precisi\u00f3n y rendimiento.<\/p>\n<p data-start=\"3364\" data-end=\"3629\"><strong data-start=\"3364\" data-end=\"3384\">Caracter\u00edsticas:<\/strong><br data-start=\"3384\" data-end=\"3387\" \/><strong data-start=\"3387\" data-end=\"3407\">N\u00famero de pieza:<\/strong> 3003604702<br data-start=\"3418\" data-end=\"3421\" \/><strong data-start=\"3421\" data-end=\"3429\">Uso:<\/strong> Control de movimiento en montacargas y maquinaria industrial<br data-start=\"3490\" data-end=\"3493\" \/><strong data-start=\"3493\" data-end=\"3505\">Funci\u00f3n:<\/strong> Generaci\u00f3n de se\u00f1ales el\u00e9ctricas y medici\u00f3n precisa<br data-start=\"3561\" data-end=\"3564\" \/><strong data-start=\"3564\" data-end=\"3580\">Durabilidad:<\/strong> Larga vida \u00fatil con materiales de alta calidad<\/p>\n<p data-start=\"3631\" data-end=\"3634\" data-is-last-node=\"\" data-is-only-node=\"\">\n","protected":false},"featured_media":15670,"template":"","meta":[],"product_brand":[],"product_cat":[246,469,523],"product_tag":[],"class_list":{"0":"post-15669","1":"product","2":"type-product","3":"status-publish","4":"has-post-thumbnail","6":"product_cat-linde","7":"product_cat-elektrik-ve-sistem-parcalari","8":"product_cat-yedek-parca-linde","10":"first","11":"instock","12":"taxable","13":"shipping-taxable","14":"purchasable","15":"product-type-simple"},"_links":{"self":[{"href":"https:\/\/ceoparts.com\/es\/wp-json\/wp\/v2\/product\/15669","targetHints":{"allow":["GET"]}}],"collection":[{"href":"https:\/\/ceoparts.com\/es\/wp-json\/wp\/v2\/product"}],"about":[{"href":"https:\/\/ceoparts.com\/es\/wp-json\/wp\/v2\/types\/product"}],"wp:featuredmedia":[{"embeddable":true,"href":"https:\/\/ceoparts.com\/es\/wp-json\/wp\/v2\/media\/15670"}],"wp:attachment":[{"href":"https:\/\/ceoparts.com\/es\/wp-json\/wp\/v2\/media?parent=15669"}],"wp:term":[{"taxonomy":"product_brand","embeddable":true,"href":"https:\/\/ceoparts.com\/es\/wp-json\/wp\/v2\/product_brand?post=15669"},{"taxonomy":"product_cat","embeddable":true,"href":"https:\/\/ceoparts.com\/es\/wp-json\/wp\/v2\/product_cat?post=15669"},{"taxonomy":"product_tag","embeddable":true,"href":"https:\/\/ceoparts.com\/es\/wp-json\/wp\/v2\/product_tag?post=15669"}],"curies":[{"name":"wp","href":"https:\/\/api.w.org\/{rel}","templated":true}]}}