{"id":15673,"date":"2025-03-03T13:34:32","date_gmt":"2025-03-03T10:34:32","guid":{"rendered":"https:\/\/ceoparts.com\/?post_type=product&#038;p=15673"},"modified":"2026-05-16T16:34:17","modified_gmt":"2026-05-16T13:34:17","slug":"linde-hidrolik-pompa-tamir-takimi-4223209950","status":"publish","type":"product","link":"https:\/\/ceoparts.com\/es\/urun\/linde-hidrolik-pompa-tamir-takimi-4223209950\/","title":{"rendered":"Kit de reparaci\u00f3n de bomba hidr\u00e1ulica Linde &#8211; 4223209950"},"content":{"rendered":"<p>Kit de reparaci\u00f3n de bomba hidr\u00e1ulica Linde &#8211; 4223209950<\/p>\n<p><\/p>","protected":false},"excerpt":{"rendered":"<p data-start=\"0\" data-end=\"209\"><br data-start=\"3125\" data-end=\"3128\" \/>El <strong data-start=\"3131\" data-end=\"3178\">kit de reparaci\u00f3n de bomba hidr\u00e1ulica Linde<\/strong> es un conjunto completo utilizado para el mantenimiento y reparaci\u00f3n de bombas hidr\u00e1ulicas en montacargas y maquinaria industrial. Restaura el rendimiento de la bomba y asegura una larga vida \u00fatil.<\/p>\n<p data-start=\"3378\" data-end=\"3665\"><strong data-start=\"3378\" data-end=\"3398\">Caracter\u00edsticas:<\/strong><br data-start=\"3398\" data-end=\"3401\" \/><strong data-start=\"3401\" data-end=\"3421\">N\u00famero de pieza:<\/strong> 4223209950<br data-start=\"3432\" data-end=\"3435\" \/><strong data-start=\"3435\" data-end=\"3443\">Uso:<\/strong> Reparaci\u00f3n de bombas hidr\u00e1ulicas para montacargas y maquinaria industrial<br data-start=\"3517\" data-end=\"3520\" \/><strong data-start=\"3520\" data-end=\"3532\">Funci\u00f3n:<\/strong> Mantenimiento y reparaci\u00f3n de bombas hidr\u00e1ulicas<br data-start=\"3585\" data-end=\"3588\" \/><strong data-start=\"3588\" data-end=\"3602\">Contenido:<\/strong> Sellos, juntas, rodamientos y otras piezas de reparaci\u00f3n<\/p>\n<p data-start=\"3667\" data-end=\"3670\" data-is-last-node=\"\" data-is-only-node=\"\">\n","protected":false},"featured_media":15674,"template":"","meta":[],"product_brand":[],"product_cat":[246,461,523],"product_tag":[],"class_list":{"0":"post-15673","1":"product","2":"type-product","3":"status-publish","4":"has-post-thumbnail","6":"product_cat-linde","7":"product_cat-hidrolik-sistemi","8":"product_cat-yedek-parca-linde","10":"first","11":"instock","12":"taxable","13":"shipping-taxable","14":"purchasable","15":"product-type-simple"},"_links":{"self":[{"href":"https:\/\/ceoparts.com\/es\/wp-json\/wp\/v2\/product\/15673","targetHints":{"allow":["GET"]}}],"collection":[{"href":"https:\/\/ceoparts.com\/es\/wp-json\/wp\/v2\/product"}],"about":[{"href":"https:\/\/ceoparts.com\/es\/wp-json\/wp\/v2\/types\/product"}],"wp:featuredmedia":[{"embeddable":true,"href":"https:\/\/ceoparts.com\/es\/wp-json\/wp\/v2\/media\/15674"}],"wp:attachment":[{"href":"https:\/\/ceoparts.com\/es\/wp-json\/wp\/v2\/media?parent=15673"}],"wp:term":[{"taxonomy":"product_brand","embeddable":true,"href":"https:\/\/ceoparts.com\/es\/wp-json\/wp\/v2\/product_brand?post=15673"},{"taxonomy":"product_cat","embeddable":true,"href":"https:\/\/ceoparts.com\/es\/wp-json\/wp\/v2\/product_cat?post=15673"},{"taxonomy":"product_tag","embeddable":true,"href":"https:\/\/ceoparts.com\/es\/wp-json\/wp\/v2\/product_tag?post=15673"}],"curies":[{"name":"wp","href":"https:\/\/api.w.org\/{rel}","templated":true}]}}