{"id":15701,"date":"2025-03-03T15:13:31","date_gmt":"2025-03-03T12:13:31","guid":{"rendered":"https:\/\/ceoparts.com\/?post_type=product&#038;p=15701"},"modified":"2026-05-16T23:42:19","modified_gmt":"2026-05-16T20:42:19","slug":"linde-hidrolik-yag-filtresi-0009831644","status":"publish","type":"product","link":"https:\/\/ceoparts.com\/es\/urun\/linde-hidrolik-yag-filtresi-0009831644\/","title":{"rendered":"Filtro de aceite hidr\u00e1ulico Linde &#8211; 0009831644"},"content":{"rendered":"<p>Filtro de aceite hidr\u00e1ulico Linde &#8211; 0009831644<\/p>\n<p>Tipo: Cartucho<br data-start=\"817\" data-end=\"820\" \/>Aplicaci\u00f3n: FILTRO DE ACEITE<br data-start=\"848\" data-end=\"851\" \/>Di\u00e1metro D1 (mm): 25,5<br data-start=\"873\" data-end=\"876\" \/>Di\u00e1metro D2 (mm): 56,2<br data-start=\"898\" data-end=\"901\" \/>Altura H1 (mm): 209<br data-start=\"920\" data-end=\"923\" \/>Altura H2 (mm): 209<\/p>\n<p>&nbsp;<\/p>\n<table border=\"0\" width=\"236\" cellspacing=\"0\" cellpadding=\"0\">\n<colgroup>\n<col width=\"84\" \/>\n<col width=\"152\" \/><\/colgroup>\n<tbody>\n<tr>\n<td width=\"84\" height=\"20\">391-01<\/td>\n<td width=\"152\">H14\/16\/18\/20<\/td>\n<\/tr>\n<tr>\n<td height=\"20\">392-02<\/td>\n<td>H20\/25 &#8211; 02<\/td>\n<\/tr>\n<tr>\n<td height=\"20\">392-01<\/td>\n<td>H20\/25<\/td>\n<\/tr>\n<tr>\n<td height=\"20\">393-02<\/td>\n<td>H25\/30\/35 &#8211; 02<\/td>\n<\/tr>\n<tr>\n<td height=\"20\">393-01<\/td>\n<td>H25\/30\/35<\/td>\n<\/tr>\n<tr>\n<td height=\"20\">394-02<\/td>\n<td>H40\/45\/50 &#8211; 02<\/td>\n<\/tr>\n<tr>\n<td height=\"20\">394-01<\/td>\n<td><span style=\"font-size: medium;\">H40\/45\/50<\/span><\/td>\n<\/tr>\n<\/tbody>\n<\/table>\n<p><\/p>","protected":false},"excerpt":{"rendered":"<p data-start=\"0\" data-end=\"214\"><br data-start=\"2357\" data-end=\"2360\" \/>El <strong data-start=\"2363\" data-end=\"2400\">filtro de aceite hidr\u00e1ulico Linde<\/strong> es un filtro de alta calidad utilizado en montacargas y maquinaria pesada. Mantiene limpio el aceite hidr\u00e1ulico, mejorando el rendimiento y la vida \u00fatil de la m\u00e1quina.<\/p>\n<p data-start=\"2570\" data-end=\"2741\"><strong data-start=\"2570\" data-end=\"2590\">Caracter\u00edsticas:<\/strong><br data-start=\"2590\" data-end=\"2593\" \/><strong data-start=\"2593\" data-end=\"2613\">N\u00famero de pieza:<\/strong> 0009831644<br data-start=\"2624\" data-end=\"2627\" \/><strong data-start=\"2627\" data-end=\"2635\">Uso:<\/strong> Montacargas y maquinaria pesada<br data-start=\"2667\" data-end=\"2670\" \/><strong data-start=\"2670\" data-end=\"2684\">Beneficio:<\/strong> Alta capacidad de filtraci\u00f3n y larga vida \u00fatil<\/p>\n<p data-start=\"2743\" data-end=\"2746\" data-is-last-node=\"\" data-is-only-node=\"\">\n","protected":false},"featured_media":15703,"template":"","meta":[],"product_brand":[],"product_cat":[246,498,523],"product_tag":[],"class_list":{"0":"post-15701","1":"product","2":"type-product","3":"status-publish","4":"has-post-thumbnail","6":"product_cat-linde","7":"product_cat-filtre-cesitleri","8":"product_cat-yedek-parca-linde","10":"first","11":"instock","12":"taxable","13":"shipping-taxable","14":"purchasable","15":"product-type-simple"},"_links":{"self":[{"href":"https:\/\/ceoparts.com\/es\/wp-json\/wp\/v2\/product\/15701","targetHints":{"allow":["GET"]}}],"collection":[{"href":"https:\/\/ceoparts.com\/es\/wp-json\/wp\/v2\/product"}],"about":[{"href":"https:\/\/ceoparts.com\/es\/wp-json\/wp\/v2\/types\/product"}],"wp:featuredmedia":[{"embeddable":true,"href":"https:\/\/ceoparts.com\/es\/wp-json\/wp\/v2\/media\/15703"}],"wp:attachment":[{"href":"https:\/\/ceoparts.com\/es\/wp-json\/wp\/v2\/media?parent=15701"}],"wp:term":[{"taxonomy":"product_brand","embeddable":true,"href":"https:\/\/ceoparts.com\/es\/wp-json\/wp\/v2\/product_brand?post=15701"},{"taxonomy":"product_cat","embeddable":true,"href":"https:\/\/ceoparts.com\/es\/wp-json\/wp\/v2\/product_cat?post=15701"},{"taxonomy":"product_tag","embeddable":true,"href":"https:\/\/ceoparts.com\/es\/wp-json\/wp\/v2\/product_tag?post=15701"}],"curies":[{"name":"wp","href":"https:\/\/api.w.org\/{rel}","templated":true}]}}