{"id":15706,"date":"2025-03-03T15:45:54","date_gmt":"2025-03-03T12:45:54","guid":{"rendered":"https:\/\/ceoparts.com\/?post_type=product&#038;p=15706"},"modified":"2026-05-16T22:19:20","modified_gmt":"2026-05-16T19:19:20","slug":"linde-boru-aksami-1844401442","status":"publish","type":"product","link":"https:\/\/ceoparts.com\/es\/urun\/linde-boru-aksami-1844401442\/","title":{"rendered":"Conjunto de tuber\u00eda Linde &#8211; 1844401442"},"content":{"rendered":"<p>Conjunto de tuber\u00eda Linde &#8211; 1844401442<\/p>","protected":false},"excerpt":{"rendered":"<p data-start=\"0\" data-end=\"214\"><br data-start=\"2422\" data-end=\"2425\" \/>El <strong data-start=\"2428\" data-end=\"2458\">conjunto de tuber\u00edas Linde<\/strong> est\u00e1 compuesto por conexiones de tuber\u00edas duraderas y de alta calidad utilizadas en montacargas y maquinaria pesada. Garantiza fiabilidad y una larga vida \u00fatil en sistemas hidr\u00e1ulicos y otros sistemas de fluidos.<\/p>\n<p data-start=\"2673\" data-end=\"2835\"><strong data-start=\"2673\" data-end=\"2693\">Caracter\u00edsticas:<\/strong><br data-start=\"2693\" data-end=\"2696\" \/><strong data-start=\"2696\" data-end=\"2716\">N\u00famero de pieza:<\/strong> 1844401442<br data-start=\"2727\" data-end=\"2730\" \/><strong data-start=\"2730\" data-end=\"2738\">Uso:<\/strong> Montacargas y maquinaria pesada<br data-start=\"2770\" data-end=\"2773\" \/><strong data-start=\"2773\" data-end=\"2787\">Beneficio:<\/strong> Alta durabilidad y conexiones fiables<\/p>\n<p data-start=\"2837\" data-end=\"2840\" data-is-last-node=\"\" data-is-only-node=\"\">\n","protected":false},"featured_media":15708,"template":"","meta":[],"product_brand":[],"product_cat":[246,470,523],"product_tag":[],"class_list":{"0":"post-15706","1":"product","2":"type-product","3":"status-publish","4":"has-post-thumbnail","6":"product_cat-linde","7":"product_cat-diger-yedek-parcalar","8":"product_cat-yedek-parca-linde","10":"first","11":"instock","12":"taxable","13":"shipping-taxable","14":"purchasable","15":"product-type-simple"},"_links":{"self":[{"href":"https:\/\/ceoparts.com\/es\/wp-json\/wp\/v2\/product\/15706","targetHints":{"allow":["GET"]}}],"collection":[{"href":"https:\/\/ceoparts.com\/es\/wp-json\/wp\/v2\/product"}],"about":[{"href":"https:\/\/ceoparts.com\/es\/wp-json\/wp\/v2\/types\/product"}],"wp:featuredmedia":[{"embeddable":true,"href":"https:\/\/ceoparts.com\/es\/wp-json\/wp\/v2\/media\/15708"}],"wp:attachment":[{"href":"https:\/\/ceoparts.com\/es\/wp-json\/wp\/v2\/media?parent=15706"}],"wp:term":[{"taxonomy":"product_brand","embeddable":true,"href":"https:\/\/ceoparts.com\/es\/wp-json\/wp\/v2\/product_brand?post=15706"},{"taxonomy":"product_cat","embeddable":true,"href":"https:\/\/ceoparts.com\/es\/wp-json\/wp\/v2\/product_cat?post=15706"},{"taxonomy":"product_tag","embeddable":true,"href":"https:\/\/ceoparts.com\/es\/wp-json\/wp\/v2\/product_tag?post=15706"}],"curies":[{"name":"wp","href":"https:\/\/api.w.org\/{rel}","templated":true}]}}