{"id":15715,"date":"2025-03-03T16:09:50","date_gmt":"2025-03-03T13:09:50","guid":{"rendered":"https:\/\/ceoparts.com\/?post_type=product&#038;p=15715"},"modified":"2026-05-16T21:36:20","modified_gmt":"2026-05-16T18:36:20","slug":"linde-baglanti-direksiyon-silindiri-3014501302-147182","status":"publish","type":"product","link":"https:\/\/ceoparts.com\/es\/urun\/linde-baglanti-direksiyon-silindiri-3014501302-147182\/","title":{"rendered":"Conexi\u00f3n del cilindro de direcci\u00f3n Linde &#8211; 3014501302, 147182"},"content":{"rendered":"<p>Conexi\u00f3n del cilindro de direcci\u00f3n Linde &#8211; 3014501302, 147182<\/p>\n<p><\/p>","protected":false},"excerpt":{"rendered":"<p data-start=\"0\" data-end=\"208\"><br data-start=\"2358\" data-end=\"2361\" \/>El <strong data-start=\"2364\" data-end=\"2412\">acoplamiento del cilindro de direcci\u00f3n Linde<\/strong> es una pieza de alta calidad y duradera dise\u00f1ada para montacargas y maquinaria pesada. Mejora la precisi\u00f3n de la direcci\u00f3n y garantiza una conducci\u00f3n segura.<\/p>\n<p data-start=\"2572\" data-end=\"2749\"><strong data-start=\"2572\" data-end=\"2592\">Caracter\u00edsticas:<\/strong><br data-start=\"2592\" data-end=\"2595\" \/><strong data-start=\"2595\" data-end=\"2616\">N\u00fameros de pieza:<\/strong> 3014501302, 147182<br data-start=\"2635\" data-end=\"2638\" \/><strong data-start=\"2638\" data-end=\"2646\">Uso:<\/strong> Montacargas y maquinaria pesada<br data-start=\"2678\" data-end=\"2681\" \/><strong data-start=\"2681\" data-end=\"2695\">Beneficio:<\/strong> Alta durabilidad y excelente compatibilidad<\/p>\n<p data-start=\"2751\" data-end=\"2754\" data-is-last-node=\"\" data-is-only-node=\"\">\n","protected":false},"featured_media":15717,"template":"","meta":[],"product_brand":[],"product_cat":[523,524,241,246,470],"product_tag":[],"class_list":{"0":"post-15715","1":"product","2":"type-product","3":"status-publish","4":"has-post-thumbnail","6":"product_cat-yedek-parca-linde","7":"product_cat-yedek-parca-still","8":"product_cat-still","9":"product_cat-linde","10":"product_cat-diger-yedek-parcalar","12":"first","13":"instock","14":"taxable","15":"shipping-taxable","16":"purchasable","17":"product-type-simple"},"_links":{"self":[{"href":"https:\/\/ceoparts.com\/es\/wp-json\/wp\/v2\/product\/15715","targetHints":{"allow":["GET"]}}],"collection":[{"href":"https:\/\/ceoparts.com\/es\/wp-json\/wp\/v2\/product"}],"about":[{"href":"https:\/\/ceoparts.com\/es\/wp-json\/wp\/v2\/types\/product"}],"wp:featuredmedia":[{"embeddable":true,"href":"https:\/\/ceoparts.com\/es\/wp-json\/wp\/v2\/media\/15717"}],"wp:attachment":[{"href":"https:\/\/ceoparts.com\/es\/wp-json\/wp\/v2\/media?parent=15715"}],"wp:term":[{"taxonomy":"product_brand","embeddable":true,"href":"https:\/\/ceoparts.com\/es\/wp-json\/wp\/v2\/product_brand?post=15715"},{"taxonomy":"product_cat","embeddable":true,"href":"https:\/\/ceoparts.com\/es\/wp-json\/wp\/v2\/product_cat?post=15715"},{"taxonomy":"product_tag","embeddable":true,"href":"https:\/\/ceoparts.com\/es\/wp-json\/wp\/v2\/product_tag?post=15715"}],"curies":[{"name":"wp","href":"https:\/\/api.w.org\/{rel}","templated":true}]}}