{"id":15719,"date":"2025-03-03T16:23:15","date_gmt":"2025-03-03T13:23:15","guid":{"rendered":"https:\/\/ceoparts.com\/?post_type=product&#038;p=15719"},"modified":"2026-05-16T22:32:09","modified_gmt":"2026-05-16T19:32:09","slug":"linde-kol-montaji-3935201100","status":"publish","type":"product","link":"https:\/\/ceoparts.com\/es\/urun\/linde-kol-montaji-3935201100\/","title":{"rendered":"Soporte de brazo Linde &#8211; 3935201100"},"content":{"rendered":"<p>Soporte de brazo Linde &#8211; 3935201100<\/p>\n<p><\/p>","protected":false},"excerpt":{"rendered":"<p data-start=\"0\" data-end=\"200\"><br data-start=\"2314\" data-end=\"2317\" \/>El <strong data-start=\"2320\" data-end=\"2346\">montaje de brazo Linde<\/strong> es una pieza de montaje duradera y precisa dise\u00f1ada espec\u00edficamente para montacargas y maquinaria pesada. Facilita el control del operador y mejora el rendimiento de la m\u00e1quina.<\/p>\n<p data-start=\"2526\" data-end=\"2694\"><strong data-start=\"2526\" data-end=\"2546\">Caracter\u00edsticas:<\/strong><br data-start=\"2546\" data-end=\"2549\" \/><strong data-start=\"2549\" data-end=\"2569\">N\u00famero de pieza:<\/strong> 3935201100<br data-start=\"2580\" data-end=\"2583\" \/><strong data-start=\"2583\" data-end=\"2591\">Uso:<\/strong> Montacargas y maquinaria pesada<br data-start=\"2623\" data-end=\"2626\" \/><strong data-start=\"2626\" data-end=\"2640\">Beneficio:<\/strong> Construcci\u00f3n duradera y alta compatibilidad<\/p>\n<p data-start=\"2696\" data-end=\"2699\" data-is-last-node=\"\" data-is-only-node=\"\">\n","protected":false},"featured_media":15720,"template":"","meta":[],"product_brand":[],"product_cat":[246,470,523],"product_tag":[],"class_list":{"0":"post-15719","1":"product","2":"type-product","3":"status-publish","4":"has-post-thumbnail","6":"product_cat-linde","7":"product_cat-diger-yedek-parcalar","8":"product_cat-yedek-parca-linde","10":"first","11":"instock","12":"taxable","13":"shipping-taxable","14":"purchasable","15":"product-type-simple"},"_links":{"self":[{"href":"https:\/\/ceoparts.com\/es\/wp-json\/wp\/v2\/product\/15719","targetHints":{"allow":["GET"]}}],"collection":[{"href":"https:\/\/ceoparts.com\/es\/wp-json\/wp\/v2\/product"}],"about":[{"href":"https:\/\/ceoparts.com\/es\/wp-json\/wp\/v2\/types\/product"}],"wp:featuredmedia":[{"embeddable":true,"href":"https:\/\/ceoparts.com\/es\/wp-json\/wp\/v2\/media\/15720"}],"wp:attachment":[{"href":"https:\/\/ceoparts.com\/es\/wp-json\/wp\/v2\/media?parent=15719"}],"wp:term":[{"taxonomy":"product_brand","embeddable":true,"href":"https:\/\/ceoparts.com\/es\/wp-json\/wp\/v2\/product_brand?post=15719"},{"taxonomy":"product_cat","embeddable":true,"href":"https:\/\/ceoparts.com\/es\/wp-json\/wp\/v2\/product_cat?post=15719"},{"taxonomy":"product_tag","embeddable":true,"href":"https:\/\/ceoparts.com\/es\/wp-json\/wp\/v2\/product_tag?post=15719"}],"curies":[{"name":"wp","href":"https:\/\/api.w.org\/{rel}","templated":true}]}}