{"id":15723,"date":"2025-03-03T16:44:33","date_gmt":"2025-03-03T13:44:33","guid":{"rendered":"https:\/\/ceoparts.com\/?post_type=product&#038;p=15723"},"modified":"2026-05-16T23:42:47","modified_gmt":"2026-05-16T20:42:47","slug":"linde-hidrolik-filtre-0009837004","status":"publish","type":"product","link":"https:\/\/ceoparts.com\/es\/urun\/linde-hidrolik-filtre-0009837004\/","title":{"rendered":"Filtro hidr\u00e1ulico Linde &#8211; 0009837004"},"content":{"rendered":"<p>Filtro hidr\u00e1ulico Linde &#8211; 0009837004<\/p>","protected":false},"excerpt":{"rendered":"<p data-start=\"0\" data-end=\"224\"><br data-start=\"2760\" data-end=\"2763\" \/>El <strong data-start=\"2766\" data-end=\"2793\">filtro hidr\u00e1ulico Linde<\/strong> es un filtro de alta calidad dise\u00f1ado espec\u00edficamente para montacargas y maquinaria pesada. Asegura un funcionamiento limpio y eficiente de los sistemas hidr\u00e1ulicos, prolongando la vida del sistema y previniendo fallas.<\/p>\n<p data-start=\"3015\" data-end=\"3222\"><strong data-start=\"3015\" data-end=\"3035\">Caracter\u00edsticas:<\/strong><br data-start=\"3035\" data-end=\"3038\" \/><strong data-start=\"3038\" data-end=\"3058\">N\u00famero de pieza:<\/strong> 0009837004<br data-start=\"3069\" data-end=\"3072\" \/><strong data-start=\"3072\" data-end=\"3081\">Tipo:<\/strong> Filtro hidr\u00e1ulico<br data-start=\"3099\" data-end=\"3102\" \/><strong data-start=\"3102\" data-end=\"3110\">Uso:<\/strong> Montacargas y maquinaria pesada<br data-start=\"3142\" data-end=\"3145\" \/><strong data-start=\"3145\" data-end=\"3159\">Beneficio:<\/strong> Alta capacidad de filtraci\u00f3n y construcci\u00f3n duradera<\/p>\n<p data-start=\"3224\" data-end=\"3227\" data-is-last-node=\"\" data-is-only-node=\"\">\n<p>linde-386-E12-E14-E15-E16-E18-E20<\/p>\n","protected":false},"featured_media":15724,"template":"","meta":[],"product_brand":[],"product_cat":[246,498,523],"product_tag":[],"class_list":{"0":"post-15723","1":"product","2":"type-product","3":"status-publish","4":"has-post-thumbnail","6":"product_cat-linde","7":"product_cat-filtre-cesitleri","8":"product_cat-yedek-parca-linde","10":"first","11":"instock","12":"taxable","13":"shipping-taxable","14":"purchasable","15":"product-type-simple"},"_links":{"self":[{"href":"https:\/\/ceoparts.com\/es\/wp-json\/wp\/v2\/product\/15723","targetHints":{"allow":["GET"]}}],"collection":[{"href":"https:\/\/ceoparts.com\/es\/wp-json\/wp\/v2\/product"}],"about":[{"href":"https:\/\/ceoparts.com\/es\/wp-json\/wp\/v2\/types\/product"}],"wp:featuredmedia":[{"embeddable":true,"href":"https:\/\/ceoparts.com\/es\/wp-json\/wp\/v2\/media\/15724"}],"wp:attachment":[{"href":"https:\/\/ceoparts.com\/es\/wp-json\/wp\/v2\/media?parent=15723"}],"wp:term":[{"taxonomy":"product_brand","embeddable":true,"href":"https:\/\/ceoparts.com\/es\/wp-json\/wp\/v2\/product_brand?post=15723"},{"taxonomy":"product_cat","embeddable":true,"href":"https:\/\/ceoparts.com\/es\/wp-json\/wp\/v2\/product_cat?post=15723"},{"taxonomy":"product_tag","embeddable":true,"href":"https:\/\/ceoparts.com\/es\/wp-json\/wp\/v2\/product_tag?post=15723"}],"curies":[{"name":"wp","href":"https:\/\/api.w.org\/{rel}","templated":true}]}}