{"id":15739,"date":"2025-03-03T17:15:32","date_gmt":"2025-03-03T14:15:32","guid":{"rendered":"https:\/\/ceoparts.com\/?post_type=product&#038;p=15739"},"modified":"2026-05-16T20:20:40","modified_gmt":"2026-05-16T17:20:40","slug":"linde-hidrolik-filtre-0009831684","status":"publish","type":"product","link":"https:\/\/ceoparts.com\/es\/urun\/linde-hidrolik-filtre-0009831684\/","title":{"rendered":"Filtro hidr\u00e1ulico Linde &#8211; 0009831684"},"content":{"rendered":"<p>Filtro hidr\u00e1ulico Linde &#8211; 0009831684<\/p>\n<p><\/p>","protected":false},"excerpt":{"rendered":"<p data-start=\"0\" data-end=\"236\"><br data-start=\"2733\" data-end=\"2736\" \/>El <strong data-start=\"2739\" data-end=\"2766\">filtro hidr\u00e1ulico Linde<\/strong> es un filtro duradero y de alta calidad utilizado en los sistemas hidr\u00e1ulicos de montacargas y maquinaria pesada. Mantiene el sistema limpio, mejorando el rendimiento y la vida \u00fatil de los componentes hidr\u00e1ulicos.<\/p>\n<p data-start=\"2982\" data-end=\"3182\"><strong data-start=\"2982\" data-end=\"3002\">Caracter\u00edsticas:<\/strong><br data-start=\"3002\" data-end=\"3005\" \/><strong data-start=\"3005\" data-end=\"3025\">N\u00famero de pieza:<\/strong> 0009831684<br data-start=\"3036\" data-end=\"3039\" \/><strong data-start=\"3039\" data-end=\"3048\">Tipo:<\/strong> Filtro hidr\u00e1ulico<br data-start=\"3066\" data-end=\"3069\" \/><strong data-start=\"3069\" data-end=\"3077\">Uso:<\/strong> Montacargas y maquinaria pesada<br data-start=\"3109\" data-end=\"3112\" \/><strong data-start=\"3112\" data-end=\"3126\">Beneficio:<\/strong> Alta capacidad de filtraci\u00f3n y larga duraci\u00f3n<\/p>\n<p data-start=\"3184\" data-end=\"3187\" data-is-last-node=\"\" data-is-only-node=\"\">\n","protected":false},"featured_media":15744,"template":"","meta":[],"product_brand":[],"product_cat":[246,498,523],"product_tag":[],"class_list":{"0":"post-15739","1":"product","2":"type-product","3":"status-publish","4":"has-post-thumbnail","6":"product_cat-linde","7":"product_cat-filtre-cesitleri","8":"product_cat-yedek-parca-linde","10":"first","11":"instock","12":"taxable","13":"shipping-taxable","14":"purchasable","15":"product-type-simple"},"_links":{"self":[{"href":"https:\/\/ceoparts.com\/es\/wp-json\/wp\/v2\/product\/15739","targetHints":{"allow":["GET"]}}],"collection":[{"href":"https:\/\/ceoparts.com\/es\/wp-json\/wp\/v2\/product"}],"about":[{"href":"https:\/\/ceoparts.com\/es\/wp-json\/wp\/v2\/types\/product"}],"wp:featuredmedia":[{"embeddable":true,"href":"https:\/\/ceoparts.com\/es\/wp-json\/wp\/v2\/media\/15744"}],"wp:attachment":[{"href":"https:\/\/ceoparts.com\/es\/wp-json\/wp\/v2\/media?parent=15739"}],"wp:term":[{"taxonomy":"product_brand","embeddable":true,"href":"https:\/\/ceoparts.com\/es\/wp-json\/wp\/v2\/product_brand?post=15739"},{"taxonomy":"product_cat","embeddable":true,"href":"https:\/\/ceoparts.com\/es\/wp-json\/wp\/v2\/product_cat?post=15739"},{"taxonomy":"product_tag","embeddable":true,"href":"https:\/\/ceoparts.com\/es\/wp-json\/wp\/v2\/product_tag?post=15739"}],"curies":[{"name":"wp","href":"https:\/\/api.w.org\/{rel}","templated":true}]}}