{"id":15745,"date":"2025-03-04T08:57:09","date_gmt":"2025-03-04T05:57:09","guid":{"rendered":"https:\/\/ceoparts.com\/?post_type=product&#038;p=15745"},"modified":"2026-05-16T18:58:05","modified_gmt":"2026-05-16T15:58:05","slug":"linde-hidrolik-filtre-0009831717","status":"publish","type":"product","link":"https:\/\/ceoparts.com\/es\/urun\/linde-hidrolik-filtre-0009831717\/","title":{"rendered":"Filtro hidr\u00e1ulico Linde &#8211; 0009831717"},"content":{"rendered":"<p>Filtro hidr\u00e1ulico Linde &#8211; 0009831717<\/p>\n<p>STILL<\/p>\n<p>FM<br \/>\nFM-X<br \/>\nFM_I<br \/>\nFM_N<\/p>\n<p>8424325<\/p>\n<p>LINDE<\/p>\n<p>346 E18\/E20\/E20P<br \/>\n386 E12\/E14\/E15\/E16\/E18\/E20<br \/>\n1313-01 H25\/H27\/H30\/H32<br \/>\n1120-01 R10\/12\/14\/16\/25<\/p>\n<p>0009831717<\/p>","protected":false},"excerpt":{"rendered":"<p data-start=\"0\" data-end=\"244\"><br data-start=\"2774\" data-end=\"2777\" \/>El <strong data-start=\"2780\" data-end=\"2807\">filtro hidr\u00e1ulico Linde<\/strong> es un filtro de alta calidad utilizado en los sistemas hidr\u00e1ulicos de montacargas y maquinaria pesada. Mantiene el sistema limpio, contribuyendo a la larga vida \u00fatil y al funcionamiento eficiente de los componentes hidr\u00e1ulicos.<\/p>\n<p data-start=\"3037\" data-end=\"3237\"><strong data-start=\"3037\" data-end=\"3057\">Caracter\u00edsticas:<\/strong><br data-start=\"3057\" data-end=\"3060\" \/><strong data-start=\"3060\" data-end=\"3080\">N\u00famero de pieza:<\/strong> 0009831717<br data-start=\"3091\" data-end=\"3094\" \/><strong data-start=\"3094\" data-end=\"3103\">Tipo:<\/strong> Filtro hidr\u00e1ulico<br data-start=\"3121\" data-end=\"3124\" \/><strong data-start=\"3124\" data-end=\"3132\">Uso:<\/strong> Montacargas y maquinaria pesada<br data-start=\"3164\" data-end=\"3167\" \/><strong data-start=\"3167\" data-end=\"3181\">Beneficio:<\/strong> Alta capacidad de filtraci\u00f3n y larga duraci\u00f3n<\/p>\n<p data-start=\"3239\" data-end=\"3242\" data-is-last-node=\"\" data-is-only-node=\"\">\n","protected":false},"featured_media":15747,"template":"","meta":[],"product_brand":[],"product_cat":[241,246,498,523,524],"product_tag":[],"class_list":{"0":"post-15745","1":"product","2":"type-product","3":"status-publish","4":"has-post-thumbnail","6":"product_cat-still","7":"product_cat-linde","8":"product_cat-filtre-cesitleri","9":"product_cat-yedek-parca-linde","10":"product_cat-yedek-parca-still","12":"first","13":"instock","14":"taxable","15":"shipping-taxable","16":"purchasable","17":"product-type-simple"},"_links":{"self":[{"href":"https:\/\/ceoparts.com\/es\/wp-json\/wp\/v2\/product\/15745","targetHints":{"allow":["GET"]}}],"collection":[{"href":"https:\/\/ceoparts.com\/es\/wp-json\/wp\/v2\/product"}],"about":[{"href":"https:\/\/ceoparts.com\/es\/wp-json\/wp\/v2\/types\/product"}],"wp:featuredmedia":[{"embeddable":true,"href":"https:\/\/ceoparts.com\/es\/wp-json\/wp\/v2\/media\/15747"}],"wp:attachment":[{"href":"https:\/\/ceoparts.com\/es\/wp-json\/wp\/v2\/media?parent=15745"}],"wp:term":[{"taxonomy":"product_brand","embeddable":true,"href":"https:\/\/ceoparts.com\/es\/wp-json\/wp\/v2\/product_brand?post=15745"},{"taxonomy":"product_cat","embeddable":true,"href":"https:\/\/ceoparts.com\/es\/wp-json\/wp\/v2\/product_cat?post=15745"},{"taxonomy":"product_tag","embeddable":true,"href":"https:\/\/ceoparts.com\/es\/wp-json\/wp\/v2\/product_tag?post=15745"}],"curies":[{"name":"wp","href":"https:\/\/api.w.org\/{rel}","templated":true}]}}