{"id":15757,"date":"2025-03-04T09:42:06","date_gmt":"2025-03-04T06:42:06","guid":{"rendered":"https:\/\/ceoparts.com\/?post_type=product&#038;p=15757"},"modified":"2026-05-16T16:34:24","modified_gmt":"2026-05-16T13:34:24","slug":"linde-hidrolik-filtre-9831686","status":"publish","type":"product","link":"https:\/\/ceoparts.com\/es\/urun\/linde-hidrolik-filtre-9831686\/","title":{"rendered":"Filtro hidr\u00e1ulico Linde &#8211; 9831686"},"content":{"rendered":"<p>Filtro hidr\u00e1ulico Linde &#8211; 9831686<\/p>\n<p><\/p>","protected":false},"excerpt":{"rendered":"<p data-start=\"0\" data-end=\"248\"><br data-start=\"2855\" data-end=\"2858\" \/>El <strong data-start=\"2861\" data-end=\"2888\">filtro hidr\u00e1ulico Linde<\/strong> es un filtro de alta calidad dise\u00f1ado para mantener limpios y eficientes los sistemas hidr\u00e1ulicos en montacargas y maquinaria pesada. Evita que la suciedad y part\u00edculas entren al sistema, prolongando la vida \u00fatil del equipo.<\/p>\n<p data-start=\"3115\" data-end=\"3318\"><strong data-start=\"3115\" data-end=\"3135\">Caracter\u00edsticas:<\/strong><br data-start=\"3135\" data-end=\"3138\" \/><strong data-start=\"3138\" data-end=\"3158\">N\u00famero de pieza:<\/strong> 9831686<br data-start=\"3166\" data-end=\"3169\" \/><strong data-start=\"3169\" data-end=\"3178\">Tipo:<\/strong> Filtro hidr\u00e1ulico<br data-start=\"3196\" data-end=\"3199\" \/><strong data-start=\"3199\" data-end=\"3207\">Uso:<\/strong> Montacargas y maquinaria pesada<br data-start=\"3239\" data-end=\"3242\" \/><strong data-start=\"3242\" data-end=\"3256\">Beneficio:<\/strong> Alta capacidad de filtraci\u00f3n y rendimiento duradero<\/p>\n<p data-start=\"3320\" data-end=\"3323\" data-is-last-node=\"\" data-is-only-node=\"\">\n","protected":false},"featured_media":15759,"template":"","meta":[],"product_brand":[],"product_cat":[246,498,523],"product_tag":[],"class_list":{"0":"post-15757","1":"product","2":"type-product","3":"status-publish","4":"has-post-thumbnail","6":"product_cat-linde","7":"product_cat-filtre-cesitleri","8":"product_cat-yedek-parca-linde","10":"first","11":"instock","12":"taxable","13":"shipping-taxable","14":"purchasable","15":"product-type-simple"},"_links":{"self":[{"href":"https:\/\/ceoparts.com\/es\/wp-json\/wp\/v2\/product\/15757","targetHints":{"allow":["GET"]}}],"collection":[{"href":"https:\/\/ceoparts.com\/es\/wp-json\/wp\/v2\/product"}],"about":[{"href":"https:\/\/ceoparts.com\/es\/wp-json\/wp\/v2\/types\/product"}],"wp:featuredmedia":[{"embeddable":true,"href":"https:\/\/ceoparts.com\/es\/wp-json\/wp\/v2\/media\/15759"}],"wp:attachment":[{"href":"https:\/\/ceoparts.com\/es\/wp-json\/wp\/v2\/media?parent=15757"}],"wp:term":[{"taxonomy":"product_brand","embeddable":true,"href":"https:\/\/ceoparts.com\/es\/wp-json\/wp\/v2\/product_brand?post=15757"},{"taxonomy":"product_cat","embeddable":true,"href":"https:\/\/ceoparts.com\/es\/wp-json\/wp\/v2\/product_cat?post=15757"},{"taxonomy":"product_tag","embeddable":true,"href":"https:\/\/ceoparts.com\/es\/wp-json\/wp\/v2\/product_tag?post=15757"}],"curies":[{"name":"wp","href":"https:\/\/api.w.org\/{rel}","templated":true}]}}