{"id":15785,"date":"2025-03-04T11:13:58","date_gmt":"2025-03-04T08:13:58","guid":{"rendered":"https:\/\/ceoparts.com\/?post_type=product&#038;p=15785"},"modified":"2026-05-16T22:04:04","modified_gmt":"2026-05-16T19:04:04","slug":"linde-akson-3014530305","status":"publish","type":"product","link":"https:\/\/ceoparts.com\/es\/urun\/linde-akson-3014530305\/","title":{"rendered":"Linde Akson &#8211; 3014530305"},"content":{"rendered":"<p>Linde Akson &#8211; 3014530305<\/p>\n","protected":false},"excerpt":{"rendered":"<div class=\"m389_6m m9tr_5r mpof_ki mqen_m6\" tabindex=\"1\" role=\"tab\" data-testid=\"heading\">\n<p data-start=\"0\" data-end=\"201\"><br data-start=\"2466\" data-end=\"2469\" \/>El <strong data-start=\"2472\" data-end=\"2485\">eje Linde<\/strong> es un componente duradero y de alto rendimiento utilizado en montacargas y maquinaria pesada. Asegura una transmisi\u00f3n de potencia confiable y contribuye a la operaci\u00f3n eficiente de la m\u00e1quina.<\/p>\n<p data-start=\"2680\" data-end=\"2873\"><strong data-start=\"2680\" data-end=\"2700\">Caracter\u00edsticas:<\/strong><br data-start=\"2700\" data-end=\"2703\" \/><strong data-start=\"2703\" data-end=\"2723\">N\u00famero de pieza:<\/strong> 3014530305<br data-start=\"2734\" data-end=\"2737\" \/><strong data-start=\"2737\" data-end=\"2746\">Tipo:<\/strong> Eje<br data-start=\"2750\" data-end=\"2753\" \/><strong data-start=\"2753\" data-end=\"2761\">Uso:<\/strong> Montacargas y maquinaria pesada<br data-start=\"2793\" data-end=\"2796\" \/><strong data-start=\"2796\" data-end=\"2810\">Beneficio:<\/strong> Alta durabilidad y transmisi\u00f3n de potencia confiable<\/p>\n<p data-start=\"2875\" data-end=\"2878\" data-is-last-node=\"\" data-is-only-node=\"\">\n<h5 class=\"mp0t_ji munh_0 m3h2_0 mqu1_1j mgmw_wo m9qz_yq mgn2_16 mgn2_17_s mryx_8 mp4t_8 mzaq_1 _1b0db_llr9c\">Linde<\/h5>\n<\/div>\n<div class=\"\" data-testid=\"content\">\n<ul class=\"mb54_5r mp4t_0 m3h2_0 mryx_0 munh_0 mh36_16 mzaq_1\">\n<li>\n<p class=\"mgn2_14 mp0t_0a mqu1_21 mgmw_wo mli8_k4 mp4t_0 m3h2_0 mryx_0 munh_0 _1b0db_llr9c _1b0db_aqhL6\">H14 seria 350 \/ 391<\/p>\n<\/li>\n<li>\n<p class=\"mgn2_14 mp0t_0a mqu1_21 mgmw_wo mli8_k4 mp4t_0 m3h2_0 mryx_0 munh_0 _1b0db_llr9c _1b0db_aqhL6\">H16 seria 350 \/ 391<\/p>\n<\/li>\n<li>\n<p class=\"mgn2_14 mp0t_0a mqu1_21 mgmw_wo mli8_k4 mp4t_0 m3h2_0 mryx_0 munh_0 _1b0db_llr9c _1b0db_aqhL6\">H18 seria 350 \/ 391<\/p>\n<\/li>\n<li>\n<p class=\"mgn2_14 mp0t_0a mqu1_21 mgmw_wo mli8_k4 mp4t_0 m3h2_0 mryx_0 munh_0 _1b0db_llr9c _1b0db_aqhL6\">H20 seria 350 \/ 391<\/p>\n<\/li>\n<\/ul>\n<\/div>\n","protected":false},"featured_media":15787,"template":"","meta":[],"product_brand":[],"product_cat":[246,450,523],"product_tag":[],"class_list":{"0":"post-15785","1":"product","2":"type-product","3":"status-publish","4":"has-post-thumbnail","6":"product_cat-linde","7":"product_cat-direksiyon-sistemleri","8":"product_cat-yedek-parca-linde","10":"first","11":"instock","12":"taxable","13":"shipping-taxable","14":"purchasable","15":"product-type-simple"},"_links":{"self":[{"href":"https:\/\/ceoparts.com\/es\/wp-json\/wp\/v2\/product\/15785","targetHints":{"allow":["GET"]}}],"collection":[{"href":"https:\/\/ceoparts.com\/es\/wp-json\/wp\/v2\/product"}],"about":[{"href":"https:\/\/ceoparts.com\/es\/wp-json\/wp\/v2\/types\/product"}],"wp:featuredmedia":[{"embeddable":true,"href":"https:\/\/ceoparts.com\/es\/wp-json\/wp\/v2\/media\/15787"}],"wp:attachment":[{"href":"https:\/\/ceoparts.com\/es\/wp-json\/wp\/v2\/media?parent=15785"}],"wp:term":[{"taxonomy":"product_brand","embeddable":true,"href":"https:\/\/ceoparts.com\/es\/wp-json\/wp\/v2\/product_brand?post=15785"},{"taxonomy":"product_cat","embeddable":true,"href":"https:\/\/ceoparts.com\/es\/wp-json\/wp\/v2\/product_cat?post=15785"},{"taxonomy":"product_tag","embeddable":true,"href":"https:\/\/ceoparts.com\/es\/wp-json\/wp\/v2\/product_tag?post=15785"}],"curies":[{"name":"wp","href":"https:\/\/api.w.org\/{rel}","templated":true}]}}