{"id":15789,"date":"2025-03-04T11:19:55","date_gmt":"2025-03-04T08:19:55","guid":{"rendered":"https:\/\/ceoparts.com\/?post_type=product&#038;p=15789"},"modified":"2026-05-16T21:36:53","modified_gmt":"2026-05-16T18:36:53","slug":"linde-halka-dislisi-annular-gear-4222641009","status":"publish","type":"product","link":"https:\/\/ceoparts.com\/es\/urun\/linde-halka-dislisi-annular-gear-4222641009\/","title":{"rendered":"Engranaje en anillo Linde &#8211; 4222641009"},"content":{"rendered":"<p>Engranaje en anillo Linde &#8211; 4222641009<\/p>","protected":false},"excerpt":{"rendered":"<p data-start=\"0\" data-end=\"202\"><br data-start=\"2741\" data-end=\"2744\" \/>El <strong data-start=\"2747\" data-end=\"2788\">engranaje anular Linde (Annular Gear)<\/strong> es un engranaje duradero utilizado en montacargas y maquinaria pesada. Proporciona alta transmisi\u00f3n de torque y potencia, mejora el rendimiento de la m\u00e1quina y garantiza una larga vida \u00fatil.<\/p>\n<p data-start=\"2981\" data-end=\"3200\"><strong data-start=\"2981\" data-end=\"3001\">Caracter\u00edsticas:<\/strong><br data-start=\"3001\" data-end=\"3004\" \/><strong data-start=\"3004\" data-end=\"3024\">N\u00famero de pieza:<\/strong> 4222641009<br data-start=\"3035\" data-end=\"3038\" \/><strong data-start=\"3038\" data-end=\"3047\">Tipo:<\/strong> Engranaje anular (Annular Gear)<br data-start=\"3079\" data-end=\"3082\" \/><strong data-start=\"3082\" data-end=\"3090\">Uso:<\/strong> Montacargas y maquinaria pesada<br data-start=\"3122\" data-end=\"3125\" \/><strong data-start=\"3125\" data-end=\"3139\">Beneficio:<\/strong> Alta transmisi\u00f3n de torque y construcci\u00f3n duradera<\/p>\n<p data-start=\"3202\" data-end=\"3205\" data-is-last-node=\"\" data-is-only-node=\"\">\n<p>386-01-02<\/p>\n<p>&nbsp;<\/p>\n","protected":false},"featured_media":15790,"template":"","meta":[],"product_brand":[],"product_cat":[246,470,523],"product_tag":[],"class_list":{"0":"post-15789","1":"product","2":"type-product","3":"status-publish","4":"has-post-thumbnail","6":"product_cat-linde","7":"product_cat-diger-yedek-parcalar","8":"product_cat-yedek-parca-linde","10":"first","11":"instock","12":"taxable","13":"shipping-taxable","14":"purchasable","15":"product-type-simple"},"_links":{"self":[{"href":"https:\/\/ceoparts.com\/es\/wp-json\/wp\/v2\/product\/15789","targetHints":{"allow":["GET"]}}],"collection":[{"href":"https:\/\/ceoparts.com\/es\/wp-json\/wp\/v2\/product"}],"about":[{"href":"https:\/\/ceoparts.com\/es\/wp-json\/wp\/v2\/types\/product"}],"wp:featuredmedia":[{"embeddable":true,"href":"https:\/\/ceoparts.com\/es\/wp-json\/wp\/v2\/media\/15790"}],"wp:attachment":[{"href":"https:\/\/ceoparts.com\/es\/wp-json\/wp\/v2\/media?parent=15789"}],"wp:term":[{"taxonomy":"product_brand","embeddable":true,"href":"https:\/\/ceoparts.com\/es\/wp-json\/wp\/v2\/product_brand?post=15789"},{"taxonomy":"product_cat","embeddable":true,"href":"https:\/\/ceoparts.com\/es\/wp-json\/wp\/v2\/product_cat?post=15789"},{"taxonomy":"product_tag","embeddable":true,"href":"https:\/\/ceoparts.com\/es\/wp-json\/wp\/v2\/product_tag?post=15789"}],"curies":[{"name":"wp","href":"https:\/\/api.w.org\/{rel}","templated":true}]}}