{"id":15807,"date":"2025-03-04T14:37:23","date_gmt":"2025-03-04T11:37:23","guid":{"rendered":"https:\/\/ceoparts.com\/?post_type=product&#038;p=15807"},"modified":"2026-05-16T18:10:52","modified_gmt":"2026-05-16T15:10:52","slug":"linde-e16-aku-kapak-kilidi-0009311057","status":"publish","type":"product","link":"https:\/\/ceoparts.com\/es\/urun\/linde-e16-aku-kapak-kilidi-0009311057\/","title":{"rendered":"Cerradura de tapa de bater\u00eda Linde E16 &#8211; 0009311057"},"content":{"rendered":"<p>Cerradura de tapa de bater\u00eda Linde E16 &#8211; 0009311057<\/p>","protected":false},"excerpt":{"rendered":"<p data-start=\"0\" data-end=\"210\"><br data-start=\"2451\" data-end=\"2454\" \/>El <strong data-start=\"2457\" data-end=\"2501\">candado de cubierta de bater\u00eda Linde E16<\/strong> es un candado resistente que asegura la cubierta de la bater\u00eda del montacargas. Protege la bater\u00eda contra accesos no autorizados y contribuye a la operaci\u00f3n segura del montacargas.<\/p>\n<p data-start=\"2684\" data-end=\"2875\"><strong data-start=\"2684\" data-end=\"2704\">Caracter\u00edsticas:<\/strong><br data-start=\"2704\" data-end=\"2707\" \/><strong data-start=\"2707\" data-end=\"2727\">N\u00famero de pieza:<\/strong> 0009311057<br data-start=\"2738\" data-end=\"2741\" \/><strong data-start=\"2741\" data-end=\"2749\">Uso:<\/strong> Seguridad de la cubierta de bater\u00eda<br data-start=\"2785\" data-end=\"2788\" \/><strong data-start=\"2788\" data-end=\"2802\">Beneficio:<\/strong> <strong data-start=\"2803\" data-end=\"2838\">Previene accesos no autorizados<\/strong> y <strong data-start=\"2841\" data-end=\"2873\">asegura una operaci\u00f3n segura<\/strong><\/p>\n<p data-start=\"2877\" data-end=\"2880\" data-is-last-node=\"\" data-is-only-node=\"\">\n","protected":false},"featured_media":15809,"template":"","meta":[],"product_brand":[],"product_cat":[246,443,470,523],"product_tag":[],"class_list":{"0":"post-15807","1":"product","2":"type-product","3":"status-publish","4":"has-post-thumbnail","6":"product_cat-linde","7":"product_cat-aku-parcalari","8":"product_cat-diger-yedek-parcalar","9":"product_cat-yedek-parca-linde","11":"first","12":"instock","13":"taxable","14":"shipping-taxable","15":"purchasable","16":"product-type-simple"},"_links":{"self":[{"href":"https:\/\/ceoparts.com\/es\/wp-json\/wp\/v2\/product\/15807","targetHints":{"allow":["GET"]}}],"collection":[{"href":"https:\/\/ceoparts.com\/es\/wp-json\/wp\/v2\/product"}],"about":[{"href":"https:\/\/ceoparts.com\/es\/wp-json\/wp\/v2\/types\/product"}],"wp:featuredmedia":[{"embeddable":true,"href":"https:\/\/ceoparts.com\/es\/wp-json\/wp\/v2\/media\/15809"}],"wp:attachment":[{"href":"https:\/\/ceoparts.com\/es\/wp-json\/wp\/v2\/media?parent=15807"}],"wp:term":[{"taxonomy":"product_brand","embeddable":true,"href":"https:\/\/ceoparts.com\/es\/wp-json\/wp\/v2\/product_brand?post=15807"},{"taxonomy":"product_cat","embeddable":true,"href":"https:\/\/ceoparts.com\/es\/wp-json\/wp\/v2\/product_cat?post=15807"},{"taxonomy":"product_tag","embeddable":true,"href":"https:\/\/ceoparts.com\/es\/wp-json\/wp\/v2\/product_tag?post=15807"}],"curies":[{"name":"wp","href":"https:\/\/api.w.org\/{rel}","templated":true}]}}