{"id":15829,"date":"2025-03-04T15:12:23","date_gmt":"2025-03-04T12:12:23","guid":{"rendered":"https:\/\/ceoparts.com\/?post_type=product&#038;p=15829"},"modified":"2026-05-16T18:34:32","modified_gmt":"2026-05-16T15:34:32","slug":"linde-hortum-makarasi-0009203307","status":"publish","type":"product","link":"https:\/\/ceoparts.com\/es\/urun\/linde-hortum-makarasi-0009203307\/","title":{"rendered":"Carrete de manguera Linde &#8211; 0009203307"},"content":{"rendered":"<p>Carrete de manguera Linde &#8211; 0009203307<\/p>\n<p><\/p>","protected":false},"excerpt":{"rendered":"<p data-start=\"0\" data-end=\"204\"><br data-start=\"2515\" data-end=\"2518\" \/>El <strong data-start=\"2521\" data-end=\"2553\">carrete para mangueras Linde<\/strong> est\u00e1 dise\u00f1ado para enrollar de forma ordenada y segura las mangueras en carretillas elevadoras. Fabricado con materiales <strong data-start=\"2675\" data-end=\"2688\">duraderos<\/strong>, ofrece una larga vida \u00fatil y una f\u00e1cil instalaci\u00f3n.<\/p>\n<p data-start=\"2743\" data-end=\"2975\"><strong data-start=\"2743\" data-end=\"2763\">Caracter\u00edsticas:<\/strong><br data-start=\"2763\" data-end=\"2766\" \/><strong data-start=\"2766\" data-end=\"2786\">N\u00famero de pieza:<\/strong> 0009203307<br data-start=\"2797\" data-end=\"2800\" \/><strong data-start=\"2800\" data-end=\"2808\">Uso:<\/strong> Gesti\u00f3n de mangueras en carretillas elevadoras<br data-start=\"2855\" data-end=\"2858\" \/><strong data-start=\"2858\" data-end=\"2871\">Material:<\/strong> Construcci\u00f3n <strong data-start=\"2885\" data-end=\"2899\">resistente<\/strong> y robusta<br data-start=\"2909\" data-end=\"2912\" \/><strong data-start=\"2912\" data-end=\"2924\">Funci\u00f3n:<\/strong> Enrollado correcto y protecci\u00f3n de las mangueras<\/p>\n<p data-start=\"2977\" data-end=\"2980\" data-is-last-node=\"\" data-is-only-node=\"\">\n","protected":false},"featured_media":15834,"template":"","meta":[],"product_brand":[],"product_cat":[246,470,523],"product_tag":[],"class_list":{"0":"post-15829","1":"product","2":"type-product","3":"status-publish","4":"has-post-thumbnail","6":"product_cat-linde","7":"product_cat-diger-yedek-parcalar","8":"product_cat-yedek-parca-linde","10":"first","11":"instock","12":"taxable","13":"shipping-taxable","14":"purchasable","15":"product-type-simple"},"_links":{"self":[{"href":"https:\/\/ceoparts.com\/es\/wp-json\/wp\/v2\/product\/15829","targetHints":{"allow":["GET"]}}],"collection":[{"href":"https:\/\/ceoparts.com\/es\/wp-json\/wp\/v2\/product"}],"about":[{"href":"https:\/\/ceoparts.com\/es\/wp-json\/wp\/v2\/types\/product"}],"wp:featuredmedia":[{"embeddable":true,"href":"https:\/\/ceoparts.com\/es\/wp-json\/wp\/v2\/media\/15834"}],"wp:attachment":[{"href":"https:\/\/ceoparts.com\/es\/wp-json\/wp\/v2\/media?parent=15829"}],"wp:term":[{"taxonomy":"product_brand","embeddable":true,"href":"https:\/\/ceoparts.com\/es\/wp-json\/wp\/v2\/product_brand?post=15829"},{"taxonomy":"product_cat","embeddable":true,"href":"https:\/\/ceoparts.com\/es\/wp-json\/wp\/v2\/product_cat?post=15829"},{"taxonomy":"product_tag","embeddable":true,"href":"https:\/\/ceoparts.com\/es\/wp-json\/wp\/v2\/product_tag?post=15829"}],"curies":[{"name":"wp","href":"https:\/\/api.w.org\/{rel}","templated":true}]}}