{"id":15840,"date":"2025-03-04T15:31:17","date_gmt":"2025-03-04T12:31:17","guid":{"rendered":"https:\/\/ceoparts.com\/?post_type=product&#038;p=15840"},"modified":"2026-05-16T17:33:47","modified_gmt":"2026-05-16T14:33:47","slug":"linde-amortisor-0009655685","status":"publish","type":"product","link":"https:\/\/ceoparts.com\/es\/urun\/linde-amortisor-0009655685\/","title":{"rendered":"Amortiguador Linde &#8211; 0009655685"},"content":{"rendered":"<p>Amortiguador Linde &#8211; 0009655685<\/p>","protected":false},"excerpt":{"rendered":"<p data-start=\"109\" data-end=\"338\"><br data-start=\"2711\" data-end=\"2714\" \/>El <strong data-start=\"2717\" data-end=\"2739\">amortiguador Linde<\/strong> est\u00e1 dise\u00f1ado para garantizar la comodidad de conducci\u00f3n y la estabilidad de las carretillas elevadoras. Su estructura de material <strong data-start=\"2871\" data-end=\"2890\">de alta calidad<\/strong> ofrece un uso prolongado y reduce las vibraciones <strong data-start=\"2941\" data-end=\"2960\">de forma eficaz<\/strong>.<\/p>\n<p data-start=\"2963\" data-end=\"3194\"><strong data-start=\"2963\" data-end=\"2983\">Caracter\u00edsticas:<\/strong><br data-start=\"2983\" data-end=\"2986\" \/><strong data-start=\"2986\" data-end=\"2997\">Medida:<\/strong> 0009655685<br data-start=\"3008\" data-end=\"3011\" \/><strong data-start=\"3011\" data-end=\"3019\">Uso:<\/strong> Sistema de amortiguador de carretillas elevadoras<br data-start=\"3069\" data-end=\"3072\" \/><strong data-start=\"3072\" data-end=\"3084\">Funci\u00f3n:<\/strong> Amortiguaci\u00f3n de vibraciones y aumento de estabilidad<br data-start=\"3138\" data-end=\"3141\" \/><strong data-start=\"3141\" data-end=\"3157\">Durabilidad:<\/strong> <strong data-start=\"3158\" data-end=\"3172\">Resistente<\/strong> y de larga duraci\u00f3n<\/p>\n<p data-start=\"3196\" data-end=\"3201\">\n<p>386-25 E14-20<br \/>\n386 E12\/14\/15\/16\/18\/20<\/p>\n","protected":false},"featured_media":15841,"template":"","meta":[],"product_brand":[],"product_cat":[246,497,523],"product_tag":[],"class_list":{"0":"post-15840","1":"product","2":"type-product","3":"status-publish","4":"has-post-thumbnail","6":"product_cat-linde","7":"product_cat-amortisor-grubu","8":"product_cat-yedek-parca-linde","10":"first","11":"instock","12":"taxable","13":"shipping-taxable","14":"purchasable","15":"product-type-simple"},"_links":{"self":[{"href":"https:\/\/ceoparts.com\/es\/wp-json\/wp\/v2\/product\/15840","targetHints":{"allow":["GET"]}}],"collection":[{"href":"https:\/\/ceoparts.com\/es\/wp-json\/wp\/v2\/product"}],"about":[{"href":"https:\/\/ceoparts.com\/es\/wp-json\/wp\/v2\/types\/product"}],"wp:featuredmedia":[{"embeddable":true,"href":"https:\/\/ceoparts.com\/es\/wp-json\/wp\/v2\/media\/15841"}],"wp:attachment":[{"href":"https:\/\/ceoparts.com\/es\/wp-json\/wp\/v2\/media?parent=15840"}],"wp:term":[{"taxonomy":"product_brand","embeddable":true,"href":"https:\/\/ceoparts.com\/es\/wp-json\/wp\/v2\/product_brand?post=15840"},{"taxonomy":"product_cat","embeddable":true,"href":"https:\/\/ceoparts.com\/es\/wp-json\/wp\/v2\/product_cat?post=15840"},{"taxonomy":"product_tag","embeddable":true,"href":"https:\/\/ceoparts.com\/es\/wp-json\/wp\/v2\/product_tag?post=15840"}],"curies":[{"name":"wp","href":"https:\/\/api.w.org\/{rel}","templated":true}]}}