{"id":15872,"date":"2025-03-05T12:00:29","date_gmt":"2025-03-05T09:00:29","guid":{"rendered":"https:\/\/ceoparts.com\/?post_type=product&#038;p=15872"},"modified":"2026-05-16T12:10:20","modified_gmt":"2026-05-16T09:10:20","slug":"285x100-40-stellana-yuk-tekeri-51115430-51160625","status":"publish","type":"product","link":"https:\/\/ceoparts.com\/es\/urun\/285x100-40-stellana-yuk-tekeri-51115430-51160625\/","title":{"rendered":"285&#215;100-40 Stellana Vulkollan Rueda de Carga &#8211;  51115430, 51160625"},"content":{"rendered":"<p>285&#215;100-40 Stellana Vulkollan Rueda de Carga &#8211;  51115430, 51160625<\/p>\n<table border=\"0\" width=\"231\" cellspacing=\"0\" cellpadding=\"0\">\n<colgroup><\/colgroup>\n<colgroup>\n<col width=\"167\" \/>\n<col width=\"64\" \/><\/colgroup>\n<tbody>\n<tr>\n<td width=\"167\" height=\"20\"><span style=\"font-family: tim;\">ETM\/V 214\/216<\/span><\/td>\n<td width=\"64\"><span style=\"font-family: tim;\">9.11 &#8211;\u00a0<\/span><\/td>\n<\/tr>\n<tr>\n<td height=\"20\"><span style=\"font-family: tim;\">ETM\/V 214\/216 (US)<\/span><\/td>\n<td><span style=\"font-family: tim;\">9.11 &#8211;\u00a0<\/span><\/td>\n<\/tr>\n<tr>\n<td height=\"20\"><span style=\"font-family: tim;\">ETM\/V 214\/216 Cab<\/span><\/td>\n<td><span style=\"font-family: tim;\">9.11 &#8211;\u00a0<\/span><\/td>\n<\/tr>\n<tr>\n<td height=\"20\"><span style=\"font-family: tim;\">ETM\/V 214\/216 (CN)<\/span><\/td>\n<td><span style=\"font-family: tim;\">12.11<\/span><\/td>\n<\/tr>\n<\/tbody>\n<\/table>","protected":false},"excerpt":{"rendered":"<p data-start=\"3039\" data-end=\"3283\">La rueda de carga de alta resistencia Stellana Vulkollan est\u00e1 dise\u00f1ada para montacargas y maquinaria pesada. Fabricada en Vulkollan, garantiza una larga vida \u00fatil y un alto rendimiento. Reduce las vibraciones y mejora la comodidad del operador.<\/p>\n<p data-start=\"3285\" data-end=\"3473\"><strong data-start=\"3285\" data-end=\"3306\">Especificaciones:<\/strong><br data-start=\"3306\" data-end=\"3309\" \/>Medida: 285\u00d7100-40<br data-start=\"3327\" data-end=\"3330\" \/>Material: Vulkollan<br data-start=\"3349\" data-end=\"3352\" \/>Uso: Montacargas y maquinaria pesada<br data-start=\"3388\" data-end=\"3391\" \/>Capacidad de carga: Alta<br data-start=\"3415\" data-end=\"3418\" \/>Durabilidad: Larga vida \u00fatil y resistente al desgaste<\/p>\n","protected":false},"featured_media":15884,"template":"","meta":[],"product_brand":[],"product_cat":[416,419,194],"product_tag":[],"class_list":{"0":"post-15872","1":"product","2":"type-product","3":"status-publish","4":"has-post-thumbnail","6":"product_cat-stellana","7":"product_cat-yuk-tekeri-stellana","8":"product_cat-yuk-tekeri","10":"first","11":"instock","12":"taxable","13":"shipping-taxable","14":"purchasable","15":"product-type-simple"},"_links":{"self":[{"href":"https:\/\/ceoparts.com\/es\/wp-json\/wp\/v2\/product\/15872","targetHints":{"allow":["GET"]}}],"collection":[{"href":"https:\/\/ceoparts.com\/es\/wp-json\/wp\/v2\/product"}],"about":[{"href":"https:\/\/ceoparts.com\/es\/wp-json\/wp\/v2\/types\/product"}],"wp:featuredmedia":[{"embeddable":true,"href":"https:\/\/ceoparts.com\/es\/wp-json\/wp\/v2\/media\/15884"}],"wp:attachment":[{"href":"https:\/\/ceoparts.com\/es\/wp-json\/wp\/v2\/media?parent=15872"}],"wp:term":[{"taxonomy":"product_brand","embeddable":true,"href":"https:\/\/ceoparts.com\/es\/wp-json\/wp\/v2\/product_brand?post=15872"},{"taxonomy":"product_cat","embeddable":true,"href":"https:\/\/ceoparts.com\/es\/wp-json\/wp\/v2\/product_cat?post=15872"},{"taxonomy":"product_tag","embeddable":true,"href":"https:\/\/ceoparts.com\/es\/wp-json\/wp\/v2\/product_tag?post=15872"}],"curies":[{"name":"wp","href":"https:\/\/api.w.org\/{rel}","templated":true}]}}