{"id":15895,"date":"2025-03-14T09:16:25","date_gmt":"2025-03-14T06:16:25","guid":{"rendered":"https:\/\/ceoparts.com\/?post_type=product&#038;p=15895"},"modified":"2026-05-16T10:57:53","modified_gmt":"2026-05-16T07:57:53","slug":"hyster-wicke-denge-mekanizmasi-o125-1573924","status":"publish","type":"product","link":"https:\/\/ceoparts.com\/es\/urun\/hyster-wicke-denge-mekanizmasi-o125-1573924\/","title":{"rendered":"Mecanismo de equilibrio Hyster Wicke \u00f8125 &#8211; 1573924"},"content":{"rendered":"<p>Mecanismo de equilibrio Hyster Wicke \u00f8125 &#8211; 1573924<\/p>","protected":false},"excerpt":{"rendered":"<p data-start=\"3156\" data-end=\"3455\">El mecanismo de equilibrio de alta resistencia Hyster Wicke est\u00e1 especialmente dise\u00f1ado para montacargas y maquinaria pesada. Su estructura robusta garantiza una larga vida \u00fatil y un rendimiento superior. Reduce las vibraciones, mejora la comodidad del operador y ofrece una alta capacidad de carga.<\/p>\n<p data-start=\"3457\" data-end=\"3645\"><strong data-start=\"3457\" data-end=\"3478\">Especificaciones:<\/strong><br data-start=\"3478\" data-end=\"3481\" \/>Medida: \u00f8125<br data-start=\"3493\" data-end=\"3496\" \/>Material: Cuerpo de acero<br data-start=\"3521\" data-end=\"3524\" \/>Uso: Montacargas y maquinaria pesada<br data-start=\"3560\" data-end=\"3563\" \/>Capacidad de carga: Alta<br data-start=\"3587\" data-end=\"3590\" \/>Durabilidad: Larga vida \u00fatil y resistente al desgaste<\/p>\n","protected":false},"featured_media":15897,"template":"","meta":[],"product_brand":[],"product_cat":[256,420,421,424],"product_tag":[],"class_list":{"0":"post-15895","1":"product","2":"type-product","3":"status-publish","4":"has-post-thumbnail","6":"product_cat-hyster","7":"product_cat-denge-mekanizmalar","8":"product_cat-hyster-denge-mekanizma","9":"product_cat-wicke-denge-mekanizma","11":"first","12":"instock","13":"taxable","14":"shipping-taxable","15":"purchasable","16":"product-type-simple"},"_links":{"self":[{"href":"https:\/\/ceoparts.com\/es\/wp-json\/wp\/v2\/product\/15895","targetHints":{"allow":["GET"]}}],"collection":[{"href":"https:\/\/ceoparts.com\/es\/wp-json\/wp\/v2\/product"}],"about":[{"href":"https:\/\/ceoparts.com\/es\/wp-json\/wp\/v2\/types\/product"}],"wp:featuredmedia":[{"embeddable":true,"href":"https:\/\/ceoparts.com\/es\/wp-json\/wp\/v2\/media\/15897"}],"wp:attachment":[{"href":"https:\/\/ceoparts.com\/es\/wp-json\/wp\/v2\/media?parent=15895"}],"wp:term":[{"taxonomy":"product_brand","embeddable":true,"href":"https:\/\/ceoparts.com\/es\/wp-json\/wp\/v2\/product_brand?post=15895"},{"taxonomy":"product_cat","embeddable":true,"href":"https:\/\/ceoparts.com\/es\/wp-json\/wp\/v2\/product_cat?post=15895"},{"taxonomy":"product_tag","embeddable":true,"href":"https:\/\/ceoparts.com\/es\/wp-json\/wp\/v2\/product_tag?post=15895"}],"curies":[{"name":"wp","href":"https:\/\/api.w.org\/{rel}","templated":true}]}}