{"id":15903,"date":"2025-03-14T09:35:55","date_gmt":"2025-03-14T06:35:55","guid":{"rendered":"https:\/\/ceoparts.com\/?post_type=product&#038;p=15903"},"modified":"2026-05-16T17:12:39","modified_gmt":"2026-05-16T14:12:39","slug":"125x50-50-25-wicke-denge-tekeri-1599507","status":"publish","type":"product","link":"https:\/\/ceoparts.com\/es\/urun\/125x50-50-25-wicke-denge-tekeri-1599507\/","title":{"rendered":"Rueda de equilibrio 125&#215;50\/50-25 Wicke &#8211; 1599507"},"content":{"rendered":"<p>Rueda de equilibrio 125&#215;50\/50-25 Wicke &#8211; 1599507<\/p>","protected":false},"excerpt":{"rendered":"<p>La rueda de equilibrio de alta resistencia Wicke est\u00e1 dise\u00f1ada para montacargas y maquinaria pesada. Fabricada en Vulkollan, garantiza una larga vida \u00fatil y un alto rendimiento. Reduce las vibraciones y mejora la comodidad del operador.<\/p>\n<p><strong>Especificaciones:<\/strong><br \/>\nMedida: 125\u00d750\/50-25<br \/>\nMaterial: Vulkollan<br \/>\nUso: Montacargas y maquinaria pesada<br \/>\nCapacidad de carga: Alta<br \/>\nDurabilidad: Larga vida \u00fatil y resistente al desgaste<\/p>\n","protected":false},"featured_media":15907,"template":"","meta":[],"product_brand":[],"product_cat":[256,258,401,403,185],"product_tag":[],"class_list":{"0":"post-15903","1":"product","2":"type-product","3":"status-publish","4":"has-post-thumbnail","6":"product_cat-hyster","7":"product_cat-denge-tekeri-hyster","8":"product_cat-wicke","9":"product_cat-denge-tekeri-wicke","10":"product_cat-denge-tekeri","12":"first","13":"instock","14":"taxable","15":"shipping-taxable","16":"purchasable","17":"product-type-simple"},"_links":{"self":[{"href":"https:\/\/ceoparts.com\/es\/wp-json\/wp\/v2\/product\/15903","targetHints":{"allow":["GET"]}}],"collection":[{"href":"https:\/\/ceoparts.com\/es\/wp-json\/wp\/v2\/product"}],"about":[{"href":"https:\/\/ceoparts.com\/es\/wp-json\/wp\/v2\/types\/product"}],"wp:featuredmedia":[{"embeddable":true,"href":"https:\/\/ceoparts.com\/es\/wp-json\/wp\/v2\/media\/15907"}],"wp:attachment":[{"href":"https:\/\/ceoparts.com\/es\/wp-json\/wp\/v2\/media?parent=15903"}],"wp:term":[{"taxonomy":"product_brand","embeddable":true,"href":"https:\/\/ceoparts.com\/es\/wp-json\/wp\/v2\/product_brand?post=15903"},{"taxonomy":"product_cat","embeddable":true,"href":"https:\/\/ceoparts.com\/es\/wp-json\/wp\/v2\/product_cat?post=15903"},{"taxonomy":"product_tag","embeddable":true,"href":"https:\/\/ceoparts.com\/es\/wp-json\/wp\/v2\/product_tag?post=15903"}],"curies":[{"name":"wp","href":"https:\/\/api.w.org\/{rel}","templated":true}]}}