{"id":15913,"date":"2025-03-14T11:36:23","date_gmt":"2025-03-14T08:36:23","guid":{"rendered":"https:\/\/ceoparts.com\/?post_type=product&#038;p=15913"},"modified":"2026-05-16T15:14:36","modified_gmt":"2026-05-16T12:14:36","slug":"hyster-wicke-denge-mekanizmasi-tekerleksiz-o125-543323","status":"publish","type":"product","link":"https:\/\/ceoparts.com\/es\/urun\/hyster-wicke-denge-mekanizmasi-tekerleksiz-o125-543323\/","title":{"rendered":"Mecanismo de equilibrio Hyster Wicke (Sin Rueda) \u00f8125 \u2013 543323"},"content":{"rendered":"<p>Mecanismo de equilibrio Hyster Wicke (Sin Rueda) \u00f8125 \u2013 543323<\/p>","protected":false},"excerpt":{"rendered":"<p data-start=\"3137\" data-end=\"3425\">El mecanismo de equilibrio de alta resistencia Hyster Wicke est\u00e1 dise\u00f1ado para montacargas y maquinaria pesada. Su estructura sin ruedas garantiza una larga vida \u00fatil y un rendimiento superior. Reduce las vibraciones, mejora la comodidad del operador y ofrece una alta capacidad de carga.<\/p>\n<p data-start=\"3427\" data-end=\"3615\"><strong data-start=\"3427\" data-end=\"3448\">Especificaciones:<\/strong><br data-start=\"3448\" data-end=\"3451\" \/>Medida: \u00f8125<br data-start=\"3463\" data-end=\"3466\" \/>Material: Cuerpo de acero<br data-start=\"3491\" data-end=\"3494\" \/>Uso: Montacargas y maquinaria pesada<br data-start=\"3530\" data-end=\"3533\" \/>Capacidad de carga: Alta<br data-start=\"3557\" data-end=\"3560\" \/>Durabilidad: Larga vida \u00fatil y resistente al desgaste<\/p>\n","protected":false},"featured_media":15919,"template":"","meta":[],"product_brand":[],"product_cat":[256,401,420,421,532],"product_tag":[],"class_list":{"0":"post-15913","1":"product","2":"type-product","3":"status-publish","4":"has-post-thumbnail","6":"product_cat-hyster","7":"product_cat-wicke","8":"product_cat-denge-mekanizmalar","9":"product_cat-hyster-denge-mekanizma","10":"product_cat-mekanizmalar-wicke","12":"first","13":"instock","14":"taxable","15":"shipping-taxable","16":"purchasable","17":"product-type-simple"},"_links":{"self":[{"href":"https:\/\/ceoparts.com\/es\/wp-json\/wp\/v2\/product\/15913","targetHints":{"allow":["GET"]}}],"collection":[{"href":"https:\/\/ceoparts.com\/es\/wp-json\/wp\/v2\/product"}],"about":[{"href":"https:\/\/ceoparts.com\/es\/wp-json\/wp\/v2\/types\/product"}],"wp:featuredmedia":[{"embeddable":true,"href":"https:\/\/ceoparts.com\/es\/wp-json\/wp\/v2\/media\/15919"}],"wp:attachment":[{"href":"https:\/\/ceoparts.com\/es\/wp-json\/wp\/v2\/media?parent=15913"}],"wp:term":[{"taxonomy":"product_brand","embeddable":true,"href":"https:\/\/ceoparts.com\/es\/wp-json\/wp\/v2\/product_brand?post=15913"},{"taxonomy":"product_cat","embeddable":true,"href":"https:\/\/ceoparts.com\/es\/wp-json\/wp\/v2\/product_cat?post=15913"},{"taxonomy":"product_tag","embeddable":true,"href":"https:\/\/ceoparts.com\/es\/wp-json\/wp\/v2\/product_tag?post=15913"}],"curies":[{"name":"wp","href":"https:\/\/api.w.org\/{rel}","templated":true}]}}