{"id":16052,"date":"2025-03-17T16:36:14","date_gmt":"2025-03-17T13:36:14","guid":{"rendered":"https:\/\/ceoparts.com\/?post_type=product&#038;p=16052"},"modified":"2026-05-16T09:34:14","modified_gmt":"2026-05-16T06:34:14","slug":"150x50-65-12-stellana-denge-tekeri-0039903515","status":"publish","type":"product","link":"https:\/\/ceoparts.com\/es\/urun\/150x50-65-12-stellana-denge-tekeri-0039903515\/","title":{"rendered":"150&#215;50\/65-12 Rueda Stellana &#8211; 0039903515"},"content":{"rendered":"<p>150&#215;50\/65-12 Rueda Stellana &#8211; 0039903515<\/p>\n<p>372\u00a0L14\/16<br \/>\n372 L14\/16\/L14AP\/16AP<br \/>\n379\u00a0L10\/12-L10\/12AS<\/p>","protected":false},"excerpt":{"rendered":"<p data-start=\"3072\" data-end=\"3369\">La rueda de carga Stellana tiene alta durabilidad y est\u00e1 dise\u00f1ada para montacargas y maquinaria pesada. Fabricada con material Vulkollan, ofrece larga vida \u00fatil y rendimiento superior. Reduce las vibraciones, mejorando la comodidad del operador, y posee una alta capacidad de carga.<\/p>\n<p data-start=\"3371\" data-end=\"3560\"><strong data-start=\"3371\" data-end=\"3392\">Especificaciones:<\/strong><br data-start=\"3392\" data-end=\"3395\" \/>Medidas: 150\u00d750\/65-12<br data-start=\"3416\" data-end=\"3419\" \/>Material: Vulkollan<br data-start=\"3438\" data-end=\"3441\" \/>Uso: Montacargas y maquinaria pesada<br data-start=\"3477\" data-end=\"3480\" \/>Capacidad de carga: Alta<br data-start=\"3504\" data-end=\"3507\" \/>Durabilidad: Larga vida \u00fatil y resistente al desgaste<\/p>\n","protected":false},"featured_media":17615,"template":"","meta":[],"product_brand":[],"product_cat":[416,417,185],"product_tag":[],"class_list":{"0":"post-16052","1":"product","2":"type-product","3":"status-publish","4":"has-post-thumbnail","6":"product_cat-stellana","7":"product_cat-denge-tekeri-stellana","8":"product_cat-denge-tekeri","10":"first","11":"instock","12":"taxable","13":"shipping-taxable","14":"purchasable","15":"product-type-simple"},"_links":{"self":[{"href":"https:\/\/ceoparts.com\/es\/wp-json\/wp\/v2\/product\/16052","targetHints":{"allow":["GET"]}}],"collection":[{"href":"https:\/\/ceoparts.com\/es\/wp-json\/wp\/v2\/product"}],"about":[{"href":"https:\/\/ceoparts.com\/es\/wp-json\/wp\/v2\/types\/product"}],"wp:featuredmedia":[{"embeddable":true,"href":"https:\/\/ceoparts.com\/es\/wp-json\/wp\/v2\/media\/17615"}],"wp:attachment":[{"href":"https:\/\/ceoparts.com\/es\/wp-json\/wp\/v2\/media?parent=16052"}],"wp:term":[{"taxonomy":"product_brand","embeddable":true,"href":"https:\/\/ceoparts.com\/es\/wp-json\/wp\/v2\/product_brand?post=16052"},{"taxonomy":"product_cat","embeddable":true,"href":"https:\/\/ceoparts.com\/es\/wp-json\/wp\/v2\/product_cat?post=16052"},{"taxonomy":"product_tag","embeddable":true,"href":"https:\/\/ceoparts.com\/es\/wp-json\/wp\/v2\/product_tag?post=16052"}],"curies":[{"name":"wp","href":"https:\/\/api.w.org\/{rel}","templated":true}]}}