{"id":16097,"date":"2025-03-19T12:00:51","date_gmt":"2025-03-19T09:00:51","guid":{"rendered":"https:\/\/ceoparts.com\/?post_type=product&#038;p=16097"},"modified":"2026-05-16T19:25:51","modified_gmt":"2026-05-16T16:25:51","slug":"norma-calisma-lambasi-kare-16-led-48w-nr161716","status":"publish","type":"product","link":"https:\/\/ceoparts.com\/es\/urun\/norma-calisma-lambasi-kare-16-led-48w-nr161716\/","title":{"rendered":"L\u00e1mpara de Escritorio Norma Cuadrada 16 LED 9-80V 48W &#8211; NR161716"},"content":{"rendered":"<p>L\u00e1mpara de Escritorio Norma Cuadrada 16 LED 9-80V 48W &#8211; NR161716<\/p>","protected":false},"excerpt":{"rendered":"<p data-start=\"3822\" data-end=\"4181\">La <strong data-start=\"3825\" data-end=\"3862\">L\u00e1mpara de trabajo cuadrada Norma<\/strong> proporciona una iluminaci\u00f3n potente y amplia con 16 LEDs de alto rendimiento. Funciona en un amplio rango de voltaje de 9 a 80V y consume 48W, ofreciendo eficiencia energ\u00e9tica. Su dise\u00f1o cuadrado permite diversas opciones de montaje. Soluci\u00f3n ideal para industria, talleres, carretillas elevadoras y maquinaria pesada.<\/p>\n<p data-start=\"4183\" data-end=\"4205\"><strong data-start=\"4183\" data-end=\"4203\">Caracter\u00edsticas:<\/strong><\/p>\n<ul data-start=\"4206\" data-end=\"4396\">\n<li data-start=\"4206\" data-end=\"4224\">\n<p data-start=\"4208\" data-end=\"4224\">Voltaje: 9-80V<\/p>\n<\/li>\n<li data-start=\"4225\" data-end=\"4242\">\n<p data-start=\"4227\" data-end=\"4242\">Potencia: 48W<\/p>\n<\/li>\n<li data-start=\"4243\" data-end=\"4290\">\n<p data-start=\"4245\" data-end=\"4290\">N\u00famero de LEDs: 16 LEDs de alto rendimiento<\/p>\n<\/li>\n<li data-start=\"4291\" data-end=\"4317\">\n<p data-start=\"4293\" data-end=\"4317\">Dise\u00f1o: forma cuadrada<\/p>\n<\/li>\n<li data-start=\"4318\" data-end=\"4350\">\n<p data-start=\"4320\" data-end=\"4350\">Iluminaci\u00f3n amplia y potente<\/p>\n<\/li>\n<li data-start=\"4351\" data-end=\"4376\">\n<p data-start=\"4353\" data-end=\"4376\">Construcci\u00f3n duradera<\/p>\n<\/li>\n<li data-start=\"4377\" data-end=\"4396\">\n<p data-start=\"4379\" data-end=\"4396\">F\u00e1cil de montar<\/p>\n<\/li>\n<\/ul>\n","protected":false},"featured_media":16707,"template":"","meta":[],"product_brand":[],"product_cat":[251,463,518],"product_tag":[],"class_list":{"0":"post-16097","1":"product","2":"type-product","3":"status-publish","4":"has-post-thumbnail","6":"product_cat-bt","7":"product_cat-aydinlatma-grubu","8":"product_cat-yedek-parca-bt","10":"first","11":"instock","12":"taxable","13":"shipping-taxable","14":"purchasable","15":"product-type-simple"},"_links":{"self":[{"href":"https:\/\/ceoparts.com\/es\/wp-json\/wp\/v2\/product\/16097","targetHints":{"allow":["GET"]}}],"collection":[{"href":"https:\/\/ceoparts.com\/es\/wp-json\/wp\/v2\/product"}],"about":[{"href":"https:\/\/ceoparts.com\/es\/wp-json\/wp\/v2\/types\/product"}],"wp:featuredmedia":[{"embeddable":true,"href":"https:\/\/ceoparts.com\/es\/wp-json\/wp\/v2\/media\/16707"}],"wp:attachment":[{"href":"https:\/\/ceoparts.com\/es\/wp-json\/wp\/v2\/media?parent=16097"}],"wp:term":[{"taxonomy":"product_brand","embeddable":true,"href":"https:\/\/ceoparts.com\/es\/wp-json\/wp\/v2\/product_brand?post=16097"},{"taxonomy":"product_cat","embeddable":true,"href":"https:\/\/ceoparts.com\/es\/wp-json\/wp\/v2\/product_cat?post=16097"},{"taxonomy":"product_tag","embeddable":true,"href":"https:\/\/ceoparts.com\/es\/wp-json\/wp\/v2\/product_tag?post=16097"}],"curies":[{"name":"wp","href":"https:\/\/api.w.org\/{rel}","templated":true}]}}