{"id":16124,"date":"2025-03-19T14:38:41","date_gmt":"2025-03-19T11:38:41","guid":{"rendered":"https:\/\/ceoparts.com\/?post_type=product&#038;p=16124"},"modified":"2026-05-16T05:14:55","modified_gmt":"2026-05-16T02:14:55","slug":"250x100-80-5-blickle-yuruyus-tekeri-4493241","status":"publish","type":"product","link":"https:\/\/ceoparts.com\/es\/urun\/250x100-80-5-blickle-yuruyus-tekeri-4493241\/","title":{"rendered":"Ruota girevole Blickle 250&#215;100\/80-5 &#8211; 4493241"},"content":{"rendered":"<p>Ruota girevole Blickle 250&#215;100\/80-5 &#8211; 4493241<\/p>\n<p><span class=\"short_text\" lang=\"en\"><span class=\"hps\" title=\"Kliknij, aby wy\u015bwietli\u0107 alternatywne t\u0142umaczenia\">4493241 Still, 0009903813 Linde, 95325503 Pimespo 428367,4494575, 8428367<\/span><\/span><\/p>\n<p><span class=\"short_text\" lang=\"en\"><span class=\"hps\" title=\"Kliknij, aby wy\u015bwietli\u0107 alternatywne t\u0142umaczenia\">250&#215;100 5&#215;18<\/span><\/span><\/p>\n<p><span class=\"short_text\" lang=\"en\"><span class=\"hps\" title=\"Kliknij, aby wy\u015bwietli\u0107 alternatywne t\u0142umaczenia\">CS 10M\/711041\/06-06<br \/>\nCS 16S\/711042\/06-06<br \/>\nCS 20\/711040\/06-06<br \/>\nCS 30Z\/711043\/06-06<br \/>\nCX-T\/711050\/01-08<br \/>\nCX20\/711044\/01-07<br \/>\nCXM 10\/711045\/01-07<br \/>\nCXS 16\/711046\/01-07<br \/>\nCXZ 30\/711047\/01-07<br \/>\nEXD S20\/710249\/01-07<br \/>\nEXU-S\/710148-710149\/01-07<\/span><\/span><\/p>","protected":false},"excerpt":{"rendered":"<p data-start=\"3392\" data-end=\"3682\">La <strong data-start=\"3395\" data-end=\"3432\">Rueda motriz Blickle 250&#215;100\/80-5<\/strong> es una rueda duradera y fiable dise\u00f1ada para montacargas y equipos industriales. Fabricada por Blickle, ofrece una larga vida \u00fatil. Su recubrimiento de poliuretano protege el suelo, proporciona un funcionamiento silencioso y resistencia al desgaste.<\/p>\n<p data-start=\"3684\" data-end=\"3706\"><strong data-start=\"3684\" data-end=\"3704\">Caracter\u00edsticas:<\/strong><\/p>\n<ul data-start=\"3707\" data-end=\"3933\">\n<li data-start=\"3707\" data-end=\"3731\">\n<p data-start=\"3709\" data-end=\"3731\">Tama\u00f1o: 250&#215;100\/80-5<\/p>\n<\/li>\n<li data-start=\"3732\" data-end=\"3750\">\n<p data-start=\"3734\" data-end=\"3750\">Marca: Blickle<\/p>\n<\/li>\n<li data-start=\"3751\" data-end=\"3796\">\n<p data-start=\"3753\" data-end=\"3796\">Aplicaci\u00f3n: rueda motriz para montacargas<\/p>\n<\/li>\n<li data-start=\"3797\" data-end=\"3846\">\n<p data-start=\"3799\" data-end=\"3846\">Recubrimiento de poliuretano para durabilidad<\/p>\n<\/li>\n<li data-start=\"3847\" data-end=\"3899\">\n<p data-start=\"3849\" data-end=\"3899\">Funcionamiento silencioso y protecci\u00f3n del suelo<\/p>\n<\/li>\n<li data-start=\"3900\" data-end=\"3933\">\n<p data-start=\"3902\" data-end=\"3933\">Dise\u00f1o resistente al desgaste<\/p>\n<\/li>\n<\/ul>\n","protected":false},"featured_media":16125,"template":"","meta":[],"product_brand":[],"product_cat":[241,244,246,249,503,193],"product_tag":[],"class_list":{"0":"post-16124","1":"product","2":"type-product","3":"status-publish","4":"has-post-thumbnail","6":"product_cat-still","7":"product_cat-yuruyus-tekeri-still","8":"product_cat-linde","9":"product_cat-yuruyus-tekeri-linde","10":"product_cat-yuruyus-tekeri-blickle","11":"product_cat-yuruyus-tekeri","13":"first","14":"instock","15":"taxable","16":"shipping-taxable","17":"purchasable","18":"product-type-simple"},"_links":{"self":[{"href":"https:\/\/ceoparts.com\/es\/wp-json\/wp\/v2\/product\/16124","targetHints":{"allow":["GET"]}}],"collection":[{"href":"https:\/\/ceoparts.com\/es\/wp-json\/wp\/v2\/product"}],"about":[{"href":"https:\/\/ceoparts.com\/es\/wp-json\/wp\/v2\/types\/product"}],"wp:featuredmedia":[{"embeddable":true,"href":"https:\/\/ceoparts.com\/es\/wp-json\/wp\/v2\/media\/16125"}],"wp:attachment":[{"href":"https:\/\/ceoparts.com\/es\/wp-json\/wp\/v2\/media?parent=16124"}],"wp:term":[{"taxonomy":"product_brand","embeddable":true,"href":"https:\/\/ceoparts.com\/es\/wp-json\/wp\/v2\/product_brand?post=16124"},{"taxonomy":"product_cat","embeddable":true,"href":"https:\/\/ceoparts.com\/es\/wp-json\/wp\/v2\/product_cat?post=16124"},{"taxonomy":"product_tag","embeddable":true,"href":"https:\/\/ceoparts.com\/es\/wp-json\/wp\/v2\/product_tag?post=16124"}],"curies":[{"name":"wp","href":"https:\/\/api.w.org\/{rel}","templated":true}]}}