{"id":16152,"date":"2025-03-19T17:48:18","date_gmt":"2025-03-19T14:48:18","guid":{"rendered":"https:\/\/ceoparts.com\/?post_type=product&#038;p=16152"},"modified":"2026-05-16T09:33:07","modified_gmt":"2026-05-16T06:33:07","slug":"300x100-stellana-bt-yuk-tekeri-144443","status":"publish","type":"product","link":"https:\/\/ceoparts.com\/es\/urun\/300x100-stellana-bt-yuk-tekeri-144443\/","title":{"rendered":"300&#215;100 Stellana Rueda de Carga BT &#8211; 144443"},"content":{"rendered":"<p>300&#215;100 Stellana Rueda de Carga BT &#8211; 144443<\/p>\n<p>BT 137587 144443 300&#215;100 bez hamulca \/ without brake<\/p>\n<p>BT RR Reflex<\/p>\n<p>BT FR 2.0<\/p>\n<p>BT TRT 1000 E<\/p>\n<p>BT Toyota 137587 144443 Stellana PT-NDI-92\u00ae<\/p>","protected":false},"excerpt":{"rendered":"<p data-start=\"3317\" data-end=\"3600\">La <strong data-start=\"3320\" data-end=\"3358\">Rueda de Carga 300&#215;100 Stellana BT<\/strong> est\u00e1 dise\u00f1ada para carretillas elevadoras y equipos de almac\u00e9n BT. Su recubrimiento de poliuretano Stellana garantiza una operaci\u00f3n silenciosa, duradera y sin marcas. Alta resistencia al desgaste y a impactos en condiciones de uso intensivo.<\/p>\n<p data-start=\"3602\" data-end=\"3624\"><strong data-start=\"3602\" data-end=\"3622\">Caracter\u00edsticas:<\/strong><\/p>\n<ul data-start=\"3625\" data-end=\"3825\">\n<li data-start=\"3625\" data-end=\"3644\">\n<p data-start=\"3627\" data-end=\"3644\">Tama\u00f1o: 300&#215;100<\/p>\n<\/li>\n<li data-start=\"3645\" data-end=\"3669\">\n<p data-start=\"3647\" data-end=\"3669\">Marca compatible: BT<\/p>\n<\/li>\n<li data-start=\"3670\" data-end=\"3700\">\n<p data-start=\"3672\" data-end=\"3700\">Producto original Stellana<\/p>\n<\/li>\n<li data-start=\"3701\" data-end=\"3740\">\n<p data-start=\"3703\" data-end=\"3740\">Resistente al desgaste y a impactos<\/p>\n<\/li>\n<li data-start=\"3741\" data-end=\"3783\">\n<p data-start=\"3743\" data-end=\"3783\">Funcionamiento silencioso y sin marcas<\/p>\n<\/li>\n<li data-start=\"3784\" data-end=\"3825\">\n<p data-start=\"3786\" data-end=\"3825\">Ideal para uso intensivo en almacenes<\/p>\n<\/li>\n<\/ul>\n","protected":false},"featured_media":16154,"template":"","meta":[],"product_brand":[],"product_cat":[251,255,416,419,521,528,194],"product_tag":[],"class_list":{"0":"post-16152","1":"product","2":"type-product","3":"status-publish","4":"has-post-thumbnail","6":"product_cat-bt","7":"product_cat-yuk-tekeri-bt","8":"product_cat-stellana","9":"product_cat-yuk-tekeri-stellana","10":"product_cat-toyota","11":"product_cat-yuk-tekeri-toyota","12":"product_cat-yuk-tekeri","14":"first","15":"instock","16":"taxable","17":"shipping-taxable","18":"purchasable","19":"product-type-simple"},"_links":{"self":[{"href":"https:\/\/ceoparts.com\/es\/wp-json\/wp\/v2\/product\/16152","targetHints":{"allow":["GET"]}}],"collection":[{"href":"https:\/\/ceoparts.com\/es\/wp-json\/wp\/v2\/product"}],"about":[{"href":"https:\/\/ceoparts.com\/es\/wp-json\/wp\/v2\/types\/product"}],"wp:featuredmedia":[{"embeddable":true,"href":"https:\/\/ceoparts.com\/es\/wp-json\/wp\/v2\/media\/16154"}],"wp:attachment":[{"href":"https:\/\/ceoparts.com\/es\/wp-json\/wp\/v2\/media?parent=16152"}],"wp:term":[{"taxonomy":"product_brand","embeddable":true,"href":"https:\/\/ceoparts.com\/es\/wp-json\/wp\/v2\/product_brand?post=16152"},{"taxonomy":"product_cat","embeddable":true,"href":"https:\/\/ceoparts.com\/es\/wp-json\/wp\/v2\/product_cat?post=16152"},{"taxonomy":"product_tag","embeddable":true,"href":"https:\/\/ceoparts.com\/es\/wp-json\/wp\/v2\/product_tag?post=16152"}],"curies":[{"name":"wp","href":"https:\/\/api.w.org\/{rel}","templated":true}]}}