{"id":16158,"date":"2025-03-20T09:17:14","date_gmt":"2025-03-20T06:17:14","guid":{"rendered":"https:\/\/ceoparts.com\/?post_type=product&#038;p=16158"},"modified":"2026-05-16T14:16:32","modified_gmt":"2026-05-16T11:16:32","slug":"210x83-hancha-yuruyus-tekeri","status":"publish","type":"product","link":"https:\/\/ceoparts.com\/es\/urun\/210x83-hancha-yuruyus-tekeri\/","title":{"rendered":"210&#215;83 Hancha Rueda Caminante Stellana"},"content":{"rendered":"<p>210&#215;83 Hancha Rueda Caminante Stellana<\/p>","protected":false},"excerpt":{"rendered":"<p data-start=\"3073\" data-end=\"3323\">La <strong data-start=\"3076\" data-end=\"3120\">Rueda Motriz Stellana 210\u00d783 para Hancha<\/strong> est\u00e1 dise\u00f1ada para carretillas elevadoras y equipos de almac\u00e9n de la marca Hancha. Su recubrimiento de poliuretano Stellana proporciona un funcionamiento silencioso, resistente al desgaste y sin marcas.<\/p>\n<p data-start=\"3325\" data-end=\"3347\"><strong data-start=\"3325\" data-end=\"3345\">Caracter\u00edsticas:<\/strong><\/p>\n<ul data-start=\"3348\" data-end=\"3527\">\n<li data-start=\"3348\" data-end=\"3366\">\n<p data-start=\"3350\" data-end=\"3366\">Tama\u00f1o: 210\u00d783<\/p>\n<\/li>\n<li data-start=\"3367\" data-end=\"3395\">\n<p data-start=\"3369\" data-end=\"3395\">Marca compatible: Hancha<\/p>\n<\/li>\n<li data-start=\"3396\" data-end=\"3426\">\n<p data-start=\"3398\" data-end=\"3426\">Producto original Stellana<\/p>\n<\/li>\n<li data-start=\"3427\" data-end=\"3459\">\n<p data-start=\"3429\" data-end=\"3459\">Alta resistencia al desgaste<\/p>\n<\/li>\n<li data-start=\"3460\" data-end=\"3502\">\n<p data-start=\"3462\" data-end=\"3502\">Funcionamiento silencioso y sin marcas<\/p>\n<\/li>\n<li data-start=\"3503\" data-end=\"3527\">\n<p data-start=\"3505\" data-end=\"3527\">Ideal para almacenes<\/p>\n<\/li>\n<\/ul>\n","protected":false},"featured_media":16160,"template":"","meta":[],"product_brand":[],"product_cat":[416,418,193],"product_tag":[],"class_list":{"0":"post-16158","1":"product","2":"type-product","3":"status-publish","4":"has-post-thumbnail","6":"product_cat-stellana","7":"product_cat-yuruyus-tekeri-stellana","8":"product_cat-yuruyus-tekeri","10":"first","11":"instock","12":"taxable","13":"shipping-taxable","14":"purchasable","15":"product-type-simple"},"_links":{"self":[{"href":"https:\/\/ceoparts.com\/es\/wp-json\/wp\/v2\/product\/16158","targetHints":{"allow":["GET"]}}],"collection":[{"href":"https:\/\/ceoparts.com\/es\/wp-json\/wp\/v2\/product"}],"about":[{"href":"https:\/\/ceoparts.com\/es\/wp-json\/wp\/v2\/types\/product"}],"wp:featuredmedia":[{"embeddable":true,"href":"https:\/\/ceoparts.com\/es\/wp-json\/wp\/v2\/media\/16160"}],"wp:attachment":[{"href":"https:\/\/ceoparts.com\/es\/wp-json\/wp\/v2\/media?parent=16158"}],"wp:term":[{"taxonomy":"product_brand","embeddable":true,"href":"https:\/\/ceoparts.com\/es\/wp-json\/wp\/v2\/product_brand?post=16158"},{"taxonomy":"product_cat","embeddable":true,"href":"https:\/\/ceoparts.com\/es\/wp-json\/wp\/v2\/product_cat?post=16158"},{"taxonomy":"product_tag","embeddable":true,"href":"https:\/\/ceoparts.com\/es\/wp-json\/wp\/v2\/product_tag?post=16158"}],"curies":[{"name":"wp","href":"https:\/\/api.w.org\/{rel}","templated":true}]}}