{"id":16164,"date":"2025-03-20T09:45:10","date_gmt":"2025-03-20T06:45:10","guid":{"rendered":"https:\/\/ceoparts.com\/?post_type=product&#038;p=16164"},"modified":"2026-05-16T09:07:00","modified_gmt":"2026-05-16T06:07:00","slug":"150x76-81-25-stellana-denge-tekeri-7509579-210545-7542704","status":"publish","type":"product","link":"https:\/\/ceoparts.com\/es\/urun\/150x76-81-25-stellana-denge-tekeri-7509579-210545-7542704\/","title":{"rendered":"150&#215;76\/81-25 Stellana Rueda de Equilibrio &#8211; 7509579, 210545, 7542704"},"content":{"rendered":"<p>150&#215;76\/81-25 Stellana Rueda de Equilibrio &#8211; 7509579, 210545, 7542704<\/p>\n<p>OL 20<br \/>\nOL 25<\/p>\n<p>OS 1.0<br \/>\nOS 1.8 X OPUS<br \/>\nOS 2.0<br \/>\nOS 2.0 TRINKS<br \/>\nOS 3.0 OPUS<\/p>\n<p>OSE 120<br \/>\nOSE 120 IKEA<br \/>\nOSE 120 P<br \/>\nOSE 180 X<br \/>\nOSE 180 XP<br \/>\nOSE 250<br \/>\nOSE 250 P<\/p>","protected":false},"excerpt":{"rendered":"<p data-start=\"3597\" data-end=\"3865\">La <strong data-start=\"3600\" data-end=\"3640\">Rueda de Apoyo Stellana 150\u00d776\/81-25<\/strong> est\u00e1 dise\u00f1ada para carretillas elevadoras y equipos de almac\u00e9n, proporcionando equilibrio de carga y mayor estabilidad. Su recubrimiento de poliuretano Stellana permite un uso silencioso, resistente al desgaste y sin marcas.<\/p>\n<p data-start=\"3867\" data-end=\"3889\"><strong data-start=\"3867\" data-end=\"3887\">Caracter\u00edsticas:<\/strong><\/p>\n<ul data-start=\"3890\" data-end=\"4147\">\n<li data-start=\"3890\" data-end=\"3914\">\n<p data-start=\"3892\" data-end=\"3914\">Tama\u00f1o: 150\u00d776\/81-25<\/p>\n<\/li>\n<li data-start=\"3915\" data-end=\"3966\">\n<p data-start=\"3917\" data-end=\"3966\">C\u00f3digos de referencia: 7509579, 210545, 7542704<\/p>\n<\/li>\n<li data-start=\"3967\" data-end=\"3997\">\n<p data-start=\"3969\" data-end=\"3997\">Producto original Stellana<\/p>\n<\/li>\n<li data-start=\"3998\" data-end=\"4043\">\n<p data-start=\"4000\" data-end=\"4043\">Resistente a cargas pesadas y al desgaste<\/p>\n<\/li>\n<li data-start=\"4044\" data-end=\"4086\">\n<p data-start=\"4046\" data-end=\"4086\">Funcionamiento silencioso y sin marcas<\/p>\n<\/li>\n<li data-start=\"4087\" data-end=\"4147\">\n<p data-start=\"4089\" data-end=\"4147\">Ideal para carretillas elevadoras y veh\u00edculos de almac\u00e9n<\/p>\n<\/li>\n<\/ul>\n","protected":false},"featured_media":16168,"template":"","meta":[],"product_brand":[],"product_cat":[417,185],"product_tag":[],"class_list":{"0":"post-16164","1":"product","2":"type-product","3":"status-publish","4":"has-post-thumbnail","6":"product_cat-denge-tekeri-stellana","7":"product_cat-denge-tekeri","9":"first","10":"instock","11":"taxable","12":"shipping-taxable","13":"purchasable","14":"product-type-simple"},"_links":{"self":[{"href":"https:\/\/ceoparts.com\/es\/wp-json\/wp\/v2\/product\/16164","targetHints":{"allow":["GET"]}}],"collection":[{"href":"https:\/\/ceoparts.com\/es\/wp-json\/wp\/v2\/product"}],"about":[{"href":"https:\/\/ceoparts.com\/es\/wp-json\/wp\/v2\/types\/product"}],"wp:featuredmedia":[{"embeddable":true,"href":"https:\/\/ceoparts.com\/es\/wp-json\/wp\/v2\/media\/16168"}],"wp:attachment":[{"href":"https:\/\/ceoparts.com\/es\/wp-json\/wp\/v2\/media?parent=16164"}],"wp:term":[{"taxonomy":"product_brand","embeddable":true,"href":"https:\/\/ceoparts.com\/es\/wp-json\/wp\/v2\/product_brand?post=16164"},{"taxonomy":"product_cat","embeddable":true,"href":"https:\/\/ceoparts.com\/es\/wp-json\/wp\/v2\/product_cat?post=16164"},{"taxonomy":"product_tag","embeddable":true,"href":"https:\/\/ceoparts.com\/es\/wp-json\/wp\/v2\/product_tag?post=16164"}],"curies":[{"name":"wp","href":"https:\/\/api.w.org\/{rel}","templated":true}]}}