{"id":16250,"date":"2025-03-21T16:18:17","date_gmt":"2025-03-21T13:18:17","guid":{"rendered":"https:\/\/ceoparts.com\/?post_type=product&#038;p=16250"},"modified":"2026-05-16T19:21:10","modified_gmt":"2026-05-16T16:21:10","slug":"linde-l16-direksiyon-kolu-3095405938","status":"publish","type":"product","link":"https:\/\/ceoparts.com\/es\/urun\/linde-l16-direksiyon-kolu-3095405938\/","title":{"rendered":"Linde L16 Manija de direcci\u00f3n &#8211; 3095405938"},"content":{"rendered":"<p>Linde L16 Manija de direcci\u00f3n &#8211; 3095405938<\/p>","protected":false},"excerpt":{"rendered":"<p data-start=\"2712\" data-end=\"2919\">El <strong data-start=\"2715\" data-end=\"2763\">Manillar de Direcci\u00f3n Linde L16 \u2013 3095405938<\/strong> es la pieza original para apiladores modelo Linde L16. Su dise\u00f1o ergon\u00f3mico y materiales resistentes permiten un control preciso y c\u00f3modo para el operario.<\/p>\n<p data-start=\"2921\" data-end=\"2943\"><strong data-start=\"2921\" data-end=\"2941\">Caracter\u00edsticas:<\/strong><\/p>\n<ul data-start=\"2944\" data-end=\"3073\">\n<li data-start=\"2944\" data-end=\"2982\">\n<p data-start=\"2946\" data-end=\"2982\">Total compatibilidad con Linde L16<\/p>\n<\/li>\n<li data-start=\"2983\" data-end=\"3014\">\n<p data-start=\"2985\" data-end=\"3014\">Dise\u00f1o ergon\u00f3mico y robusto<\/p>\n<\/li>\n<li data-start=\"3015\" data-end=\"3048\">\n<p data-start=\"3017\" data-end=\"3048\">Control preciso y confortable<\/p>\n<\/li>\n<li data-start=\"3049\" data-end=\"3073\">\n<p data-start=\"3051\" data-end=\"3073\">Instalaci\u00f3n sencilla<\/p>\n<\/li>\n<\/ul>\n<p>Linde L14-16, Seri 372, Referans 3095405938, 3093810427 i\u00e7in 3093810427<\/p>\n","protected":false},"featured_media":16251,"template":"","meta":[],"product_brand":[],"product_cat":[246,450,523],"product_tag":[],"class_list":{"0":"post-16250","1":"product","2":"type-product","3":"status-publish","4":"has-post-thumbnail","6":"product_cat-linde","7":"product_cat-direksiyon-sistemleri","8":"product_cat-yedek-parca-linde","10":"first","11":"instock","12":"taxable","13":"shipping-taxable","14":"purchasable","15":"product-type-simple"},"_links":{"self":[{"href":"https:\/\/ceoparts.com\/es\/wp-json\/wp\/v2\/product\/16250","targetHints":{"allow":["GET"]}}],"collection":[{"href":"https:\/\/ceoparts.com\/es\/wp-json\/wp\/v2\/product"}],"about":[{"href":"https:\/\/ceoparts.com\/es\/wp-json\/wp\/v2\/types\/product"}],"wp:featuredmedia":[{"embeddable":true,"href":"https:\/\/ceoparts.com\/es\/wp-json\/wp\/v2\/media\/16251"}],"wp:attachment":[{"href":"https:\/\/ceoparts.com\/es\/wp-json\/wp\/v2\/media?parent=16250"}],"wp:term":[{"taxonomy":"product_brand","embeddable":true,"href":"https:\/\/ceoparts.com\/es\/wp-json\/wp\/v2\/product_brand?post=16250"},{"taxonomy":"product_cat","embeddable":true,"href":"https:\/\/ceoparts.com\/es\/wp-json\/wp\/v2\/product_cat?post=16250"},{"taxonomy":"product_tag","embeddable":true,"href":"https:\/\/ceoparts.com\/es\/wp-json\/wp\/v2\/product_tag?post=16250"}],"curies":[{"name":"wp","href":"https:\/\/api.w.org\/{rel}","templated":true}]}}