{"id":16278,"date":"2025-03-24T11:58:26","date_gmt":"2025-03-24T08:58:26","guid":{"rendered":"https:\/\/ceoparts.com\/?post_type=product&#038;p=16278"},"modified":"2026-05-16T17:47:28","modified_gmt":"2026-05-16T14:47:28","slug":"jungheinrich-efg-430k-devir-sensoru-51267083","status":"publish","type":"product","link":"https:\/\/ceoparts.com\/es\/urun\/jungheinrich-efg-430k-devir-sensoru-51267083\/","title":{"rendered":"Jungheinrich EFG 430K Sensor de Revoluci\u00f3n &#8211; 51267083"},"content":{"rendered":"<p>Jungheinrich EFG 430K Sensor de Revoluci\u00f3n &#8211; 51267083<\/p>","protected":false},"excerpt":{"rendered":"<p data-start=\"4174\" data-end=\"4601\">El <strong data-start=\"4177\" data-end=\"4233\">Sensor de Velocidad Jungheinrich EFG 430K \u2013 51267083<\/strong> mide con precisi\u00f3n la velocidad del motor de las carretillas elevadoras el\u00e9ctricas y la transmite al sistema de control. Completamente compatible con los modelos EFG 430K, este sensor garantiza una gesti\u00f3n precisa de la velocidad y el rendimiento. Su dise\u00f1o duradero y de alta calidad minimiza los riesgos de aver\u00edas y mantiene el flujo de trabajo sin interrupciones.<\/p>\n<p data-start=\"4603\" data-end=\"4625\"><strong data-start=\"4603\" data-end=\"4623\">Caracter\u00edsticas:<\/strong><\/p>\n<ul data-start=\"4626\" data-end=\"4854\">\n<li data-start=\"4626\" data-end=\"4678\">\n<p data-start=\"4628\" data-end=\"4678\">Compatible con carretillas Jungheinrich EFG 430K<\/p>\n<\/li>\n<li data-start=\"4679\" data-end=\"4742\">\n<p data-start=\"4681\" data-end=\"4742\">Medici\u00f3n de la velocidad del motor y transmisi\u00f3n de se\u00f1ales<\/p>\n<\/li>\n<li data-start=\"4743\" data-end=\"4784\">\n<p data-start=\"4745\" data-end=\"4784\">Material resistente y de alta calidad<\/p>\n<\/li>\n<li data-start=\"4785\" data-end=\"4820\">\n<p data-start=\"4787\" data-end=\"4820\">F\u00e1cil instalaci\u00f3n y sustituci\u00f3n<\/p>\n<\/li>\n<li data-start=\"4821\" data-end=\"4854\">\n<p data-start=\"4823\" data-end=\"4854\">Rendimiento de larga duraci\u00f3n<\/p>\n<\/li>\n<\/ul>\n","protected":false},"featured_media":16282,"template":"","meta":[],"product_brand":[],"product_cat":[236,251,469,518,522],"product_tag":[],"class_list":{"0":"post-16278","1":"product","2":"type-product","3":"status-publish","4":"has-post-thumbnail","6":"product_cat-jungheinrich","7":"product_cat-bt","8":"product_cat-elektrik-ve-sistem-parcalari","9":"product_cat-yedek-parca-bt","10":"product_cat-yedek-parca-jungheinrich","12":"first","13":"instock","14":"taxable","15":"shipping-taxable","16":"purchasable","17":"product-type-simple"},"_links":{"self":[{"href":"https:\/\/ceoparts.com\/es\/wp-json\/wp\/v2\/product\/16278","targetHints":{"allow":["GET"]}}],"collection":[{"href":"https:\/\/ceoparts.com\/es\/wp-json\/wp\/v2\/product"}],"about":[{"href":"https:\/\/ceoparts.com\/es\/wp-json\/wp\/v2\/types\/product"}],"wp:featuredmedia":[{"embeddable":true,"href":"https:\/\/ceoparts.com\/es\/wp-json\/wp\/v2\/media\/16282"}],"wp:attachment":[{"href":"https:\/\/ceoparts.com\/es\/wp-json\/wp\/v2\/media?parent=16278"}],"wp:term":[{"taxonomy":"product_brand","embeddable":true,"href":"https:\/\/ceoparts.com\/es\/wp-json\/wp\/v2\/product_brand?post=16278"},{"taxonomy":"product_cat","embeddable":true,"href":"https:\/\/ceoparts.com\/es\/wp-json\/wp\/v2\/product_cat?post=16278"},{"taxonomy":"product_tag","embeddable":true,"href":"https:\/\/ceoparts.com\/es\/wp-json\/wp\/v2\/product_tag?post=16278"}],"curies":[{"name":"wp","href":"https:\/\/api.w.org\/{rel}","templated":true}]}}