{"id":16284,"date":"2025-03-24T13:40:55","date_gmt":"2025-03-24T10:40:55","guid":{"rendered":"https:\/\/ceoparts.com\/?post_type=product&#038;p=16284"},"modified":"2026-05-16T16:29:04","modified_gmt":"2026-05-16T13:29:04","slug":"bt-lpe-spe-basinc-sensoru-224980","status":"publish","type":"product","link":"https:\/\/ceoparts.com\/es\/urun\/bt-lpe-spe-basinc-sensoru-224980\/","title":{"rendered":"BT LPE\/SPE Sensor de Presi\u00f3n &#8211; 224980"},"content":{"rendered":"<p>BT LPE\/SPE Sensor de Presi\u00f3n &#8211; 224980<\/p>","protected":false},"excerpt":{"rendered":"<p data-start=\"3155\" data-end=\"3476\">El <strong data-start=\"3158\" data-end=\"3199\">sensor de presi\u00f3n BT LPE\/SPE \u2013 224980<\/strong> est\u00e1 dise\u00f1ado para medir y controlar con precisi\u00f3n la presi\u00f3n del sistema hidr\u00e1ulico en carretillas y apiladores. Su alta durabilidad y rendimiento confiable garantizan un funcionamiento prolongado. Es un repuesto ideal para el funcionamiento seguro y eficiente de su m\u00e1quina.<\/p>\n<p data-start=\"3478\" data-end=\"3500\"><strong data-start=\"3478\" data-end=\"3498\">Caracter\u00edsticas:<\/strong><\/p>\n<ul data-start=\"3501\" data-end=\"3640\">\n<li data-start=\"3501\" data-end=\"3542\">\n<p data-start=\"3503\" data-end=\"3542\">Medici\u00f3n de presi\u00f3n de alta precisi\u00f3n<\/p>\n<\/li>\n<li data-start=\"3543\" data-end=\"3575\">\n<p data-start=\"3545\" data-end=\"3575\">Cuerpo resistente y duradero<\/p>\n<\/li>\n<li data-start=\"3576\" data-end=\"3618\">\n<p data-start=\"3578\" data-end=\"3618\">Compatible con las series BT LPE y SPE<\/p>\n<\/li>\n<li data-start=\"3619\" data-end=\"3640\">\n<p data-start=\"3621\" data-end=\"3640\">F\u00e1cil instalaci\u00f3n<\/p>\n<\/li>\n<\/ul>\n","protected":false},"featured_media":16289,"template":"","meta":[],"product_brand":[],"product_cat":[251,461,518],"product_tag":[],"class_list":{"0":"post-16284","1":"product","2":"type-product","3":"status-publish","4":"has-post-thumbnail","6":"product_cat-bt","7":"product_cat-hidrolik-sistemi","8":"product_cat-yedek-parca-bt","10":"first","11":"instock","12":"taxable","13":"shipping-taxable","14":"purchasable","15":"product-type-simple"},"_links":{"self":[{"href":"https:\/\/ceoparts.com\/es\/wp-json\/wp\/v2\/product\/16284","targetHints":{"allow":["GET"]}}],"collection":[{"href":"https:\/\/ceoparts.com\/es\/wp-json\/wp\/v2\/product"}],"about":[{"href":"https:\/\/ceoparts.com\/es\/wp-json\/wp\/v2\/types\/product"}],"wp:featuredmedia":[{"embeddable":true,"href":"https:\/\/ceoparts.com\/es\/wp-json\/wp\/v2\/media\/16289"}],"wp:attachment":[{"href":"https:\/\/ceoparts.com\/es\/wp-json\/wp\/v2\/media?parent=16284"}],"wp:term":[{"taxonomy":"product_brand","embeddable":true,"href":"https:\/\/ceoparts.com\/es\/wp-json\/wp\/v2\/product_brand?post=16284"},{"taxonomy":"product_cat","embeddable":true,"href":"https:\/\/ceoparts.com\/es\/wp-json\/wp\/v2\/product_cat?post=16284"},{"taxonomy":"product_tag","embeddable":true,"href":"https:\/\/ceoparts.com\/es\/wp-json\/wp\/v2\/product_tag?post=16284"}],"curies":[{"name":"wp","href":"https:\/\/api.w.org\/{rel}","templated":true}]}}