{"id":16290,"date":"2025-03-24T14:09:23","date_gmt":"2025-03-24T11:09:23","guid":{"rendered":"https:\/\/ceoparts.com\/?post_type=product&#038;p=16290"},"modified":"2026-05-16T19:46:40","modified_gmt":"2026-05-16T16:46:40","slug":"linde-kontaktor-0009763594","status":"publish","type":"product","link":"https:\/\/ceoparts.com\/es\/urun\/linde-kontaktor-0009763594\/","title":{"rendered":"Linde Contacto &#8211; 0009763594"},"content":{"rendered":"<p>Linde Contacto &#8211; 0009763594<\/p>","protected":false},"excerpt":{"rendered":"<p data-start=\"3428\" data-end=\"3757\">El <strong data-start=\"3431\" data-end=\"3465\">contactador Linde \u2013 0009763594<\/strong> garantiza un control seguro y eficiente de los circuitos el\u00e9ctricos en montacargas y veh\u00edculos industriales. Fabricado con altos est\u00e1ndares de calidad, es duradero y adecuado para condiciones de trabajo exigentes. Un componente ideal para un rendimiento confiable en sus sistemas el\u00e9ctricos.<\/p>\n<p data-start=\"3759\" data-end=\"3781\"><strong data-start=\"3759\" data-end=\"3779\">Caracter\u00edsticas:<\/strong><\/p>\n<ul data-start=\"3782\" data-end=\"3964\">\n<li data-start=\"3782\" data-end=\"3807\">\n<p data-start=\"3784\" data-end=\"3807\">Duradero y resistente<\/p>\n<\/li>\n<li data-start=\"3808\" data-end=\"3865\">\n<p data-start=\"3810\" data-end=\"3865\">Adecuado para aplicaciones industriales y montacargas<\/p>\n<\/li>\n<li data-start=\"3866\" data-end=\"3924\">\n<p data-start=\"3868\" data-end=\"3924\">Alto rendimiento en el control de circuitos el\u00e9ctricos<\/p>\n<\/li>\n<li data-start=\"3925\" data-end=\"3964\">\n<p data-start=\"3927\" data-end=\"3964\">Materiales y fabricaci\u00f3n de calidad<\/p>\n<\/li>\n<\/ul>\n","protected":false},"featured_media":16295,"template":"","meta":[],"product_brand":[],"product_cat":[246,462,523],"product_tag":[],"class_list":{"0":"post-16290","1":"product","2":"type-product","3":"status-publish","4":"has-post-thumbnail","6":"product_cat-linde","7":"product_cat-kontaktorler","8":"product_cat-yedek-parca-linde","10":"first","11":"instock","12":"taxable","13":"shipping-taxable","14":"purchasable","15":"product-type-simple"},"_links":{"self":[{"href":"https:\/\/ceoparts.com\/es\/wp-json\/wp\/v2\/product\/16290","targetHints":{"allow":["GET"]}}],"collection":[{"href":"https:\/\/ceoparts.com\/es\/wp-json\/wp\/v2\/product"}],"about":[{"href":"https:\/\/ceoparts.com\/es\/wp-json\/wp\/v2\/types\/product"}],"wp:featuredmedia":[{"embeddable":true,"href":"https:\/\/ceoparts.com\/es\/wp-json\/wp\/v2\/media\/16295"}],"wp:attachment":[{"href":"https:\/\/ceoparts.com\/es\/wp-json\/wp\/v2\/media?parent=16290"}],"wp:term":[{"taxonomy":"product_brand","embeddable":true,"href":"https:\/\/ceoparts.com\/es\/wp-json\/wp\/v2\/product_brand?post=16290"},{"taxonomy":"product_cat","embeddable":true,"href":"https:\/\/ceoparts.com\/es\/wp-json\/wp\/v2\/product_cat?post=16290"},{"taxonomy":"product_tag","embeddable":true,"href":"https:\/\/ceoparts.com\/es\/wp-json\/wp\/v2\/product_tag?post=16290"}],"curies":[{"name":"wp","href":"https:\/\/api.w.org\/{rel}","templated":true}]}}