{"id":16296,"date":"2025-03-24T14:36:30","date_gmt":"2025-03-24T11:36:30","guid":{"rendered":"https:\/\/ceoparts.com\/?post_type=product&#038;p=16296"},"modified":"2026-05-16T16:17:49","modified_gmt":"2026-05-16T13:17:49","slug":"albright-kontaktor-sw200-80v","status":"publish","type":"product","link":"https:\/\/ceoparts.com\/es\/urun\/albright-kontaktor-sw200-80v\/","title":{"rendered":"Albright Contacto SW200 80V"},"content":{"rendered":"<p>Albright Contacto SW200 80V<\/p>","protected":false},"excerpt":{"rendered":"<p data-start=\"2970\" data-end=\"3260\">El <strong data-start=\"2973\" data-end=\"3007\">contactador Albright SW200 80V<\/strong> ofrece un control el\u00e9ctrico fiable y de alto rendimiento para montacargas y veh\u00edculos industriales. Construido para durar, soporta un voltaje operativo de 80V y garantiza una larga vida \u00fatil. Ideal para gestionar tus circuitos el\u00e9ctricos con seguridad.<\/p>\n<p data-start=\"3262\" data-end=\"3284\"><strong data-start=\"3262\" data-end=\"3282\">Caracter\u00edsticas:<\/strong><\/p>\n<ul data-start=\"3285\" data-end=\"3423\">\n<li data-start=\"3285\" data-end=\"3316\">\n<p data-start=\"3287\" data-end=\"3316\">Alta capacidad de corriente<\/p>\n<\/li>\n<li data-start=\"3317\" data-end=\"3342\">\n<p data-start=\"3319\" data-end=\"3342\">Voltaje operativo 80V<\/p>\n<\/li>\n<li data-start=\"3343\" data-end=\"3368\">\n<p data-start=\"3345\" data-end=\"3368\">Duradero y resistente<\/p>\n<\/li>\n<li data-start=\"3369\" data-end=\"3423\">\n<p data-start=\"3371\" data-end=\"3423\">Adecuado para montacargas y veh\u00edculos industriales<\/p>\n<\/li>\n<\/ul>\n","protected":false},"featured_media":16297,"template":"","meta":[],"product_brand":[],"product_cat":[462],"product_tag":[],"class_list":{"0":"post-16296","1":"product","2":"type-product","3":"status-publish","4":"has-post-thumbnail","6":"product_cat-kontaktorler","8":"first","9":"instock","10":"taxable","11":"shipping-taxable","12":"purchasable","13":"product-type-simple"},"_links":{"self":[{"href":"https:\/\/ceoparts.com\/es\/wp-json\/wp\/v2\/product\/16296","targetHints":{"allow":["GET"]}}],"collection":[{"href":"https:\/\/ceoparts.com\/es\/wp-json\/wp\/v2\/product"}],"about":[{"href":"https:\/\/ceoparts.com\/es\/wp-json\/wp\/v2\/types\/product"}],"wp:featuredmedia":[{"embeddable":true,"href":"https:\/\/ceoparts.com\/es\/wp-json\/wp\/v2\/media\/16297"}],"wp:attachment":[{"href":"https:\/\/ceoparts.com\/es\/wp-json\/wp\/v2\/media?parent=16296"}],"wp:term":[{"taxonomy":"product_brand","embeddable":true,"href":"https:\/\/ceoparts.com\/es\/wp-json\/wp\/v2\/product_brand?post=16296"},{"taxonomy":"product_cat","embeddable":true,"href":"https:\/\/ceoparts.com\/es\/wp-json\/wp\/v2\/product_cat?post=16296"},{"taxonomy":"product_tag","embeddable":true,"href":"https:\/\/ceoparts.com\/es\/wp-json\/wp\/v2\/product_tag?post=16296"}],"curies":[{"name":"wp","href":"https:\/\/api.w.org\/{rel}","templated":true}]}}