{"id":16302,"date":"2025-03-24T15:35:45","date_gmt":"2025-03-24T12:35:45","guid":{"rendered":"https:\/\/ceoparts.com\/?post_type=product&#038;p=16302"},"modified":"2026-05-03T17:00:18","modified_gmt":"2026-05-03T14:00:18","slug":"albright-kontaktor-sw201-80v","status":"publish","type":"product","link":"https:\/\/ceoparts.com\/es\/urun\/albright-kontaktor-sw201-80v\/","title":{"rendered":"Albright Contacto SW201 80V"},"content":{"rendered":"<p>Albright Contacto SW201 80V<\/p>","protected":false},"excerpt":{"rendered":"<p data-start=\"2943\" data-end=\"3227\">El <strong data-start=\"2946\" data-end=\"2980\">contactador Albright SW201 80V<\/strong> proporciona un control el\u00e9ctrico de alto rendimiento en montacargas y veh\u00edculos industriales. Su dise\u00f1o duradero y operaci\u00f3n fiable gestionan eficazmente los circuitos el\u00e9ctricos. Adecuado para voltaje de operaci\u00f3n de 80V, ofrece larga vida \u00fatil.<\/p>\n<p data-start=\"3229\" data-end=\"3251\"><strong data-start=\"3229\" data-end=\"3249\">Caracter\u00edsticas:<\/strong><\/p>\n<ul data-start=\"3252\" data-end=\"3383\">\n<li data-start=\"3252\" data-end=\"3283\">\n<p data-start=\"3254\" data-end=\"3283\">Alta capacidad de corriente<\/p>\n<\/li>\n<li data-start=\"3284\" data-end=\"3309\">\n<p data-start=\"3286\" data-end=\"3309\">Voltaje operativo 80V<\/p>\n<\/li>\n<li data-start=\"3310\" data-end=\"3331\">\n<p data-start=\"3312\" data-end=\"3331\">Duradero y fiable<\/p>\n<\/li>\n<li data-start=\"3332\" data-end=\"3383\">\n<p data-start=\"3334\" data-end=\"3383\">Ideal para montacargas y veh\u00edculos industriales<\/p>\n<\/li>\n<\/ul>\n","protected":false},"featured_media":16306,"template":"","meta":[],"product_brand":[],"product_cat":[462],"product_tag":[],"class_list":{"0":"post-16302","1":"product","2":"type-product","3":"status-publish","4":"has-post-thumbnail","6":"product_cat-kontaktorler","8":"first","9":"instock","10":"taxable","11":"shipping-taxable","12":"purchasable","13":"product-type-simple"},"_links":{"self":[{"href":"https:\/\/ceoparts.com\/es\/wp-json\/wp\/v2\/product\/16302","targetHints":{"allow":["GET"]}}],"collection":[{"href":"https:\/\/ceoparts.com\/es\/wp-json\/wp\/v2\/product"}],"about":[{"href":"https:\/\/ceoparts.com\/es\/wp-json\/wp\/v2\/types\/product"}],"wp:featuredmedia":[{"embeddable":true,"href":"https:\/\/ceoparts.com\/es\/wp-json\/wp\/v2\/media\/16306"}],"wp:attachment":[{"href":"https:\/\/ceoparts.com\/es\/wp-json\/wp\/v2\/media?parent=16302"}],"wp:term":[{"taxonomy":"product_brand","embeddable":true,"href":"https:\/\/ceoparts.com\/es\/wp-json\/wp\/v2\/product_brand?post=16302"},{"taxonomy":"product_cat","embeddable":true,"href":"https:\/\/ceoparts.com\/es\/wp-json\/wp\/v2\/product_cat?post=16302"},{"taxonomy":"product_tag","embeddable":true,"href":"https:\/\/ceoparts.com\/es\/wp-json\/wp\/v2\/product_tag?post=16302"}],"curies":[{"name":"wp","href":"https:\/\/api.w.org\/{rel}","templated":true}]}}