{"id":16311,"date":"2025-03-25T08:57:39","date_gmt":"2025-03-25T05:57:39","guid":{"rendered":"https:\/\/ceoparts.com\/?post_type=product&#038;p=16311"},"modified":"2026-05-16T11:45:47","modified_gmt":"2026-05-16T08:45:47","slug":"forkliftfilt-ay3462-yag-filtresi-ay3462","status":"publish","type":"product","link":"https:\/\/ceoparts.com\/es\/urun\/forkliftfilt-ay3462-yag-filtresi-ay3462\/","title":{"rendered":"Filtro de aceite de carretilla elevadora AY3462 &#8211; AY3462"},"content":{"rendered":"<p>Filtro de aceite de carretilla elevadora AY3462 &#8211; AY3462<\/p>","protected":false},"excerpt":{"rendered":"<p data-start=\"1976\" data-end=\"2299\">Le <strong data-start=\"1979\" data-end=\"2027\">Filtre \u00e0 huile AY3462 pour chariot \u00e9l\u00e9vateur<\/strong> nettoie l\u2019huile du moteur, assurant une dur\u00e9e de vie plus longue et une performance efficace. Fabriqu\u00e9 avec des mat\u00e9riaux de haute qualit\u00e9, il filtre efficacement les particules et impuret\u00e9s. Une pi\u00e8ce id\u00e9ale pour optimiser les performances du moteur et pr\u00e9venir l\u2019usure.<\/p>\n<p data-start=\"2301\" data-end=\"2325\"><strong data-start=\"2301\" data-end=\"2323\">Caract\u00e9ristiques :<\/strong><\/p>\n<ul data-start=\"2326\" data-end=\"2468\">\n<li data-start=\"2326\" data-end=\"2358\">\n<p data-start=\"2328\" data-end=\"2358\">Haute capacit\u00e9 de filtration<\/p>\n<\/li>\n<li data-start=\"2359\" data-end=\"2380\">\n<p data-start=\"2361\" data-end=\"2380\">Prot\u00e8ge le moteur<\/p>\n<\/li>\n<li data-start=\"2381\" data-end=\"2415\">\n<p data-start=\"2383\" data-end=\"2415\">Durable et longue dur\u00e9e de vie<\/p>\n<\/li>\n<li data-start=\"2416\" data-end=\"2468\">\n<p data-start=\"2418\" data-end=\"2468\">Compatible avec les moteurs de chariot \u00e9l\u00e9vateur<\/p>\n<\/li>\n<\/ul>\n","protected":false},"featured_media":16315,"template":"","meta":[],"product_brand":[],"product_cat":[498],"product_tag":[],"class_list":{"0":"post-16311","1":"product","2":"type-product","3":"status-publish","4":"has-post-thumbnail","6":"product_cat-filtre-cesitleri","8":"first","9":"instock","10":"taxable","11":"shipping-taxable","12":"purchasable","13":"product-type-simple"},"_links":{"self":[{"href":"https:\/\/ceoparts.com\/es\/wp-json\/wp\/v2\/product\/16311","targetHints":{"allow":["GET"]}}],"collection":[{"href":"https:\/\/ceoparts.com\/es\/wp-json\/wp\/v2\/product"}],"about":[{"href":"https:\/\/ceoparts.com\/es\/wp-json\/wp\/v2\/types\/product"}],"wp:featuredmedia":[{"embeddable":true,"href":"https:\/\/ceoparts.com\/es\/wp-json\/wp\/v2\/media\/16315"}],"wp:attachment":[{"href":"https:\/\/ceoparts.com\/es\/wp-json\/wp\/v2\/media?parent=16311"}],"wp:term":[{"taxonomy":"product_brand","embeddable":true,"href":"https:\/\/ceoparts.com\/es\/wp-json\/wp\/v2\/product_brand?post=16311"},{"taxonomy":"product_cat","embeddable":true,"href":"https:\/\/ceoparts.com\/es\/wp-json\/wp\/v2\/product_cat?post=16311"},{"taxonomy":"product_tag","embeddable":true,"href":"https:\/\/ceoparts.com\/es\/wp-json\/wp\/v2\/product_tag?post=16311"}],"curies":[{"name":"wp","href":"https:\/\/api.w.org\/{rel}","templated":true}]}}