{"id":16316,"date":"2025-03-25T09:01:24","date_gmt":"2025-03-25T06:01:24","guid":{"rendered":"https:\/\/ceoparts.com\/?post_type=product&#038;p=16316"},"modified":"2026-05-16T15:01:27","modified_gmt":"2026-05-16T12:01:27","slug":"bt-kablo-baglantisi","status":"publish","type":"product","link":"https:\/\/ceoparts.com\/es\/urun\/bt-kablo-baglantisi\/","title":{"rendered":"Conexi\u00f3n de cable IT"},"content":{"rendered":"<p>Conexi\u00f3n de cable IT<\/p>","protected":false},"excerpt":{"rendered":"<p data-start=\"2996\" data-end=\"3283\">El <strong data-start=\"2999\" data-end=\"3023\">Conector de cable BT<\/strong> proporciona conexiones el\u00e9ctricas seguras y fiables en montacargas y veh\u00edculos industriales. Fabricado con materiales de alta calidad, asegura un flujo el\u00e9ctrico suave y mejora el rendimiento del dispositivo. Su construcci\u00f3n duradera ofrece un uso prolongado.<\/p>\n<p data-start=\"3285\" data-end=\"3307\"><strong data-start=\"3285\" data-end=\"3305\">Caracter\u00edsticas:<\/strong><\/p>\n<ul data-start=\"3308\" data-end=\"3447\">\n<li data-start=\"3308\" data-end=\"3336\">\n<p data-start=\"3310\" data-end=\"3336\">Conexi\u00f3n segura y fuerte<\/p>\n<\/li>\n<li data-start=\"3337\" data-end=\"3359\">\n<p data-start=\"3339\" data-end=\"3359\">Alta conductividad<\/p>\n<\/li>\n<li data-start=\"3360\" data-end=\"3392\">\n<p data-start=\"3362\" data-end=\"3392\">Duradero y de larga duraci\u00f3n<\/p>\n<\/li>\n<li data-start=\"3393\" data-end=\"3447\">\n<p data-start=\"3395\" data-end=\"3447\">Adecuado para montacargas y veh\u00edculos industriales<\/p>\n<\/li>\n<\/ul>\n","protected":false},"featured_media":16319,"template":"","meta":[],"product_brand":[],"product_cat":[251,469,518],"product_tag":[],"class_list":{"0":"post-16316","1":"product","2":"type-product","3":"status-publish","4":"has-post-thumbnail","6":"product_cat-bt","7":"product_cat-elektrik-ve-sistem-parcalari","8":"product_cat-yedek-parca-bt","10":"first","11":"instock","12":"taxable","13":"shipping-taxable","14":"purchasable","15":"product-type-simple"},"_links":{"self":[{"href":"https:\/\/ceoparts.com\/es\/wp-json\/wp\/v2\/product\/16316","targetHints":{"allow":["GET"]}}],"collection":[{"href":"https:\/\/ceoparts.com\/es\/wp-json\/wp\/v2\/product"}],"about":[{"href":"https:\/\/ceoparts.com\/es\/wp-json\/wp\/v2\/types\/product"}],"wp:featuredmedia":[{"embeddable":true,"href":"https:\/\/ceoparts.com\/es\/wp-json\/wp\/v2\/media\/16319"}],"wp:attachment":[{"href":"https:\/\/ceoparts.com\/es\/wp-json\/wp\/v2\/media?parent=16316"}],"wp:term":[{"taxonomy":"product_brand","embeddable":true,"href":"https:\/\/ceoparts.com\/es\/wp-json\/wp\/v2\/product_brand?post=16316"},{"taxonomy":"product_cat","embeddable":true,"href":"https:\/\/ceoparts.com\/es\/wp-json\/wp\/v2\/product_cat?post=16316"},{"taxonomy":"product_tag","embeddable":true,"href":"https:\/\/ceoparts.com\/es\/wp-json\/wp\/v2\/product_tag?post=16316"}],"curies":[{"name":"wp","href":"https:\/\/api.w.org\/{rel}","templated":true}]}}