{"id":16330,"date":"2025-03-25T09:44:51","date_gmt":"2025-03-25T06:44:51","guid":{"rendered":"https:\/\/ceoparts.com\/?post_type=product&#038;p=16330"},"modified":"2026-05-16T18:34:45","modified_gmt":"2026-05-16T15:34:45","slug":"still-selenoid-12193502900","status":"publish","type":"product","link":"https:\/\/ceoparts.com\/es\/urun\/still-selenoid-12193502900\/","title":{"rendered":"STILL Selenoid &#8211; 12193502900"},"content":{"rendered":"<p>STILL Selenoid &#8211; 12193502900<\/p>\n","protected":false},"excerpt":{"rendered":"<p data-start=\"3219\" data-end=\"3530\">El <strong data-start=\"3222\" data-end=\"3255\">Solenoide STILL \u2013 12193502900<\/strong> es una v\u00e1lvula electromagn\u00e9tica de alta calidad y duradera utilizada en montacargas y veh\u00edculos industriales. Dise\u00f1ada para controlar sistemas hidr\u00e1ulicos, ofrece un rendimiento duradero. Pieza original STILL que garantiza un funcionamiento confiable en modelos compatibles.<\/p>\n<p data-start=\"3532\" data-end=\"3554\"><strong data-start=\"3532\" data-end=\"3552\">Caracter\u00edsticas:<\/strong><\/p>\n<ul data-start=\"3555\" data-end=\"3702\">\n<li data-start=\"3555\" data-end=\"3601\">\n<p data-start=\"3557\" data-end=\"3601\">Solenoide electromagn\u00e9tico de alta calidad<\/p>\n<\/li>\n<li data-start=\"3602\" data-end=\"3627\">\n<p data-start=\"3604\" data-end=\"3627\">Duradero y resistente<\/p>\n<\/li>\n<li data-start=\"3628\" data-end=\"3652\">\n<p data-start=\"3630\" data-end=\"3652\">Pieza original STILL<\/p>\n<\/li>\n<li data-start=\"3653\" data-end=\"3702\">\n<p data-start=\"3655\" data-end=\"3702\">Ideal para el control de sistemas hidr\u00e1ulicos<\/p>\n<\/li>\n<\/ul>\n","protected":false},"featured_media":16331,"template":"","meta":[],"product_brand":[],"product_cat":[241,470,524],"product_tag":[],"class_list":{"0":"post-16330","1":"product","2":"type-product","3":"status-publish","4":"has-post-thumbnail","6":"product_cat-still","7":"product_cat-diger-yedek-parcalar","8":"product_cat-yedek-parca-still","10":"first","11":"instock","12":"taxable","13":"shipping-taxable","14":"purchasable","15":"product-type-simple"},"_links":{"self":[{"href":"https:\/\/ceoparts.com\/es\/wp-json\/wp\/v2\/product\/16330","targetHints":{"allow":["GET"]}}],"collection":[{"href":"https:\/\/ceoparts.com\/es\/wp-json\/wp\/v2\/product"}],"about":[{"href":"https:\/\/ceoparts.com\/es\/wp-json\/wp\/v2\/types\/product"}],"wp:featuredmedia":[{"embeddable":true,"href":"https:\/\/ceoparts.com\/es\/wp-json\/wp\/v2\/media\/16331"}],"wp:attachment":[{"href":"https:\/\/ceoparts.com\/es\/wp-json\/wp\/v2\/media?parent=16330"}],"wp:term":[{"taxonomy":"product_brand","embeddable":true,"href":"https:\/\/ceoparts.com\/es\/wp-json\/wp\/v2\/product_brand?post=16330"},{"taxonomy":"product_cat","embeddable":true,"href":"https:\/\/ceoparts.com\/es\/wp-json\/wp\/v2\/product_cat?post=16330"},{"taxonomy":"product_tag","embeddable":true,"href":"https:\/\/ceoparts.com\/es\/wp-json\/wp\/v2\/product_tag?post=16330"}],"curies":[{"name":"wp","href":"https:\/\/api.w.org\/{rel}","templated":true}]}}