{"id":16357,"date":"2025-03-25T11:07:11","date_gmt":"2025-03-25T08:07:11","guid":{"rendered":"https:\/\/ceoparts.com\/?post_type=product&#038;p=16357"},"modified":"2026-05-16T16:34:21","modified_gmt":"2026-05-16T13:34:21","slug":"cat-forklift-yan-kapak-9701312800","status":"publish","type":"product","link":"https:\/\/ceoparts.com\/es\/urun\/cat-forklift-yan-kapak-9701312800\/","title":{"rendered":"Panel lateral para carretilla elevadora Cat &#8211; 9701312800"},"content":{"rendered":"<p>Panel lateral para carretilla elevadora Cat &#8211; 9701312800<\/p>","protected":false},"excerpt":{"rendered":"<p data-start=\"3240\" data-end=\"3558\">La <strong data-start=\"3243\" data-end=\"3293\">Tapa Lateral para Carretillas Cat \u2013 9701312800<\/strong> es una pieza original dise\u00f1ada para modelos de carretillas Cat. Protege el motor y los componentes internos de factores externos, mejora la seguridad laboral y garantiza una operaci\u00f3n prolongada del equipo. Fabricada con material resistente y de f\u00e1cil instalaci\u00f3n.<\/p>\n<p data-start=\"3560\" data-end=\"3582\"><strong data-start=\"3560\" data-end=\"3580\">Caracter\u00edsticas:<\/strong><\/p>\n<ul data-start=\"3583\" data-end=\"3730\">\n<li data-start=\"3583\" data-end=\"3629\">\n<p data-start=\"3585\" data-end=\"3629\">Compatible con: carretillas elevadoras Cat<\/p>\n<\/li>\n<li data-start=\"3630\" data-end=\"3673\">\n<p data-start=\"3632\" data-end=\"3673\">Protecci\u00f3n para motor y partes internas<\/p>\n<\/li>\n<li data-start=\"3674\" data-end=\"3708\">\n<p data-start=\"3676\" data-end=\"3708\">Material resistente y duradero<\/p>\n<\/li>\n<li data-start=\"3709\" data-end=\"3730\">\n<p data-start=\"3711\" data-end=\"3730\">F\u00e1cil de instalar<\/p>\n<\/li>\n<\/ul>\n","protected":false},"featured_media":16358,"template":"","meta":[],"product_brand":[],"product_cat":[472],"product_tag":[],"class_list":{"0":"post-16357","1":"product","2":"type-product","3":"status-publish","4":"has-post-thumbnail","6":"product_cat-kaporta-aksami","8":"first","9":"instock","10":"taxable","11":"shipping-taxable","12":"purchasable","13":"product-type-simple"},"_links":{"self":[{"href":"https:\/\/ceoparts.com\/es\/wp-json\/wp\/v2\/product\/16357","targetHints":{"allow":["GET"]}}],"collection":[{"href":"https:\/\/ceoparts.com\/es\/wp-json\/wp\/v2\/product"}],"about":[{"href":"https:\/\/ceoparts.com\/es\/wp-json\/wp\/v2\/types\/product"}],"wp:featuredmedia":[{"embeddable":true,"href":"https:\/\/ceoparts.com\/es\/wp-json\/wp\/v2\/media\/16358"}],"wp:attachment":[{"href":"https:\/\/ceoparts.com\/es\/wp-json\/wp\/v2\/media?parent=16357"}],"wp:term":[{"taxonomy":"product_brand","embeddable":true,"href":"https:\/\/ceoparts.com\/es\/wp-json\/wp\/v2\/product_brand?post=16357"},{"taxonomy":"product_cat","embeddable":true,"href":"https:\/\/ceoparts.com\/es\/wp-json\/wp\/v2\/product_cat?post=16357"},{"taxonomy":"product_tag","embeddable":true,"href":"https:\/\/ceoparts.com\/es\/wp-json\/wp\/v2\/product_tag?post=16357"}],"curies":[{"name":"wp","href":"https:\/\/api.w.org\/{rel}","templated":true}]}}