{"id":16363,"date":"2025-03-25T11:13:54","date_gmt":"2025-03-25T08:13:54","guid":{"rendered":"https:\/\/ceoparts.com\/?post_type=product&#038;p=16363"},"modified":"2026-05-16T15:28:44","modified_gmt":"2026-05-16T12:28:44","slug":"linde-basinc-sensoru-0009445008","status":"publish","type":"product","link":"https:\/\/ceoparts.com\/es\/urun\/linde-basinc-sensoru-0009445008\/","title":{"rendered":"Sensor de presi\u00f3n Linde &#8211; 0009445008"},"content":{"rendered":"<p>Sensor de presi\u00f3n Linde &#8211; 0009445008<\/p>","protected":false},"excerpt":{"rendered":"<p data-start=\"3440\" data-end=\"3740\">El <strong data-start=\"3443\" data-end=\"3483\">Sensor de presi\u00f3n Linde \u2013 0009445008<\/strong> es un sensor original utilizado para el control de presi\u00f3n hidr\u00e1ulica en carretillas elevadoras y equipos de almac\u00e9n Linde. Mide la presi\u00f3n del sistema en tiempo real y la transmite a la unidad de control, garantizando un funcionamiento seguro y eficiente.<\/p>\n<p data-start=\"3742\" data-end=\"3764\"><strong data-start=\"3742\" data-end=\"3762\">Caracter\u00edsticas:<\/strong><\/p>\n<ul data-start=\"3765\" data-end=\"3929\">\n<li data-start=\"3765\" data-end=\"3812\">\n<p data-start=\"3767\" data-end=\"3812\">Compatible con: carretillas y equipos Linde<\/p>\n<\/li>\n<li data-start=\"3813\" data-end=\"3847\">\n<p data-start=\"3815\" data-end=\"3847\">Medici\u00f3n de presi\u00f3n hidr\u00e1ulica<\/p>\n<\/li>\n<li data-start=\"3848\" data-end=\"3896\">\n<p data-start=\"3850\" data-end=\"3896\">Alta precisi\u00f3n y transmisi\u00f3n r\u00e1pida de datos<\/p>\n<\/li>\n<li data-start=\"3897\" data-end=\"3929\">\n<p data-start=\"3899\" data-end=\"3929\">Dise\u00f1o resistente y duradero<\/p>\n<\/li>\n<\/ul>\n","protected":false},"featured_media":16365,"template":"","meta":[],"product_brand":[],"product_cat":[246,461,523],"product_tag":[],"class_list":{"0":"post-16363","1":"product","2":"type-product","3":"status-publish","4":"has-post-thumbnail","6":"product_cat-linde","7":"product_cat-hidrolik-sistemi","8":"product_cat-yedek-parca-linde","10":"first","11":"instock","12":"taxable","13":"shipping-taxable","14":"purchasable","15":"product-type-simple"},"_links":{"self":[{"href":"https:\/\/ceoparts.com\/es\/wp-json\/wp\/v2\/product\/16363","targetHints":{"allow":["GET"]}}],"collection":[{"href":"https:\/\/ceoparts.com\/es\/wp-json\/wp\/v2\/product"}],"about":[{"href":"https:\/\/ceoparts.com\/es\/wp-json\/wp\/v2\/types\/product"}],"wp:featuredmedia":[{"embeddable":true,"href":"https:\/\/ceoparts.com\/es\/wp-json\/wp\/v2\/media\/16365"}],"wp:attachment":[{"href":"https:\/\/ceoparts.com\/es\/wp-json\/wp\/v2\/media?parent=16363"}],"wp:term":[{"taxonomy":"product_brand","embeddable":true,"href":"https:\/\/ceoparts.com\/es\/wp-json\/wp\/v2\/product_brand?post=16363"},{"taxonomy":"product_cat","embeddable":true,"href":"https:\/\/ceoparts.com\/es\/wp-json\/wp\/v2\/product_cat?post=16363"},{"taxonomy":"product_tag","embeddable":true,"href":"https:\/\/ceoparts.com\/es\/wp-json\/wp\/v2\/product_tag?post=16363"}],"curies":[{"name":"wp","href":"https:\/\/api.w.org\/{rel}","templated":true}]}}