{"id":16476,"date":"2025-03-27T10:30:51","date_gmt":"2025-03-27T07:30:51","guid":{"rendered":"https:\/\/ceoparts.com\/?post_type=product&#038;p=16476"},"modified":"2026-05-16T15:47:24","modified_gmt":"2026-05-16T12:47:24","slug":"250x80-80-tellure-rota-yuruyus-tekeri-95306114","status":"publish","type":"product","link":"https:\/\/ceoparts.com\/es\/urun\/250x80-80-tellure-rota-yuruyus-tekeri-95306114\/","title":{"rendered":"250&#215;80-80 Tellure Rota Rueda de paseo &#8211; 95306114"},"content":{"rendered":"<p>250&#215;80-80 Tellure Rota Rueda de paseo &#8211; 95306114<\/p>","protected":false},"excerpt":{"rendered":"<p data-start=\"3709\" data-end=\"4059\">La <strong data-start=\"3712\" data-end=\"3762\">Rueda motriz 250\u00d780-80 Tellure Rota \u2013 95306114<\/strong> est\u00e1 dise\u00f1ada para montacargas y equipos de manipulaci\u00f3n, garantizando alto rendimiento y uso duradero bajo cargas pesadas. Su recubrimiento de poliuretano resistente y estructura robusta ofrecen una maniobrabilidad superior sin dejar marcas en el suelo. Fabricada con la calidad de Tellure Rota.<\/p>\n<p data-start=\"4061\" data-end=\"4083\"><strong data-start=\"4061\" data-end=\"4081\">Caracter\u00edsticas:<\/strong><\/p>\n<ul data-start=\"4084\" data-end=\"4212\">\n<li data-start=\"4084\" data-end=\"4108\">\n<p data-start=\"4086\" data-end=\"4108\">Tama\u00f1o: 250\u00d780-80 mm<\/p>\n<\/li>\n<li data-start=\"4109\" data-end=\"4134\">\n<p data-start=\"4111\" data-end=\"4134\">Material: Poliuretano<\/p>\n<\/li>\n<li data-start=\"4135\" data-end=\"4158\">\n<p data-start=\"4137\" data-end=\"4158\">Marca: Tellure Rota<\/p>\n<\/li>\n<li data-start=\"4159\" data-end=\"4184\">\n<p data-start=\"4161\" data-end=\"4184\">Duradera y silenciosa<\/p>\n<\/li>\n<li data-start=\"4185\" data-end=\"4212\">\n<p data-start=\"4187\" data-end=\"4212\">Respetuosa con el suelo<\/p>\n<\/li>\n<\/ul>\n<p>OM Pimespo TSX20 Seri: F24522 \/ Komatsu MWP20F1RStill COP-H10 24K Seri: F21061 \/ 2016r. \/ CROWN WT30605<\/p>\n<p>OM Pimespo TSX20 Seri: F24522 \/ 95306114<\/p>\n","protected":false},"featured_media":16478,"template":"","meta":[],"product_brand":[],"product_cat":[241,244,272,275,412,414,193],"product_tag":[],"class_list":{"0":"post-16476","1":"product","2":"type-product","3":"status-publish","4":"has-post-thumbnail","6":"product_cat-still","7":"product_cat-yuruyus-tekeri-still","8":"product_cat-crown","9":"product_cat-yuruyus-tekeri-crown","10":"product_cat-tellure-rota","11":"product_cat-yuruyus-tekeri-rota","12":"product_cat-yuruyus-tekeri","14":"first","15":"instock","16":"taxable","17":"shipping-taxable","18":"purchasable","19":"product-type-simple"},"_links":{"self":[{"href":"https:\/\/ceoparts.com\/es\/wp-json\/wp\/v2\/product\/16476","targetHints":{"allow":["GET"]}}],"collection":[{"href":"https:\/\/ceoparts.com\/es\/wp-json\/wp\/v2\/product"}],"about":[{"href":"https:\/\/ceoparts.com\/es\/wp-json\/wp\/v2\/types\/product"}],"wp:featuredmedia":[{"embeddable":true,"href":"https:\/\/ceoparts.com\/es\/wp-json\/wp\/v2\/media\/16478"}],"wp:attachment":[{"href":"https:\/\/ceoparts.com\/es\/wp-json\/wp\/v2\/media?parent=16476"}],"wp:term":[{"taxonomy":"product_brand","embeddable":true,"href":"https:\/\/ceoparts.com\/es\/wp-json\/wp\/v2\/product_brand?post=16476"},{"taxonomy":"product_cat","embeddable":true,"href":"https:\/\/ceoparts.com\/es\/wp-json\/wp\/v2\/product_cat?post=16476"},{"taxonomy":"product_tag","embeddable":true,"href":"https:\/\/ceoparts.com\/es\/wp-json\/wp\/v2\/product_tag?post=16476"}],"curies":[{"name":"wp","href":"https:\/\/api.w.org\/{rel}","templated":true}]}}