{"id":16496,"date":"2025-03-29T12:35:30","date_gmt":"2025-03-29T09:35:30","guid":{"rendered":"https:\/\/ceoparts.com\/?post_type=product&#038;p=16496"},"modified":"2026-05-16T14:33:44","modified_gmt":"2026-05-16T11:33:44","slug":"jungheinrich-panel-51601358","status":"publish","type":"product","link":"https:\/\/ceoparts.com\/es\/urun\/jungheinrich-panel-51601358\/","title":{"rendered":"Panel Jungheinrich \u2013 51601358"},"content":{"rendered":"<p>Panel Jungheinrich \u2013 51601358<\/p>","protected":false},"excerpt":{"rendered":"<p data-start=\"3340\" data-end=\"3594\">Este panel de control est\u00e1 dise\u00f1ado para equipos Jungheinrich. Con n\u00famero de pieza 51601358, permite al operador manejar de forma segura y eficiente las funciones del equipo. Fabricado con materiales de alta calidad, ofrece durabilidad y larga vida \u00fatil.<\/p>\n<p data-start=\"3596\" data-end=\"3626\"><strong data-start=\"3596\" data-end=\"3626\">Especificaciones t\u00e9cnicas:<\/strong><\/p>\n<ul data-start=\"3627\" data-end=\"3831\">\n<li data-start=\"3627\" data-end=\"3650\">\n<p data-start=\"3629\" data-end=\"3650\">Marca: Jungheinrich<\/p>\n<\/li>\n<li data-start=\"3651\" data-end=\"3680\">\n<p data-start=\"3653\" data-end=\"3680\">N\u00famero de parte: 51601358<\/p>\n<\/li>\n<li data-start=\"3681\" data-end=\"3719\">\n<p data-start=\"3683\" data-end=\"3719\">Tipo de producto: Panel de control<\/p>\n<\/li>\n<li data-start=\"3720\" data-end=\"3793\">\n<p data-start=\"3722\" data-end=\"3793\">Aplicaci\u00f3n: Carretilla elevadora \/ Equipos el\u00e9ctricos de manipulaci\u00f3n<\/p>\n<\/li>\n<li data-start=\"3794\" data-end=\"3831\">\n<p data-start=\"3796\" data-end=\"3831\">Condici\u00f3n: Nuevo \/ Pieza original<\/p>\n<\/li>\n<\/ul>\n","protected":false},"featured_media":16497,"template":"","meta":[],"product_brand":[],"product_cat":[236,470,522],"product_tag":[],"class_list":{"0":"post-16496","1":"product","2":"type-product","3":"status-publish","4":"has-post-thumbnail","6":"product_cat-jungheinrich","7":"product_cat-diger-yedek-parcalar","8":"product_cat-yedek-parca-jungheinrich","10":"first","11":"instock","12":"taxable","13":"shipping-taxable","14":"purchasable","15":"product-type-simple"},"_links":{"self":[{"href":"https:\/\/ceoparts.com\/es\/wp-json\/wp\/v2\/product\/16496","targetHints":{"allow":["GET"]}}],"collection":[{"href":"https:\/\/ceoparts.com\/es\/wp-json\/wp\/v2\/product"}],"about":[{"href":"https:\/\/ceoparts.com\/es\/wp-json\/wp\/v2\/types\/product"}],"wp:featuredmedia":[{"embeddable":true,"href":"https:\/\/ceoparts.com\/es\/wp-json\/wp\/v2\/media\/16497"}],"wp:attachment":[{"href":"https:\/\/ceoparts.com\/es\/wp-json\/wp\/v2\/media?parent=16496"}],"wp:term":[{"taxonomy":"product_brand","embeddable":true,"href":"https:\/\/ceoparts.com\/es\/wp-json\/wp\/v2\/product_brand?post=16496"},{"taxonomy":"product_cat","embeddable":true,"href":"https:\/\/ceoparts.com\/es\/wp-json\/wp\/v2\/product_cat?post=16496"},{"taxonomy":"product_tag","embeddable":true,"href":"https:\/\/ceoparts.com\/es\/wp-json\/wp\/v2\/product_tag?post=16496"}],"curies":[{"name":"wp","href":"https:\/\/api.w.org\/{rel}","templated":true}]}}