{"id":16543,"date":"2025-04-04T14:19:39","date_gmt":"2025-04-04T11:19:39","guid":{"rendered":"https:\/\/ceoparts.com\/?post_type=product&#038;p=16543"},"modified":"2026-05-16T14:22:49","modified_gmt":"2026-05-16T11:22:49","slug":"jungheinrich-sensor-eje-51488224","status":"publish","type":"product","link":"https:\/\/ceoparts.com\/es\/urun\/jungheinrich-sensor-eje-51488224\/","title":{"rendered":"Sensor Jungheinrich \u2013 EJE 51488224"},"content":{"rendered":"<p>Sensor Jungheinrich \u2013 EJE 51488224<\/p>","protected":false},"excerpt":{"rendered":"<p data-start=\"3203\" data-end=\"3502\">Este sensor est\u00e1 dise\u00f1ado espec\u00edficamente para los transpalets el\u00e9ctricos de la serie EJE de Jungheinrich. Con n\u00famero de pieza 51488224, proporciona una detecci\u00f3n precisa en sistemas de movimiento y control, asegurando un funcionamiento seguro y eficiente. Construcci\u00f3n duradera para uso prolongado.<\/p>\n<p data-start=\"3504\" data-end=\"3534\"><strong data-start=\"3504\" data-end=\"3534\">Especificaciones t\u00e9cnicas:<\/strong><\/p>\n<ul data-start=\"3535\" data-end=\"3688\">\n<li data-start=\"3535\" data-end=\"3558\">\n<p data-start=\"3537\" data-end=\"3558\">Marca: Jungheinrich<\/p>\n<\/li>\n<li data-start=\"3559\" data-end=\"3591\">\n<p data-start=\"3561\" data-end=\"3591\">Modelo compatible: Serie EJE<\/p>\n<\/li>\n<li data-start=\"3592\" data-end=\"3621\">\n<p data-start=\"3594\" data-end=\"3621\">N\u00famero de pieza: 51488224<\/p>\n<\/li>\n<li data-start=\"3622\" data-end=\"3650\">\n<p data-start=\"3624\" data-end=\"3650\">Tipo de producto: Sensor<\/p>\n<\/li>\n<li data-start=\"3651\" data-end=\"3688\">\n<p data-start=\"3653\" data-end=\"3688\">Condici\u00f3n: Nuevo \/ Pieza originalv<\/p>\n<\/li>\n<\/ul>\n","protected":false},"featured_media":16544,"template":"","meta":[],"product_brand":[],"product_cat":[236,469,522],"product_tag":[],"class_list":{"0":"post-16543","1":"product","2":"type-product","3":"status-publish","4":"has-post-thumbnail","6":"product_cat-jungheinrich","7":"product_cat-elektrik-ve-sistem-parcalari","8":"product_cat-yedek-parca-jungheinrich","10":"first","11":"instock","12":"taxable","13":"shipping-taxable","14":"purchasable","15":"product-type-simple"},"_links":{"self":[{"href":"https:\/\/ceoparts.com\/es\/wp-json\/wp\/v2\/product\/16543","targetHints":{"allow":["GET"]}}],"collection":[{"href":"https:\/\/ceoparts.com\/es\/wp-json\/wp\/v2\/product"}],"about":[{"href":"https:\/\/ceoparts.com\/es\/wp-json\/wp\/v2\/types\/product"}],"wp:featuredmedia":[{"embeddable":true,"href":"https:\/\/ceoparts.com\/es\/wp-json\/wp\/v2\/media\/16544"}],"wp:attachment":[{"href":"https:\/\/ceoparts.com\/es\/wp-json\/wp\/v2\/media?parent=16543"}],"wp:term":[{"taxonomy":"product_brand","embeddable":true,"href":"https:\/\/ceoparts.com\/es\/wp-json\/wp\/v2\/product_brand?post=16543"},{"taxonomy":"product_cat","embeddable":true,"href":"https:\/\/ceoparts.com\/es\/wp-json\/wp\/v2\/product_cat?post=16543"},{"taxonomy":"product_tag","embeddable":true,"href":"https:\/\/ceoparts.com\/es\/wp-json\/wp\/v2\/product_tag?post=16543"}],"curies":[{"name":"wp","href":"https:\/\/api.w.org\/{rel}","templated":true}]}}