{"id":16610,"date":"2025-04-05T11:04:21","date_gmt":"2025-04-05T08:04:21","guid":{"rendered":"https:\/\/ceoparts.com\/?post_type=product&#038;p=16610"},"modified":"2026-05-16T15:32:23","modified_gmt":"2026-05-16T12:32:23","slug":"hyster-kumanda-kolu-4014597","status":"publish","type":"product","link":"https:\/\/ceoparts.com\/es\/urun\/hyster-kumanda-kolu-4014597\/","title":{"rendered":"Palanca de control Hyster &#8211; 4014597"},"content":{"rendered":"<p>Palanca de control Hyster &#8211; 4014597<\/p>","protected":false},"excerpt":{"rendered":"<p data-start=\"3000\" data-end=\"3262\">La <strong data-start=\"3003\" data-end=\"3040\">Palanca de mando Hyster \u2013 4014597<\/strong> se utiliza en carretillas elevadoras y equipos de almac\u00e9n Hyster, garantizando un control preciso y seguro de los sistemas hidr\u00e1ulicos y el\u00e9ctricos. Su estructura robusta y dise\u00f1o ergon\u00f3mico permiten una operaci\u00f3n c\u00f3moda.<\/p>\n<p data-start=\"3264\" data-end=\"3286\"><strong data-start=\"3264\" data-end=\"3284\">Caracter\u00edsticas:<\/strong><\/p>\n<ul data-start=\"3287\" data-end=\"3448\">\n<li data-start=\"3287\" data-end=\"3325\">\n<p data-start=\"3289\" data-end=\"3325\">Tipo de producto: Palanca de mando<\/p>\n<\/li>\n<li data-start=\"3326\" data-end=\"3354\">\n<p data-start=\"3328\" data-end=\"3354\">Marca compatible: Hyster<\/p>\n<\/li>\n<li data-start=\"3355\" data-end=\"3383\">\n<p data-start=\"3357\" data-end=\"3383\">N\u00famero de pieza: 4014597<\/p>\n<\/li>\n<li data-start=\"3384\" data-end=\"3405\">\n<p data-start=\"3386\" data-end=\"3405\">Dise\u00f1o ergon\u00f3mico<\/p>\n<\/li>\n<li data-start=\"3406\" data-end=\"3448\">\n<p data-start=\"3408\" data-end=\"3448\">Para sistemas hidr\u00e1ulicos y el\u00e9ctricos<\/p>\n<\/li>\n<\/ul>\n","protected":false},"featured_media":16615,"template":"","meta":[],"product_brand":[],"product_cat":[256,450,520],"product_tag":[],"class_list":{"0":"post-16610","1":"product","2":"type-product","3":"status-publish","4":"has-post-thumbnail","6":"product_cat-hyster","7":"product_cat-direksiyon-sistemleri","8":"product_cat-yedek-parca-hyster","10":"first","11":"instock","12":"taxable","13":"shipping-taxable","14":"purchasable","15":"product-type-simple"},"_links":{"self":[{"href":"https:\/\/ceoparts.com\/es\/wp-json\/wp\/v2\/product\/16610","targetHints":{"allow":["GET"]}}],"collection":[{"href":"https:\/\/ceoparts.com\/es\/wp-json\/wp\/v2\/product"}],"about":[{"href":"https:\/\/ceoparts.com\/es\/wp-json\/wp\/v2\/types\/product"}],"wp:featuredmedia":[{"embeddable":true,"href":"https:\/\/ceoparts.com\/es\/wp-json\/wp\/v2\/media\/16615"}],"wp:attachment":[{"href":"https:\/\/ceoparts.com\/es\/wp-json\/wp\/v2\/media?parent=16610"}],"wp:term":[{"taxonomy":"product_brand","embeddable":true,"href":"https:\/\/ceoparts.com\/es\/wp-json\/wp\/v2\/product_brand?post=16610"},{"taxonomy":"product_cat","embeddable":true,"href":"https:\/\/ceoparts.com\/es\/wp-json\/wp\/v2\/product_cat?post=16610"},{"taxonomy":"product_tag","embeddable":true,"href":"https:\/\/ceoparts.com\/es\/wp-json\/wp\/v2\/product_tag?post=16610"}],"curies":[{"name":"wp","href":"https:\/\/api.w.org\/{rel}","templated":true}]}}